{"id":1210,"date":"2024-02-21T06:32:33","date_gmt":"2024-02-21T06:32:33","guid":{"rendered":"https:\/\/3ds-solutions.eu\/?post_type=product&#038;p=1210"},"modified":"2024-02-23T10:02:35","modified_gmt":"2024-02-23T09:02:35","slug":"ireal-3d-mapping-software","status":"publish","type":"product","link":"https:\/\/3ds-solutions.eu\/si\/product\/ireal-3d-mapping-software\/","title":{"rendered":"iReal - Programska oprema za 3D mapiranje"},"content":{"rendered":"<p><strong>Dobra prilagodljivost in vsestranskost<\/strong><\/p>\n<p>Z njim je mogo\u010de izpolniti zahteve po pravih barvnih 3D-modelih skoraj vsakega predmeta. Poleg tega lahko uvozi podatke stl\/obj iz vseh znamk 3D skenerjev (3D skenerji Scantech imajo posebno optimizacijo in bolj\u0161o prilagodljivost), kar omogo\u010da, da ugodi potrebam po teksturi strankam, ki uporabljajo opremo razli\u010dnih znamk.<\/p>\n<p><strong>Enostavno upravljanje, u\u010dinkovita izvedba<\/strong><\/p>\n<p>Ve\u010d kot 95 % vseh postopkov je avtomatiziranih. Njegova uporaba je preprosta tudi za 3D in\u017eenirje brez predhodnega usposabljanja. Visoko integriran in izpopolnjen sistem in\u017eenirjem omogo\u010da, da ustvarjanje in izpopolnjevanje tekstur (za standardne modele) dokon\u010dajo v 30 minutah.<\/p>\n<p><strong>Obdelava na enem mestu<\/strong><\/p>\n<p>Kadar je treba popraviti lokalne teksture, lahko in\u017eenirji dokon\u010dajo celoten postopek v programu z uporabo funkcij, kot so urejanje linij \u0161ivov, zamenjava ene fotografije, izravnava barv z enim klikom in dovr\u0161itev z vti\u010dnikom Photoshop.<\/p>\n<p><strong>Visoka lo\u010dljivost, kakovost brez izgub<\/strong><\/p>\n<p>Izhodni izdelek posameznega modela podpira lo\u010dljivosti 4k\/8K\/16K in ve\u010d tekstur 16K (polna lo\u010dljivost), pri \u010demer se ohranijo vse informacije o teksturah iz prvotno zajetega posnetka, dose\u017ee se ni\u010delna izguba lo\u010dljivosti posnetka in v najve\u010dji mo\u017eni meri povrne vsako podrobnost.<\/p>\n<p><strong>Natan\u010dna upodobitev<\/strong><\/p>\n<p>Naravno in brez\u0161ivno zdru\u017eevanje tekstur, natan\u010dnost tekstur \u2264 0,1 mm, barvna enakomernost (skladnost barv med \u0161tevilnimi posnetki) \u2265 95 %; nepopolnosti posnetkov (preslikava tujih predmetov, svetli deli, onesna\u017eenje objektiva itd.) \u2264 0,01 %.<\/p>","protected":false},"excerpt":{"rendered":"<p>Scantechova programska oprema iReal 3D Mapping Software je izdelana posebej za 3D skenerje (in jo je mogo\u010de prilagoditi za ve\u010d blagovnih znamk). Slike z ve\u010d kotov, pridobljene z mobilnimi telefoni ali digitalnimi zrcalno-refleksnimi fotoaparati, preslika na model 3D-skeniranja, s \u010dimer nastane zelo natan\u010den 3D-model z visoko lo\u010dljivostjo in resni\u010dnimi barvami. Njegov algoritem zdru\u017euje 3D fotogrametrijo, prepoznavanje slik z umetno inteligenco, zdru\u017eevanje tekstur in metode urejanja linij \u0161ivov. Strankam ponuja naprednej\u0161e re\u0161itve na podro\u010djih, kot so 3D digitalizacija kulturne dedi\u0161\u010dine, 3D prikazovanje, VR e-trgovanje, gradnja 3D podatkovnih baz in ve\u010d.<\/p>\n<p>Potek polavtomatske obdelave poenostavlja operacije in od in\u017eenirjev zahteva razmeroma osnovna strokovna znanja. Medtem se je \u010das obdelave teksture za vsak obi\u010dajen element skraj\u0161al na pol ure, medtem ko standardna metoda za vsak element potrebuje vsaj 2-5 ur. Poleg tega je zaradi avtomatiziranega pristopa enemu in\u017eenirju mogo\u010de zagotoviti ve\u010dje \u0161tevilo ra\u010dunalnikov za hkratno obdelavo ve\u010d modelov, kar znatno izbolj\u0161a u\u010dinkovitost izdelave in zni\u017ea proizvodne stro\u0161ke pri ustvarjanju barvnih 3D-modelov.<\/p>","protected":false},"featured_media":1223,"template":"","meta":{"_uag_custom_page_level_css":"","site-sidebar-layout":"default","site-content-layout":"","ast-site-content-layout":"default","site-content-style":"default","site-sidebar-style":"default","ast-global-header-display":"","ast-banner-title-visibility":"","ast-main-header-display":"","ast-hfb-above-header-display":"","ast-hfb-below-header-display":"","ast-hfb-mobile-header-display":"","site-post-title":"","ast-breadcrumbs-content":"","ast-featured-img":"","footer-sml-layout":"","theme-transparent-header-meta":"default","adv-header-id-meta":"","stick-header-meta":"","header-above-stick-meta":"","header-main-stick-meta":"","header-below-stick-meta":"","astra-migrate-meta-layouts":"set","ast-page-background-enabled":"default","ast-page-background-meta":{"desktop":{"background-color":"var(--ast-global-color-4)","background-image":"","background-repeat":"repeat","background-position":"center center","background-size":"auto","background-attachment":"scroll","background-type":"","background-media":"","overlay-type":"","overlay-color":"","overlay-gradient":""},"tablet":{"background-color":"","background-image":"","background-repeat":"repeat","background-position":"center center","background-size":"auto","background-attachment":"scroll","background-type":"","background-media":"","overlay-type":"","overlay-color":"","overlay-gradient":""},"mobile":{"background-color":"","background-image":"","background-repeat":"repeat","background-position":"center center","background-size":"auto","background-attachment":"scroll","background-type":"","background-media":"","overlay-type":"","overlay-color":"","overlay-gradient":""}},"ast-content-background-meta":{"desktop":{"background-color":"var(--ast-global-color-5)","background-image":"","background-repeat":"repeat","background-position":"center center","background-size":"auto","background-attachment":"scroll","background-type":"","background-media":"","overlay-type":"","overlay-color":"","overlay-gradient":""},"tablet":{"background-color":"var(--ast-global-color-5)","background-image":"","background-repeat":"repeat","background-position":"center center","background-size":"auto","background-attachment":"scroll","background-type":"","background-media":"","overlay-type":"","overlay-color":"","overlay-gradient":""},"mobile":{"background-color":"var(--ast-global-color-5)","background-image":"","background-repeat":"repeat","background-position":"center center","background-size":"auto","background-attachment":"scroll","background-type":"","background-media":"","overlay-type":"","overlay-color":"","overlay-gradient":""}}},"product_cat":[19],"product_tag":[],"class_list":{"0":"post-1210","1":"product","2":"type-product","3":"status-publish","4":"has-post-thumbnail","6":"product_cat-3d-software","7":"desktop-align-left","8":"tablet-align-left","9":"mobile-align-left","11":"first","12":"instock","13":"shipping-taxable","14":"product-type-simple"},"uagb_featured_image_src":{"full":["https:\/\/3ds-solutions.eu\/wp-content\/uploads\/2024\/02\/Ireal_map_laptop_1.png",1100,1100,false],"thumbnail":["https:\/\/3ds-solutions.eu\/wp-content\/uploads\/2024\/02\/Ireal_map_laptop_1-150x150.png",150,150,true],"medium":["https:\/\/3ds-solutions.eu\/wp-content\/uploads\/2024\/02\/Ireal_map_laptop_1-300x300.png",300,300,true],"medium_large":["https:\/\/3ds-solutions.eu\/wp-content\/uploads\/2024\/02\/Ireal_map_laptop_1-768x768.png",768,768,true],"large":["https:\/\/3ds-solutions.eu\/wp-content\/uploads\/2024\/02\/Ireal_map_laptop_1-1024x1024.png",1024,1024,true],"1536x1536":["https:\/\/3ds-solutions.eu\/wp-content\/uploads\/2024\/02\/Ireal_map_laptop_1.png",1100,1100,false],"2048x2048":["https:\/\/3ds-solutions.eu\/wp-content\/uploads\/2024\/02\/Ireal_map_laptop_1.png",1100,1100,false],"trp-custom-language-flag":["https:\/\/3ds-solutions.eu\/wp-content\/uploads\/2024\/02\/Ireal_map_laptop_1-12x12.png",12,12,true],"woocommerce_thumbnail":["https:\/\/3ds-solutions.eu\/wp-content\/uploads\/2024\/02\/Ireal_map_laptop_1-600x600.png",600,600,true],"woocommerce_single":["https:\/\/3ds-solutions.eu\/wp-content\/uploads\/2024\/02\/Ireal_map_laptop_1-600x600.png",600,600,true],"woocommerce_gallery_thumbnail":["https:\/\/3ds-solutions.eu\/wp-content\/uploads\/2024\/02\/Ireal_map_laptop_1-100x100.png",100,100,true]},"uagb_author_info":{"display_name":"Sandi Sukic","author_link":"https:\/\/3ds-solutions.eu\/si\/author\/"},"uagb_comment_info":0,"uagb_excerpt":"Scantech's iReal 3D Mapping Software is specifically built for 3D scanners (and may be adapted to multiple brands). It will map multi-angle images acquired with mobile phones or DSLRs to the 3D scan model, resulting in a high-precision, high-definition, and true-color 3D model. Its algorithm integrates 3D photogrammetry, AI image recognition, texture fusion, and seam&hellip;","_links":{"self":[{"href":"https:\/\/3ds-solutions.eu\/si\/wp-json\/wp\/v2\/product\/1210","targetHints":{"allow":["GET"]}}],"collection":[{"href":"https:\/\/3ds-solutions.eu\/si\/wp-json\/wp\/v2\/product"}],"about":[{"href":"https:\/\/3ds-solutions.eu\/si\/wp-json\/wp\/v2\/types\/product"}],"wp:featuredmedia":[{"embeddable":true,"href":"https:\/\/3ds-solutions.eu\/si\/wp-json\/wp\/v2\/media\/1223"}],"wp:attachment":[{"href":"https:\/\/3ds-solutions.eu\/si\/wp-json\/wp\/v2\/media?parent=1210"}],"wp:term":[{"taxonomy":"product_cat","embeddable":true,"href":"https:\/\/3ds-solutions.eu\/si\/wp-json\/wp\/v2\/product_cat?post=1210"},{"taxonomy":"product_tag","embeddable":true,"href":"https:\/\/3ds-solutions.eu\/si\/wp-json\/wp\/v2\/product_tag?post=1210"}],"curies":[{"name":"wp","href":"https:\/\/api.w.org\/{rel}","templated":true}]}}