{"id":1206,"date":"2024-02-21T06:30:26","date_gmt":"2024-02-21T06:30:26","guid":{"rendered":"https:\/\/3ds-solutions.eu\/?post_type=product&#038;p=1206"},"modified":"2024-02-26T07:11:00","modified_gmt":"2024-02-26T06:11:00","slug":"ireal-3d-scanning-software","status":"publish","type":"product","link":"https:\/\/3ds-solutions.eu\/si\/product\/ireal-3d-scanning-software\/","title":{"rendered":"iReal - Programska oprema za 3D skeniranje"},"content":{"rendered":"<p><strong>Natan\u010dno skeniranje v realnem \u010dasu<\/strong><\/p>\n<p>iReal 3D uvaja inovativne metode za skeniranje z neverjetno zdru\u017eljivostjo v nizkih in visokih lo\u010dljivostih, s \u010dimer dose\u017ee idealno kombinacijo u\u010dinkovitosti in kakovosti. Nova funkcija uporabnikom omogo\u010da, da 3D-skenerje postavijo blizu obmo\u010dij za pridobitev drobnih 3D-modelov (lo\u010dljivost do 0,2 mm), kot tudi skeniranje obmo\u010dij z malo podrobnostmi na veliki razdalji za ve\u010dje vidno polje, kar zmanj\u0161a napake pri poravnavi in \u010das skeniranja (razdalja skeniranja do 1 000 mm).<\/p>\n<p><strong>Pametni barvni prikaz<\/strong><\/p>\n<p>Ta nova funkcija strankam omogo\u010da spremljanje postopka skeniranja v realnem \u010dasu, kar zagotavlja natan\u010dne rezultate skeniranja. Med skeniranjem predmeta zeleni barvni zemljevid nakazuje kakovosten zajem podatkov, medtem ko rde\u010da barva nakazuje nasprotno. Vidne spremembe barve so uporabne za dolo\u010danje kakovosti podatkov, pri \u010demer lahko pri skeniranju od blizu in ve\u010d kotov rde\u010da barva preide v zeleno.<\/p>\n<p><strong>Preklapljanje med razli\u010dnimi prikazi<\/strong><\/p>\n<p>Programska oprema za 3D skeniranje iReal omogo\u010da preklapljanje med razli\u010dnimi prikazi: med vmesnikom projekta, oblakom to\u010dk, datotekami z mre\u017eo in barvnim prikazom. Omogo\u010da vam, da se premaknete nazaj v projektni vmesnik za nadaljevanje skeniranja in nastavitev novih lo\u010dljivosti ali v vmesnik oblaka to\u010dk za ponovno dokon\u010danje ali optimizacijo datotek mre\u017e. Uporabniki lahko eksperimentirajo z razli\u010dnimi rezultati 3D-skeniranja pri razli\u010dnih nastavitvah parametrov, ne da bi bili omejeni pri \u0161tevilu ponovitev, celoten postopek delovanja pa je dovolj preprost za za\u010detnike.<\/p>\n<p><strong>Izbris podatkov po posameznem posnetku<\/strong><\/p>\n<p>\u010ce pride do napake pri skeniranju, lahko izberemo brisanje podatkov lokalnega oblaka to\u010dk in ponovno skeniranje delov ali priklic neustreznih podatkov po posameznih posnetkih, da bistveno prihranimo delovni \u010das na kraju samem in izbolj\u0161amo kakovost skeniranja.<\/p>\n<p><strong>Brezhiben prehod na GOM inspect<\/strong><\/p>\n<p>Programska oprema za 3D-skeniranje iReal deluje dobro s 3D programsko opremo GOM Inspect. Po pridobitvi podatkov STL lahko preko vmesnika za neposredno branje s programom GOM Inspect opravi identifikacijo, primerjavo, analizo in obdelavo podatkov ter tako uporabnikom programa iReal 3D zagotovi zelo natan\u010dne podatke.<\/p>\n<p><strong>3D identifikacija in merjenje<\/strong><\/p>\n<p>Dolo\u010di lahko dol\u017eino med to\u010dkami, kot med \u010drtami in ukrivljeno povr\u0161ino trikotni\u0161kih mre\u017e v 3D-modelih. Izbolj\u0161anje mre\u017ee pomaga zgladiti robove podatkov 3D mre\u017ee, kar izbolj\u0161a natan\u010dnost meritev. Ta sposobnost zadostuje preprostim potrebam po 3D-merjenju pri vsakdanjem delu.<\/p>\n<p><strong>Poravnava modela<\/strong><\/p>\n<p>Omogo\u010da registracijo datotek oblaka to\u010dk za izdelavo popolnega 3D-modela, kadar je potrebnih ve\u010d skeniranj, vklju\u010dno z velikimi podatki, ustvarjenimi za skeniranje velikih predmetov, ter poravnavo sprednje in zadnje strani za majhne predmete. Ko sta dve barvni datoteki oblaka to\u010dk poravnani, se lahko informacije o barvi in teksturi uporabijo za ustvarjanje barvnega trikotni\u0161kega mre\u017enega modela (format datoteke OBJ).<\/p>\n<p><strong>Skeniranje majhnih tankostenskih odlitkov<\/strong><\/p>\n<p>Pri skeniranju majhnega tankostenskega odlitka po nanosu zadostnega \u0161tevila markerjev na sprednjo in zadnjo povr\u0161ino postavite to\u010dko za markiranje na vsako od treh strani roba. V na\u010dinu poravnave markerjev se markerske to\u010dke na sprednji in zadnji strani samodejno poravnajo z uporabo treh skupnih markerskih to\u010dk na robu.<\/p>\n<p><strong>Obnovitev podatkov<\/strong><\/p>\n<p>\u010ce se programska oprema nepri\u010dakovano zapre, lahko podatke samodejno obnovite s ponovnim zagonom programske opreme brez ponovnega skeniranja, kar zmanj\u0161a mo\u017enost nepri\u010dakovane zaustavitve in pove\u010da u\u010dinkovitost dela.<\/p>","protected":false},"excerpt":{"rendered":"<p>Programska oprema za skeniranje 3D s strukturirano svetlobo z vsemi funkcijami, ki jih potrebujete. Programska oprema za skeniranje iReal 3D je zdru\u017eljiva s skenerji iReal 3D in vam omogo\u010da ogled rezultatov skeniranja v realnem \u010dasu ter urejanje modela 3D skeniranja v programski opremi. Ima funkcijo matcap, pametno diagnostiko, registracijo N-to\u010dk in druge funkcije, zaradi katerih je 3D-skeniranje veliko la\u017eje kot prej.<\/p>","protected":false},"featured_media":1225,"template":"","meta":{"_uag_custom_page_level_css":"","site-sidebar-layout":"default","site-content-layout":"","ast-site-content-layout":"default","site-content-style":"default","site-sidebar-style":"default","ast-global-header-display":"","ast-banner-title-visibility":"","ast-main-header-display":"","ast-hfb-above-header-display":"","ast-hfb-below-header-display":"","ast-hfb-mobile-header-display":"","site-post-title":"","ast-breadcrumbs-content":"","ast-featured-img":"","footer-sml-layout":"","theme-transparent-header-meta":"default","adv-header-id-meta":"","stick-header-meta":"","header-above-stick-meta":"","header-main-stick-meta":"","header-below-stick-meta":"","astra-migrate-meta-layouts":"set","ast-page-background-enabled":"default","ast-page-background-meta":{"desktop":{"background-color":"var(--ast-global-color-4)","background-image":"","background-repeat":"repeat","background-position":"center center","background-size":"auto","background-attachment":"scroll","background-type":"","background-media":"","overlay-type":"","overlay-color":"","overlay-gradient":""},"tablet":{"background-color":"","background-image":"","background-repeat":"repeat","background-position":"center center","background-size":"auto","background-attachment":"scroll","background-type":"","background-media":"","overlay-type":"","overlay-color":"","overlay-gradient":""},"mobile":{"background-color":"","background-image":"","background-repeat":"repeat","background-position":"center center","background-size":"auto","background-attachment":"scroll","background-type":"","background-media":"","overlay-type":"","overlay-color":"","overlay-gradient":""}},"ast-content-background-meta":{"desktop":{"background-color":"var(--ast-global-color-5)","background-image":"","background-repeat":"repeat","background-position":"center center","background-size":"auto","background-attachment":"scroll","background-type":"","background-media":"","overlay-type":"","overlay-color":"","overlay-gradient":""},"tablet":{"background-color":"var(--ast-global-color-5)","background-image":"","background-repeat":"repeat","background-position":"center center","background-size":"auto","background-attachment":"scroll","background-type":"","background-media":"","overlay-type":"","overlay-color":"","overlay-gradient":""},"mobile":{"background-color":"var(--ast-global-color-5)","background-image":"","background-repeat":"repeat","background-position":"center center","background-size":"auto","background-attachment":"scroll","background-type":"","background-media":"","overlay-type":"","overlay-color":"","overlay-gradient":""}}},"product_cat":[19],"product_tag":[],"class_list":{"0":"post-1206","1":"product","2":"type-product","3":"status-publish","4":"has-post-thumbnail","6":"product_cat-3d-software","7":"desktop-align-left","8":"tablet-align-left","9":"mobile-align-left","11":"first","12":"instock","13":"shipping-taxable","14":"product-type-simple"},"uagb_featured_image_src":{"full":["https:\/\/3ds-solutions.eu\/wp-content\/uploads\/2024\/02\/Ireal_scan_laptop_1.png",1100,1100,false],"thumbnail":["https:\/\/3ds-solutions.eu\/wp-content\/uploads\/2024\/02\/Ireal_scan_laptop_1-150x150.png",150,150,true],"medium":["https:\/\/3ds-solutions.eu\/wp-content\/uploads\/2024\/02\/Ireal_scan_laptop_1-300x300.png",300,300,true],"medium_large":["https:\/\/3ds-solutions.eu\/wp-content\/uploads\/2024\/02\/Ireal_scan_laptop_1-768x768.png",768,768,true],"large":["https:\/\/3ds-solutions.eu\/wp-content\/uploads\/2024\/02\/Ireal_scan_laptop_1-1024x1024.png",1024,1024,true],"1536x1536":["https:\/\/3ds-solutions.eu\/wp-content\/uploads\/2024\/02\/Ireal_scan_laptop_1.png",1100,1100,false],"2048x2048":["https:\/\/3ds-solutions.eu\/wp-content\/uploads\/2024\/02\/Ireal_scan_laptop_1.png",1100,1100,false],"trp-custom-language-flag":["https:\/\/3ds-solutions.eu\/wp-content\/uploads\/2024\/02\/Ireal_scan_laptop_1-12x12.png",12,12,true],"woocommerce_thumbnail":["https:\/\/3ds-solutions.eu\/wp-content\/uploads\/2024\/02\/Ireal_scan_laptop_1-600x600.png",600,600,true],"woocommerce_single":["https:\/\/3ds-solutions.eu\/wp-content\/uploads\/2024\/02\/Ireal_scan_laptop_1-600x600.png",600,600,true],"woocommerce_gallery_thumbnail":["https:\/\/3ds-solutions.eu\/wp-content\/uploads\/2024\/02\/Ireal_scan_laptop_1-100x100.png",100,100,true]},"uagb_author_info":{"display_name":"Sandi Sukic","author_link":"https:\/\/3ds-solutions.eu\/si\/author\/"},"uagb_comment_info":0,"uagb_excerpt":"A structured light 3D scanner software with all of the features you need. The iReal 3D scanning software is compatible with the iReal 3D scanners, allowing you to view real-time scan results and edit the 3D scan model within the software. It has matcap function, smart diagnostic, N-point registration, and other features that make 3D&hellip;","_links":{"self":[{"href":"https:\/\/3ds-solutions.eu\/si\/wp-json\/wp\/v2\/product\/1206","targetHints":{"allow":["GET"]}}],"collection":[{"href":"https:\/\/3ds-solutions.eu\/si\/wp-json\/wp\/v2\/product"}],"about":[{"href":"https:\/\/3ds-solutions.eu\/si\/wp-json\/wp\/v2\/types\/product"}],"wp:featuredmedia":[{"embeddable":true,"href":"https:\/\/3ds-solutions.eu\/si\/wp-json\/wp\/v2\/media\/1225"}],"wp:attachment":[{"href":"https:\/\/3ds-solutions.eu\/si\/wp-json\/wp\/v2\/media?parent=1206"}],"wp:term":[{"taxonomy":"product_cat","embeddable":true,"href":"https:\/\/3ds-solutions.eu\/si\/wp-json\/wp\/v2\/product_cat?post=1206"},{"taxonomy":"product_tag","embeddable":true,"href":"https:\/\/3ds-solutions.eu\/si\/wp-json\/wp\/v2\/product_tag?post=1206"}],"curies":[{"name":"wp","href":"https:\/\/api.w.org\/{rel}","templated":true}]}}