{"id":1201,"date":"2024-02-20T13:52:23","date_gmt":"2024-02-20T13:52:23","guid":{"rendered":"https:\/\/3ds-solutions.eu\/?post_type=product&#038;p=1201"},"modified":"2024-02-23T10:02:16","modified_gmt":"2024-02-23T09:02:16","slug":"glopho-photogrammetry-software","status":"publish","type":"product","link":"https:\/\/3ds-solutions.eu\/si\/product\/glopho-photogrammetry-software\/","title":{"rendered":"Glopho - Programska oprema za fotogrametrijo"},"content":{"rendered":"<p><b>Visoka natan\u010dnost<\/b><\/p>\n<p>Glopho zagotavlja popoln nabor orodij za vse delovne postopke fotogrametrije, vklju\u010dno z napredno zasnovo operativnih postopkov in preprostim uporabni\u0161kim vmesnikom. Zaradi naprednih algoritmov lahko njegova natan\u010dnost merjenja koordinat dose\u017ee 0,012 mm\/m. Iz izra\u010dunov lahko samodejno odstrani cilje z veliko napako RMS in tako izbolj\u0161a natan\u010dnost. S prepri\u010dljivo zmogljivostjo na podro\u010dju fotogrametrije je sposoben upravljati zahteve za srednje velike do velike dele.<\/p>\n<p><b>Inteligentna indikacija<\/b><\/p>\n<p>Vmesnik intuitivno prikazuje vse informacije o zajemanju, vklju\u010dno z razdaljo zajemanja, koti zajemanja in \u0161tevilom zajetih posnetkov. Uporabniki lahko intuitivno spremljajo stanje zajemanja z uporabo kodiranih tar\u010d in merilnih lestvic v petih barvah, ki ozna\u010dujejo razli\u010dne stopnje zbiranja podatkov. Ko se pojavijo napake, se prika\u017eejo inteligentni kazalniki. Posledi\u010dno lahko uporabniki spremenijo kote zajemanja ali ponovno posnamejo tar\u010de, ki nimajo dovolj kotov zajemanja, da bi dosegli visoko natan\u010dnost.<\/p>\n<p><b>Premi\u010dne in prilagojene merilne letvice<\/b><\/p>\n<p>Za izbolj\u0161anje u\u010dinkovitosti in natan\u010dnosti sistem Glopho omogo\u010da uporabo ve\u010d merilnih lestvic kot izhodi\u0161\u010da pri zbiranju podatkov za predmete, dalj\u0161e od 3 metrov. Po zajemu in shranjevanju podatkov za lestvico se lahko uporabniki odlo\u010dijo, da jo premaknejo na drug polo\u017eaj. Na ta na\u010din je mogo\u010de izbolj\u0161ati natan\u010dnost, ne da bi bilo treba uporabiti dodatne merilne lestvice. Program Glopho je zdru\u017eljiv s prilagojenimi lestvicami in tudi s tistimi, ki niso prilo\u017eene, kar prispeva k njegovi izjemni prilagodljivosti.<\/p>\n<p><b>Adapter za merjenje elementov<\/b><\/p>\n<p>Omogo\u010da preprosto signalizacijo z uporabo standardnih in prilagojenih adapterjev za merjenje elementov. Ko je postopek fotogrametrije kon\u010dan, lahko tehniki in in\u017eenirji pridobijo geometrijske podrobnosti obdelovanca, kot so meje in sredi\u0161\u010de luknje. Odli\u010den je za merjenje kontrolnih orodij, lukenj v plo\u010devini in valjastih delov, s \u010dimer pove\u010da u\u010dinkovitost merjenja na velikih delih.<\/p>\n<p><b>Uporabniku prijazno upravljanje<\/b><\/p>\n<p>Glopho na vmesniku prika\u017ee celoten postopek zajemanja, kar uporabnikom omogo\u010da odpravljanje morebitnih te\u017eav. Pomaga jim nadaljevati prekinjena opravila z uvozom projektnih datotek z enim samim klikom. Uporabniki lahko uporabijo njegovo orodje za diagnostiko operacijskega okolja, da ugotovijo, ali konfiguracija njihovega ra\u010dunalnika ustreza zahtevanim specifikacijam. Opremljen je s preprostim uporabni\u0161kim vmesnikom, ki ga lahko uporabniki prilagodijo z izbiro razli\u010dnih mo\u017enosti prikaza.<\/p>","protected":false},"excerpt":{"rendered":"<p>Glopho je zmogljiva programska oprema za fotogrametrijo, ki deluje skupaj s Scantechovo 3D merilno opremo za izvajanje natan\u010dnih koordinatnih meritev srednje velikih in velikih predmetov. V enem preprostem vmesniku vklju\u010duje fotogrametrijo, prikaz v realnem \u010dasu, upravljanje lestvic, analizo podatkov in zaznavanje delovnega okolja, kar omogo\u010da enostavno navigacijo pri merjenju. Uporablja se na \u0161tevilnih podro\u010djih, med drugim v avtomobilski industriji, \u017eelezni\u0161kem prometu in ladjedelni\u0161tvu, pa tudi v energetiki in te\u017eki industriji.<\/p>\n<p>Strokovnjaki s podro\u010dja meroslovja lahko s programom Glopho iz fotografij, posnetih z razli\u010dnih zornih kotov, izdelajo natan\u010dne 3D-koordinate tar\u010d in lestvic. Te tar\u010de zagotavljajo stabilno osnovno strukturo za prihodnje 3D-skeniranje in zmanj\u0161ujejo napake pri poravnavi, ki se kopi\u010dijo na razdaljah. Njegov zmogljiv algoritem in arhitektura omogo\u010data natan\u010dnost meritev do 0,012 mm\/m.<\/p>","protected":false},"featured_media":1221,"template":"","meta":{"_uag_custom_page_level_css":"","site-sidebar-layout":"default","site-content-layout":"","ast-site-content-layout":"default","site-content-style":"default","site-sidebar-style":"default","ast-global-header-display":"","ast-banner-title-visibility":"","ast-main-header-display":"","ast-hfb-above-header-display":"","ast-hfb-below-header-display":"","ast-hfb-mobile-header-display":"","site-post-title":"","ast-breadcrumbs-content":"","ast-featured-img":"","footer-sml-layout":"","theme-transparent-header-meta":"default","adv-header-id-meta":"","stick-header-meta":"","header-above-stick-meta":"","header-main-stick-meta":"","header-below-stick-meta":"","astra-migrate-meta-layouts":"set","ast-page-background-enabled":"default","ast-page-background-meta":{"desktop":{"background-color":"var(--ast-global-color-4)","background-image":"","background-repeat":"repeat","background-position":"center center","background-size":"auto","background-attachment":"scroll","background-type":"","background-media":"","overlay-type":"","overlay-color":"","overlay-gradient":""},"tablet":{"background-color":"","background-image":"","background-repeat":"repeat","background-position":"center center","background-size":"auto","background-attachment":"scroll","background-type":"","background-media":"","overlay-type":"","overlay-color":"","overlay-gradient":""},"mobile":{"background-color":"","background-image":"","background-repeat":"repeat","background-position":"center center","background-size":"auto","background-attachment":"scroll","background-type":"","background-media":"","overlay-type":"","overlay-color":"","overlay-gradient":""}},"ast-content-background-meta":{"desktop":{"background-color":"var(--ast-global-color-5)","background-image":"","background-repeat":"repeat","background-position":"center center","background-size":"auto","background-attachment":"scroll","background-type":"","background-media":"","overlay-type":"","overlay-color":"","overlay-gradient":""},"tablet":{"background-color":"var(--ast-global-color-5)","background-image":"","background-repeat":"repeat","background-position":"center center","background-size":"auto","background-attachment":"scroll","background-type":"","background-media":"","overlay-type":"","overlay-color":"","overlay-gradient":""},"mobile":{"background-color":"var(--ast-global-color-5)","background-image":"","background-repeat":"repeat","background-position":"center center","background-size":"auto","background-attachment":"scroll","background-type":"","background-media":"","overlay-type":"","overlay-color":"","overlay-gradient":""}}},"product_cat":[19],"product_tag":[],"class_list":{"0":"post-1201","1":"product","2":"type-product","3":"status-publish","4":"has-post-thumbnail","6":"product_cat-3d-software","7":"desktop-align-left","8":"tablet-align-left","9":"mobile-align-left","11":"first","12":"instock","13":"shipping-taxable","14":"product-type-simple"},"uagb_featured_image_src":{"full":["https:\/\/3ds-solutions.eu\/wp-content\/uploads\/2024\/02\/Glopho_laptop_1-01.png",1100,1100,false],"thumbnail":["https:\/\/3ds-solutions.eu\/wp-content\/uploads\/2024\/02\/Glopho_laptop_1-01-150x150.png",150,150,true],"medium":["https:\/\/3ds-solutions.eu\/wp-content\/uploads\/2024\/02\/Glopho_laptop_1-01-300x300.png",300,300,true],"medium_large":["https:\/\/3ds-solutions.eu\/wp-content\/uploads\/2024\/02\/Glopho_laptop_1-01-768x768.png",768,768,true],"large":["https:\/\/3ds-solutions.eu\/wp-content\/uploads\/2024\/02\/Glopho_laptop_1-01-1024x1024.png",1024,1024,true],"1536x1536":["https:\/\/3ds-solutions.eu\/wp-content\/uploads\/2024\/02\/Glopho_laptop_1-01.png",1100,1100,false],"2048x2048":["https:\/\/3ds-solutions.eu\/wp-content\/uploads\/2024\/02\/Glopho_laptop_1-01.png",1100,1100,false],"trp-custom-language-flag":["https:\/\/3ds-solutions.eu\/wp-content\/uploads\/2024\/02\/Glopho_laptop_1-01-12x12.png",12,12,true],"woocommerce_thumbnail":["https:\/\/3ds-solutions.eu\/wp-content\/uploads\/2024\/02\/Glopho_laptop_1-01-600x600.png",600,600,true],"woocommerce_single":["https:\/\/3ds-solutions.eu\/wp-content\/uploads\/2024\/02\/Glopho_laptop_1-01-600x600.png",600,600,true],"woocommerce_gallery_thumbnail":["https:\/\/3ds-solutions.eu\/wp-content\/uploads\/2024\/02\/Glopho_laptop_1-01-100x100.png",100,100,true]},"uagb_author_info":{"display_name":"Sandi Sukic","author_link":"https:\/\/3ds-solutions.eu\/si\/author\/"},"uagb_comment_info":0,"uagb_excerpt":"Glopho is a powerful photogrammetry software that works in tandem with Scantech's 3D measurement equipment to perform precise coordinate measurements of medium- to large-scale objects. It incorporates photogrammetry, real-time display, scale bar management, data analysis, and working environment detection into one simple interface to navigate the measuring with ease. It has a wide range of&hellip;","_links":{"self":[{"href":"https:\/\/3ds-solutions.eu\/si\/wp-json\/wp\/v2\/product\/1201","targetHints":{"allow":["GET"]}}],"collection":[{"href":"https:\/\/3ds-solutions.eu\/si\/wp-json\/wp\/v2\/product"}],"about":[{"href":"https:\/\/3ds-solutions.eu\/si\/wp-json\/wp\/v2\/types\/product"}],"wp:featuredmedia":[{"embeddable":true,"href":"https:\/\/3ds-solutions.eu\/si\/wp-json\/wp\/v2\/media\/1221"}],"wp:attachment":[{"href":"https:\/\/3ds-solutions.eu\/si\/wp-json\/wp\/v2\/media?parent=1201"}],"wp:term":[{"taxonomy":"product_cat","embeddable":true,"href":"https:\/\/3ds-solutions.eu\/si\/wp-json\/wp\/v2\/product_cat?post=1201"},{"taxonomy":"product_tag","embeddable":true,"href":"https:\/\/3ds-solutions.eu\/si\/wp-json\/wp\/v2\/product_tag?post=1201"}],"curies":[{"name":"wp","href":"https:\/\/api.w.org\/{rel}","templated":true}]}}