{"id":1198,"date":"2024-02-20T12:22:54","date_gmt":"2024-02-20T12:22:54","guid":{"rendered":"https:\/\/3ds-solutions.eu\/?post_type=product&#038;p=1198"},"modified":"2024-02-23T14:41:25","modified_gmt":"2024-02-23T13:41:25","slug":"tviewer","status":"publish","type":"product","link":"https:\/\/3ds-solutions.eu\/si\/product\/tviewer\/","title":{"rendered":"TViewer - Programska oprema za opti\u010dno 3D skeniranje"},"content":{"rendered":"<p><b>Natan\u010den in u\u010dinkovit<\/b><\/p>\n<p>TViewer omogo\u010da, da TrackScan u\u010dinkovito zbira zelo natan\u010dne 3D-podatke, hkrati pa dodatno prikazuje podatke skeniranja v realnem \u010dasu za spremljanje procesa.<\/p>\n<p><b>Ve\u010d metod za spreminjanje polo\u017eaja<\/b><\/p>\n<p>TViewer omogo\u010da ve\u010d metod repozicioniranja, kot so pretvorba koordinat, dinami\u010dno sledenje in super repozicioniranje. Pri merjenju velikih sestavnih delov ali delovanju v te\u017ekih razmerah, kot so vibracijska obmo\u010dja, lahko pomaga pri pripravi natan\u010dnih in stabilnih podatkov, ko se polo\u017eaj dela in sledilnika spreminja.<\/p>\n<ul>\n<li aria-level=\"1\"><b>Za ve\u010dje dele:<\/b><\/li>\n<\/ul>\n<ul>\n<li style=\"list-style-type: none;\">\n<ul>\n<li style=\"list-style-type: none;\">\n<ul>\n<li aria-level=\"2\">Pretvorba koordinat: TViewer lahko s pretvorbo koordinat samodejno poravna svoje opti\u010dno prebrane podatke, ko se sledilnik premika po velikem delu. To pove\u010da u\u010dinkovitost 3D-skeniranja velikih delov.<\/li>\n<li aria-level=\"2\">Super repozicioniranje: Podatke poravna z uporabo tar\u010d in skupnih podatkov, kar omogo\u010da natan\u010dnej\u0161e zbiranje podatkov za ve\u010dje projekte.<\/li>\n<\/ul>\n<\/li>\n<\/ul>\n<\/li>\n<\/ul>\n<ul>\n<li aria-level=\"1\"><b>Za vibracijska okolja:<\/b><\/li>\n<\/ul>\n<ul>\n<li style=\"list-style-type: none;\">\n<ul>\n<li style=\"list-style-type: none;\">\n<ul>\n<li aria-level=\"2\">Dinami\u010dno sledenje: TViewer vklju\u010duje dinami\u010dno sledenje za spremljanje vibracij v razmerah, kot so tovarne in delavnice. U\u010dinkovito lahko obdeluje opti\u010dno prebrane podatke v realnem \u010dasu, hkrati pa ohranja natan\u010dnost meritev v okoljih z vibracijami.<\/li>\n<\/ul>\n<\/li>\n<\/ul>\n<\/li>\n<\/ul>\n<p><b>Modul za pregledovanje<\/b><\/p>\n<p>Modul za pregledovanje vam omogo\u010da izvajanje \u0161tevilnih nalog pregledovanja, vklju\u010dno z oblikovanjem geometrijskih elementov, analizo elementov, merjenjem razdalje in analizo geometrijskih toleranc.<\/p>\n<p><b>Modul za pregledovanje lukenj<\/b><\/p>\n<p>Modul za pregledovanje lukenj omogo\u010da samodejno prepoznavanje elementov lukenj, kot so krogi in strojno obdelane luknje. Zagotavlja natan\u010dno pregledovanje in zagotavlja ponovljive rezultate za vrednosti, kot sta polo\u017eaj in premer luknje.<\/p>\n<p><b>Velika prilagodljivost<\/b><\/p>\n<p>TViewer je mogo\u010de kombinirati z opti\u010dnimi 3D merilnimi sistemi Scantech, kot so TrackScan-P, TrackScan-Sharp in TrackProbe, za natan\u010dno merjenje velikih delov na dolgih razdaljah.<\/p>","protected":false},"excerpt":{"rendered":"<p>TViewer je profesionalna 3D programska oprema, ki jo je Scantech razvil za opti\u010dne 3D merilne sisteme TrackScan. Njegova zmogljiva metoda obdelave slik omogo\u010da u\u010dinkovito, natan\u010dno in priro\u010dno zbiranje 3D-podatkov, kar znatno izbolj\u0161a u\u010dinkovitost.<\/p>\n<p>TViewer podpira razli\u010dne metode repozicioniranja, zato je idealen za skeniranje velikih predmetov ali merjenje v te\u017ekih razmerah. Vklju\u010duje tudi module za merjenje dimenzij, analizo geometrijskih dimenzij in toleranc, ter pregledovanje izvrtin. TViewer zagotavlja u\u010dinkovite in preproste 3D-re\u0161itve, ki uporabnikom omogo\u010dajo enostavno napredovanje pri razvoju, proizvodnji in pregledovanju izdelkov.<\/p>","protected":false},"featured_media":1229,"template":"","meta":{"_uag_custom_page_level_css":"","site-sidebar-layout":"default","site-content-layout":"","ast-site-content-layout":"default","site-content-style":"default","site-sidebar-style":"default","ast-global-header-display":"","ast-banner-title-visibility":"","ast-main-header-display":"","ast-hfb-above-header-display":"","ast-hfb-below-header-display":"","ast-hfb-mobile-header-display":"","site-post-title":"","ast-breadcrumbs-content":"","ast-featured-img":"","footer-sml-layout":"","theme-transparent-header-meta":"default","adv-header-id-meta":"","stick-header-meta":"","header-above-stick-meta":"","header-main-stick-meta":"","header-below-stick-meta":"","astra-migrate-meta-layouts":"set","ast-page-background-enabled":"default","ast-page-background-meta":{"desktop":{"background-color":"var(--ast-global-color-4)","background-image":"","background-repeat":"repeat","background-position":"center center","background-size":"auto","background-attachment":"scroll","background-type":"","background-media":"","overlay-type":"","overlay-color":"","overlay-gradient":""},"tablet":{"background-color":"","background-image":"","background-repeat":"repeat","background-position":"center center","background-size":"auto","background-attachment":"scroll","background-type":"","background-media":"","overlay-type":"","overlay-color":"","overlay-gradient":""},"mobile":{"background-color":"","background-image":"","background-repeat":"repeat","background-position":"center center","background-size":"auto","background-attachment":"scroll","background-type":"","background-media":"","overlay-type":"","overlay-color":"","overlay-gradient":""}},"ast-content-background-meta":{"desktop":{"background-color":"var(--ast-global-color-5)","background-image":"","background-repeat":"repeat","background-position":"center center","background-size":"auto","background-attachment":"scroll","background-type":"","background-media":"","overlay-type":"","overlay-color":"","overlay-gradient":""},"tablet":{"background-color":"var(--ast-global-color-5)","background-image":"","background-repeat":"repeat","background-position":"center center","background-size":"auto","background-attachment":"scroll","background-type":"","background-media":"","overlay-type":"","overlay-color":"","overlay-gradient":""},"mobile":{"background-color":"var(--ast-global-color-5)","background-image":"","background-repeat":"repeat","background-position":"center center","background-size":"auto","background-attachment":"scroll","background-type":"","background-media":"","overlay-type":"","overlay-color":"","overlay-gradient":""}}},"product_cat":[19],"product_tag":[],"class_list":{"0":"post-1198","1":"product","2":"type-product","3":"status-publish","4":"has-post-thumbnail","6":"product_cat-3d-software","7":"desktop-align-left","8":"tablet-align-left","9":"mobile-align-left","11":"first","12":"instock","13":"shipping-taxable","14":"product-type-simple"},"uagb_featured_image_src":{"full":["https:\/\/3ds-solutions.eu\/wp-content\/uploads\/2024\/02\/TViewer_laptop_1-01.png",1100,1100,false],"thumbnail":["https:\/\/3ds-solutions.eu\/wp-content\/uploads\/2024\/02\/TViewer_laptop_1-01-150x150.png",150,150,true],"medium":["https:\/\/3ds-solutions.eu\/wp-content\/uploads\/2024\/02\/TViewer_laptop_1-01-300x300.png",300,300,true],"medium_large":["https:\/\/3ds-solutions.eu\/wp-content\/uploads\/2024\/02\/TViewer_laptop_1-01-768x768.png",768,768,true],"large":["https:\/\/3ds-solutions.eu\/wp-content\/uploads\/2024\/02\/TViewer_laptop_1-01-1024x1024.png",1024,1024,true],"1536x1536":["https:\/\/3ds-solutions.eu\/wp-content\/uploads\/2024\/02\/TViewer_laptop_1-01.png",1100,1100,false],"2048x2048":["https:\/\/3ds-solutions.eu\/wp-content\/uploads\/2024\/02\/TViewer_laptop_1-01.png",1100,1100,false],"trp-custom-language-flag":["https:\/\/3ds-solutions.eu\/wp-content\/uploads\/2024\/02\/TViewer_laptop_1-01-12x12.png",12,12,true],"woocommerce_thumbnail":["https:\/\/3ds-solutions.eu\/wp-content\/uploads\/2024\/02\/TViewer_laptop_1-01-600x600.png",600,600,true],"woocommerce_single":["https:\/\/3ds-solutions.eu\/wp-content\/uploads\/2024\/02\/TViewer_laptop_1-01-600x600.png",600,600,true],"woocommerce_gallery_thumbnail":["https:\/\/3ds-solutions.eu\/wp-content\/uploads\/2024\/02\/TViewer_laptop_1-01-100x100.png",100,100,true]},"uagb_author_info":{"display_name":"Sandi Sukic","author_link":"https:\/\/3ds-solutions.eu\/si\/author\/"},"uagb_comment_info":0,"uagb_excerpt":"TViewer is professional 3D software developed by Scantech to power its optical 3D measurement systems TrackScan series. Its powerful image processing method allows it to gather 3D data in an efficient, accurate, and convenient way, significantly improving efficiency. TViewer supports a variety of repositioning methods, making it ideal for scanning large-scale items or measuring under&hellip;","_links":{"self":[{"href":"https:\/\/3ds-solutions.eu\/si\/wp-json\/wp\/v2\/product\/1198","targetHints":{"allow":["GET"]}}],"collection":[{"href":"https:\/\/3ds-solutions.eu\/si\/wp-json\/wp\/v2\/product"}],"about":[{"href":"https:\/\/3ds-solutions.eu\/si\/wp-json\/wp\/v2\/types\/product"}],"wp:featuredmedia":[{"embeddable":true,"href":"https:\/\/3ds-solutions.eu\/si\/wp-json\/wp\/v2\/media\/1229"}],"wp:attachment":[{"href":"https:\/\/3ds-solutions.eu\/si\/wp-json\/wp\/v2\/media?parent=1198"}],"wp:term":[{"taxonomy":"product_cat","embeddable":true,"href":"https:\/\/3ds-solutions.eu\/si\/wp-json\/wp\/v2\/product_cat?post=1198"},{"taxonomy":"product_tag","embeddable":true,"href":"https:\/\/3ds-solutions.eu\/si\/wp-json\/wp\/v2\/product_tag?post=1198"}],"curies":[{"name":"wp","href":"https:\/\/api.w.org\/{rel}","templated":true}]}}