{"id":1195,"date":"2024-02-20T12:15:46","date_gmt":"2024-02-20T12:15:46","guid":{"rendered":"https:\/\/3ds-solutions.eu\/?post_type=product&#038;p=1195"},"modified":"2024-02-23T10:01:58","modified_gmt":"2024-02-23T09:01:58","slug":"scanviewer","status":"publish","type":"product","link":"https:\/\/3ds-solutions.eu\/si\/product\/scanviewer\/","title":{"rendered":"ScanViewer - 3D Programska oprema"},"content":{"rendered":"<p><b>Geometrijske dimenzije in tolerance<\/b><\/p>\n<p>Uporabniki lahko opti\u010dno prebrane podatke uporabijo za konstruiranje elementov, izvajanje analize elementov, merjenje razdalj, analizo dimenzij in geometrijskih toleranc.<\/p>\n<p><b>Pregledovanje dimenzij<\/b><\/p>\n<p>Na voljo je ve\u010d funkcij za poravnavo, s katerimi lahko podatke skeniranja zdru\u017eite z datotekami CAD za pregled. Hitro ustvarite poro\u010dilo za enostavno analizo in prilagajanje.<\/p>\n<p><b>Pregled cevi<\/b><\/p>\n<p>ScanViewer ponuja mo\u017enost profesionalnega pregledovanja cevi, ki lahko neposredno izvozi podatke YBC\/LRA in tako odpravi odstopanja pri upogibanju cevi.<\/p>","protected":false},"excerpt":{"rendered":"<p>ScanViewer je brezpla\u010dna in zmogljiva programska oprema za 3D pregledovanje, ki vklju\u010duje funkcije pregledovanja in skeniranja, kot so razdalje, geometrijske dimenzije in tolerance ter barvni prikaz.<\/p>\n<p>ScanViewer pokriva vse korake raziskave in razvoja, na\u010drtovanja in proizvodnje izdelkov. Skenirane podatke lahko uporabite za razli\u010dne aplikacije, vklju\u010dno s hitro izdelavo prototipov, povratnim in\u017eeniringom, primerjavo pregledov in 3D prikazom.<\/p>","protected":false},"featured_media":1227,"template":"","meta":{"_uag_custom_page_level_css":"","site-sidebar-layout":"default","site-content-layout":"","ast-site-content-layout":"default","site-content-style":"default","site-sidebar-style":"default","ast-global-header-display":"","ast-banner-title-visibility":"","ast-main-header-display":"","ast-hfb-above-header-display":"","ast-hfb-below-header-display":"","ast-hfb-mobile-header-display":"","site-post-title":"","ast-breadcrumbs-content":"","ast-featured-img":"","footer-sml-layout":"","theme-transparent-header-meta":"default","adv-header-id-meta":"","stick-header-meta":"","header-above-stick-meta":"","header-main-stick-meta":"","header-below-stick-meta":"","astra-migrate-meta-layouts":"set","ast-page-background-enabled":"default","ast-page-background-meta":{"desktop":{"background-color":"var(--ast-global-color-4)","background-image":"","background-repeat":"repeat","background-position":"center center","background-size":"auto","background-attachment":"scroll","background-type":"","background-media":"","overlay-type":"","overlay-color":"","overlay-gradient":""},"tablet":{"background-color":"","background-image":"","background-repeat":"repeat","background-position":"center center","background-size":"auto","background-attachment":"scroll","background-type":"","background-media":"","overlay-type":"","overlay-color":"","overlay-gradient":""},"mobile":{"background-color":"","background-image":"","background-repeat":"repeat","background-position":"center center","background-size":"auto","background-attachment":"scroll","background-type":"","background-media":"","overlay-type":"","overlay-color":"","overlay-gradient":""}},"ast-content-background-meta":{"desktop":{"background-color":"var(--ast-global-color-5)","background-image":"","background-repeat":"repeat","background-position":"center center","background-size":"auto","background-attachment":"scroll","background-type":"","background-media":"","overlay-type":"","overlay-color":"","overlay-gradient":""},"tablet":{"background-color":"var(--ast-global-color-5)","background-image":"","background-repeat":"repeat","background-position":"center center","background-size":"auto","background-attachment":"scroll","background-type":"","background-media":"","overlay-type":"","overlay-color":"","overlay-gradient":""},"mobile":{"background-color":"var(--ast-global-color-5)","background-image":"","background-repeat":"repeat","background-position":"center center","background-size":"auto","background-attachment":"scroll","background-type":"","background-media":"","overlay-type":"","overlay-color":"","overlay-gradient":""}}},"product_cat":[19],"product_tag":[],"class_list":{"0":"post-1195","1":"product","2":"type-product","3":"status-publish","4":"has-post-thumbnail","6":"product_cat-3d-software","7":"desktop-align-left","8":"tablet-align-left","9":"mobile-align-left","11":"first","12":"instock","13":"shipping-taxable","14":"product-type-simple"},"uagb_featured_image_src":{"full":["https:\/\/3ds-solutions.eu\/wp-content\/uploads\/2024\/02\/Scanviewer_laptop_1.png",1100,1100,false],"thumbnail":["https:\/\/3ds-solutions.eu\/wp-content\/uploads\/2024\/02\/Scanviewer_laptop_1-150x150.png",150,150,true],"medium":["https:\/\/3ds-solutions.eu\/wp-content\/uploads\/2024\/02\/Scanviewer_laptop_1-300x300.png",300,300,true],"medium_large":["https:\/\/3ds-solutions.eu\/wp-content\/uploads\/2024\/02\/Scanviewer_laptop_1-768x768.png",768,768,true],"large":["https:\/\/3ds-solutions.eu\/wp-content\/uploads\/2024\/02\/Scanviewer_laptop_1-1024x1024.png",1024,1024,true],"1536x1536":["https:\/\/3ds-solutions.eu\/wp-content\/uploads\/2024\/02\/Scanviewer_laptop_1.png",1100,1100,false],"2048x2048":["https:\/\/3ds-solutions.eu\/wp-content\/uploads\/2024\/02\/Scanviewer_laptop_1.png",1100,1100,false],"trp-custom-language-flag":["https:\/\/3ds-solutions.eu\/wp-content\/uploads\/2024\/02\/Scanviewer_laptop_1-12x12.png",12,12,true],"woocommerce_thumbnail":["https:\/\/3ds-solutions.eu\/wp-content\/uploads\/2024\/02\/Scanviewer_laptop_1-600x600.png",600,600,true],"woocommerce_single":["https:\/\/3ds-solutions.eu\/wp-content\/uploads\/2024\/02\/Scanviewer_laptop_1-600x600.png",600,600,true],"woocommerce_gallery_thumbnail":["https:\/\/3ds-solutions.eu\/wp-content\/uploads\/2024\/02\/Scanviewer_laptop_1-100x100.png",100,100,true]},"uagb_author_info":{"display_name":"Sandi Sukic","author_link":"https:\/\/3ds-solutions.eu\/si\/author\/"},"uagb_comment_info":0,"uagb_excerpt":"ScanViewer is a free and powerful 3D inspection software that includes inspection and scanning features like Distance, GD&amp;T, and color map. ScanViewer covers every step of product R&amp;D, design, and manufacturing. The scanned data can be used for a variety of applications, including quick prototyping, reverse engineering, inspection comparison, and 3D display.","_links":{"self":[{"href":"https:\/\/3ds-solutions.eu\/si\/wp-json\/wp\/v2\/product\/1195","targetHints":{"allow":["GET"]}}],"collection":[{"href":"https:\/\/3ds-solutions.eu\/si\/wp-json\/wp\/v2\/product"}],"about":[{"href":"https:\/\/3ds-solutions.eu\/si\/wp-json\/wp\/v2\/types\/product"}],"wp:featuredmedia":[{"embeddable":true,"href":"https:\/\/3ds-solutions.eu\/si\/wp-json\/wp\/v2\/media\/1227"}],"wp:attachment":[{"href":"https:\/\/3ds-solutions.eu\/si\/wp-json\/wp\/v2\/media?parent=1195"}],"wp:term":[{"taxonomy":"product_cat","embeddable":true,"href":"https:\/\/3ds-solutions.eu\/si\/wp-json\/wp\/v2\/product_cat?post=1195"},{"taxonomy":"product_tag","embeddable":true,"href":"https:\/\/3ds-solutions.eu\/si\/wp-json\/wp\/v2\/product_tag?post=1195"}],"curies":[{"name":"wp","href":"https:\/\/api.w.org\/{rel}","templated":true}]}}