{"id":1184,"date":"2024-02-19T11:34:34","date_gmt":"2024-02-19T11:34:34","guid":{"rendered":"https:\/\/3ds-solutions.eu\/?post_type=product&#038;p=1184"},"modified":"2024-02-19T11:34:34","modified_gmt":"2024-02-19T11:34:34","slug":"autoscan-k","status":"publish","type":"product","link":"https:\/\/3ds-solutions.eu\/si\/product\/autoscan-k\/","title":{"rendered":"AutoScan-K"},"content":{"rendered":"<p><b>Samodejni pregled<\/b><\/p>\n<p>AutoScan-K je samodejni 3D-skener, ki lahko izvaja serijsko 3D-skeniranje in pregled za primerjavo podatkov, ne da bi bilo potrebno \u010dlove\u0161ko sodelovanje. Ko so za razli\u010dne izdelke dolo\u010dene poti skeniranja in metode merjenja, lahko skener samodejno ustvari poro\u010dila o pregledu.<\/p>\n<p><b>Prilagojeno delovanje<\/b><\/p>\n<p>Na voljo je ve\u010d na\u010dinov merjenja glede na zna\u010dilnosti razli\u010dnih obdelovancev. Za izpolnjevanje razli\u010dnih zahtev glede pregledovanja lahko obdelovance vpnete pod razli\u010dnimi koti in dolo\u010dite poti pregledovanja.<\/p>\n<p><b>Natan\u010dno in u\u010dinkovito merjenje<\/b><\/p>\n<p>S sistemom AutoScan-K je mogo\u010de pregledati obdelovance razli\u010dnih velikosti, te\u017ee in materialov. Za skeniranje podatkov z visoko gostoto lahko ustvari do 45 laserskih linij s hitrostjo 1 650 000 meritev na sekundo. Zagotavlja natan\u010dno 3D pregledovanje z lo\u010dljivostjo do 0,010 mm in volumsko natan\u010dnostjo do 0,030 mm\/m v zahtevnem industrijskem okolju.<\/p>\n<p><b>Varno in zanesljivo NDT<\/b><\/p>\n<p>Avtomatizirani 3D-sistem AutoScan-K, ki je varen, zanesljiv in primeren za razli\u010dna delavni\u0161ka okolja, resni\u010dno omogo\u010da brezkontaktno in nedestruktivno inteligentno testiranje. Temelji na tehnologiji avtomatiziranega opti\u010dnega merjenja. Njegove industrijske inteligentne vrtljive mize omogo\u010dajo u\u010dinkovito pregledovanje brez mrtvega kota.<\/p>\n<p><b>Inteligentna vrtljiva miza<\/b><\/p>\n<p>Avtomatizirane in inteligentne industrijske vrtljive mize se prilagajajo razli\u010dnim vpenjalom in nastavkom. Mogo\u010de je dose\u010di hitro in zanesljivo vpenjanje, ne da bi bilo potrebno na predmet prilepiti markerje, kar bistveno poenostavi delovne postopke, potrebne za pripravo na 3D-skeniranje.<\/p>\n<p><b>Integrirana zasnova<\/b><\/p>\n<p>Ker celoten avtomatiziran sistem za 3D pregledovanje uporablja integrirano zasnovo, je omogo\u010deno zelo natan\u010dno serijsko pregledovanje v delavnicah.<\/p>\n<p><b>Sekundarni razvoj<\/b><\/p>\n<p>Sekundarni razvoj omogo\u010da operaterjem, da nadzorujejo sistem s klicem vmesnika SDK.<\/p>\n<p><b>Ustreza zahtevam razli\u010dnih panog:<\/b><\/p>\n<ul>\n<li aria-level=\"1\"><b>Letalska industrija<\/b> - Meroslovno 3D-skeniranje za razvoj izdelkov in na podro\u010dju vzdr\u017eevanja in servisiranja.<\/li>\n<li aria-level=\"1\"><b>Avtomobilska industrija<\/b> - Izbolj\u0161a u\u010dinkovitost dela z natan\u010dnimi 3D merilnimi instrumenti od zasnove do proizvodnje.<\/li>\n<li aria-level=\"1\"><b>Livarska industrija<\/b> - Uporaba 3D skenerja za optimizacijo oblikovanja kalupov, odkrivanje korozije in arhiviranje.<\/li>\n<li aria-level=\"1\"><b>Energetika in te\u017eka industrija<\/b> - Krepitev razvoja energetske industrije in spodbujanje nadgradnje industrije te\u017ekih strojev.<\/li>\n<li aria-level=\"1\"><b>\u017delezni\u0161ki promet in ladjedelni\u0161tvo<\/b> - Zagotavljanje natan\u010dnih rezultatov meritev za razvoj izdelkov, virtualno sestavljanje in ponovljive analize.<\/li>\n<li aria-level=\"1\"><b>Neindustrijska dejavnost<\/b> - Izpolnjevanje potreb po 3D digitalizaciji za podro\u010dja, kot so medicina, arhitektura, znanost, izobra\u017eevanje in zabava.<\/li>\n<\/ul>","protected":false},"excerpt":{"rendered":"<p>Avtomatski 3D pregledovalni sistemi serije AutoScan-K z uporabo tehnologije strojnega vida zagotavljajo brezkontaktno in nedestruktivno pregledovanje. U\u010dinkovito lahko izvaja sprotno serijsko skeniranje in pregledovanje z izjemno visoko natan\u010dnostjo. Sistem AutoScan-K 3D z neprekinjenim 24-urnim delovanjem pomaga podjetjem zmanj\u0161ati proizvodne stro\u0161ke, skraj\u0161ati \u010das lansiranja izdelka na trg in izbolj\u0161ati donosnost nalo\u017ebe.<\/p>\n<p>Sistem AutoScan-K 3D se lahko zaradi razli\u010dnih na\u010dinov delovanja prilagodi meritvam v razli\u010dnih industrijskih okoli\u0161\u010dinah. Z vrhunskimi algoritmi strojnega vida lahko natan\u010dno nadzoruje gibanje robota, kar omogo\u010da avtomatizirano in u\u010dinkovito pregledovanje serij.<\/p>","protected":false},"featured_media":1186,"template":"","meta":{"_uag_custom_page_level_css":"","site-sidebar-layout":"default","site-content-layout":"","ast-site-content-layout":"default","site-content-style":"default","site-sidebar-style":"default","ast-global-header-display":"","ast-banner-title-visibility":"","ast-main-header-display":"","ast-hfb-above-header-display":"","ast-hfb-below-header-display":"","ast-hfb-mobile-header-display":"","site-post-title":"","ast-breadcrumbs-content":"","ast-featured-img":"","footer-sml-layout":"","theme-transparent-header-meta":"default","adv-header-id-meta":"","stick-header-meta":"","header-above-stick-meta":"","header-main-stick-meta":"","header-below-stick-meta":"","astra-migrate-meta-layouts":"set","ast-page-background-enabled":"default","ast-page-background-meta":{"desktop":{"background-color":"var(--ast-global-color-4)","background-image":"","background-repeat":"repeat","background-position":"center center","background-size":"auto","background-attachment":"scroll","background-type":"","background-media":"","overlay-type":"","overlay-color":"","overlay-gradient":""},"tablet":{"background-color":"","background-image":"","background-repeat":"repeat","background-position":"center center","background-size":"auto","background-attachment":"scroll","background-type":"","background-media":"","overlay-type":"","overlay-color":"","overlay-gradient":""},"mobile":{"background-color":"","background-image":"","background-repeat":"repeat","background-position":"center center","background-size":"auto","background-attachment":"scroll","background-type":"","background-media":"","overlay-type":"","overlay-color":"","overlay-gradient":""}},"ast-content-background-meta":{"desktop":{"background-color":"var(--ast-global-color-5)","background-image":"","background-repeat":"repeat","background-position":"center center","background-size":"auto","background-attachment":"scroll","background-type":"","background-media":"","overlay-type":"","overlay-color":"","overlay-gradient":""},"tablet":{"background-color":"var(--ast-global-color-5)","background-image":"","background-repeat":"repeat","background-position":"center center","background-size":"auto","background-attachment":"scroll","background-type":"","background-media":"","overlay-type":"","overlay-color":"","overlay-gradient":""},"mobile":{"background-color":"var(--ast-global-color-5)","background-image":"","background-repeat":"repeat","background-position":"center center","background-size":"auto","background-attachment":"scroll","background-type":"","background-media":"","overlay-type":"","overlay-color":"","overlay-gradient":""}}},"product_cat":[18,23],"product_tag":[],"class_list":{"0":"post-1184","1":"product","2":"type-product","3":"status-publish","4":"has-post-thumbnail","6":"product_cat-3d-scanners","7":"product_cat-automated-3d-system","8":"desktop-align-left","9":"tablet-align-left","10":"mobile-align-left","12":"first","13":"instock","14":"shipping-taxable","15":"product-type-simple"},"uagb_featured_image_src":{"full":["https:\/\/3ds-solutions.eu\/wp-content\/uploads\/2024\/02\/autoscan-k-2.png",850,850,false],"thumbnail":["https:\/\/3ds-solutions.eu\/wp-content\/uploads\/2024\/02\/autoscan-k-2-150x150.png",150,150,true],"medium":["https:\/\/3ds-solutions.eu\/wp-content\/uploads\/2024\/02\/autoscan-k-2-300x300.png",300,300,true],"medium_large":["https:\/\/3ds-solutions.eu\/wp-content\/uploads\/2024\/02\/autoscan-k-2-768x768.png",768,768,true],"large":["https:\/\/3ds-solutions.eu\/wp-content\/uploads\/2024\/02\/autoscan-k-2.png",850,850,false],"1536x1536":["https:\/\/3ds-solutions.eu\/wp-content\/uploads\/2024\/02\/autoscan-k-2.png",850,850,false],"2048x2048":["https:\/\/3ds-solutions.eu\/wp-content\/uploads\/2024\/02\/autoscan-k-2.png",850,850,false],"trp-custom-language-flag":["https:\/\/3ds-solutions.eu\/wp-content\/uploads\/2024\/02\/autoscan-k-2-12x12.png",12,12,true],"woocommerce_thumbnail":["https:\/\/3ds-solutions.eu\/wp-content\/uploads\/2024\/02\/autoscan-k-2-600x600.png",600,600,true],"woocommerce_single":["https:\/\/3ds-solutions.eu\/wp-content\/uploads\/2024\/02\/autoscan-k-2-600x600.png",600,600,true],"woocommerce_gallery_thumbnail":["https:\/\/3ds-solutions.eu\/wp-content\/uploads\/2024\/02\/autoscan-k-2-100x100.png",100,100,true]},"uagb_author_info":{"display_name":"Sandi Sukic","author_link":"https:\/\/3ds-solutions.eu\/si\/author\/"},"uagb_comment_info":0,"uagb_excerpt":"Using machine vision technology, the AutoScan-K series automatic 3D inspection systems provide non-contact and non-destructive inspection. It can efficiently do online batch scanning and inspection with extra-high accuracy. The AutoScan-K 3D system, with its continuous 24-hour operation, helps companies cut manufacturing costs, shorten product time-to-market, and improve return on investment. The AutoScan-K 3D system can&hellip;","_links":{"self":[{"href":"https:\/\/3ds-solutions.eu\/si\/wp-json\/wp\/v2\/product\/1184","targetHints":{"allow":["GET"]}}],"collection":[{"href":"https:\/\/3ds-solutions.eu\/si\/wp-json\/wp\/v2\/product"}],"about":[{"href":"https:\/\/3ds-solutions.eu\/si\/wp-json\/wp\/v2\/types\/product"}],"wp:featuredmedia":[{"embeddable":true,"href":"https:\/\/3ds-solutions.eu\/si\/wp-json\/wp\/v2\/media\/1186"}],"wp:attachment":[{"href":"https:\/\/3ds-solutions.eu\/si\/wp-json\/wp\/v2\/media?parent=1184"}],"wp:term":[{"taxonomy":"product_cat","embeddable":true,"href":"https:\/\/3ds-solutions.eu\/si\/wp-json\/wp\/v2\/product_cat?post=1184"},{"taxonomy":"product_tag","embeddable":true,"href":"https:\/\/3ds-solutions.eu\/si\/wp-json\/wp\/v2\/product_tag?post=1184"}],"curies":[{"name":"wp","href":"https:\/\/api.w.org\/{rel}","templated":true}]}}