{"id":1181,"date":"2024-02-19T08:13:04","date_gmt":"2024-02-19T08:13:04","guid":{"rendered":"https:\/\/3ds-solutions.eu\/?post_type=product&#038;p=1181"},"modified":"2024-02-19T08:13:05","modified_gmt":"2024-02-19T08:13:05","slug":"autoscan-t","status":"publish","type":"product","link":"https:\/\/3ds-solutions.eu\/si\/product\/autoscan-t\/","title":{"rendered":"AutoScan-T"},"content":{"rendered":"<p><b>Brezhibno delovanje<\/b><\/p>\n<p>Sistem temelji na samodejnem opti\u010dnem sledenju in je brez te\u017eav integriran v proizvodno linijo, zato je zasnovan za sprotno avtomatizirano pregledovanje in mo\u010dno pove\u010duje u\u010dinkovitost iterativnega proizvodnega procesa.<\/p>\n<p><b>Ve\u010d konfiguracij<\/b><\/p>\n<p>Omogo\u010da hkratno opti\u010dno sledenje in skeniranje ter re\u0161itve po meri s kombinacijo z ro\u010dnim 3D-skenerjem, prenosno CMM sondo, fotogrametri\u010dnim sistemom MSCAN, vrtljivimi platformami in vodili.<\/p>\n<p><b>Hitro in natan\u010dno<\/b><\/p>\n<p>Z uporabo tehnologij sinhronega sledenja in modrega laserja lahko opravi do 1 900 000 meritev na sekundo in z natan\u010dnostjo 0,025 mm. S tem je mogo\u010de dose\u010di avtomatizirano proizvodnjo, ki je prilagodljiva in u\u010dinkovita, ne da bi nanjo vplivali zunanji dejavniki.<\/p>\n<p><b>Voja\u0161ka kakovost<\/b><\/p>\n<p>Zasnova voja\u0161ke kakovosti zagotavlja ve\u010djo prilagodljivost v zahtevnih industrijskih okoljih zaradi odpornosti na temperaturo, vibracije, prah in druge okoljske dejavnike.<\/p>\n<p><b>Enostavno delovanje<\/b><\/p>\n<p>Zaradi funkcije zagona z enim klikom, programiranja brez povezave in samodejnega ustvarjanja pregledov ta sistem omogo\u010da preprosto izvajanje meritev uporabnikom vseh ravni znanja.<\/p>\n<p><b>Ustreza zahtevam razli\u010dnih panog:<\/b><\/p>\n<ul>\n<li aria-level=\"1\"><b>Letalska industrija<\/b> - Meroslovno 3D-skeniranje za razvoj izdelkov in na podro\u010dju vzdr\u017eevanja in servisiranja.<\/li>\n<li aria-level=\"1\"><b>Avtomobilska industrija<\/b> - Izbolj\u0161a u\u010dinkovitost dela z natan\u010dnimi 3D merilnimi instrumenti od zasnove do proizvodnje.<\/li>\n<li aria-level=\"1\"><b>Livarska industrija<\/b> - Uporaba 3D skenerja za optimizacijo oblikovanja kalupov, odkrivanje korozije in arhiviranje.<\/li>\n<li aria-level=\"1\"><b>Energetika in te\u017eka industrija<\/b> - Krepitev razvoja energetske industrije in spodbujanje nadgradnje industrije te\u017ekih strojev.<\/li>\n<li aria-level=\"1\"><b>\u017delezni\u0161ki promet in ladjedelni\u0161tvo<\/b> - Zagotavljanje natan\u010dnih rezultatov meritev za razvoj izdelkov, virtualno sestavljanje in ponovljive analize.<\/li>\n<li aria-level=\"1\"><b>Neindustrijska dejavnost<\/b> - Izpolnjevanje potreb po 3D digitalizaciji za podro\u010dja, kot so medicina, arhitektura, znanost, izobra\u017eevanje in zabava.<\/li>\n<\/ul>","protected":false},"excerpt":{"rendered":"<p>Avtomatski 3D-sistem AutoScan-T je nova nadgradnja inteligentnega samodejnega nadzora. Namenjen je posebej za avtomatizirano kontrolo kakovosti v proizvodni hali, s \u010dimer lahko podjetja dose\u017eejo najbolj\u0161e mo\u017eno razmerje med stro\u0161ki in u\u010dinkovitostjo.<\/p>\n<p>Sistem AutoScan-T izvaja nedestruktivno skeniranje, pri \u010demer ne potrebuje markerjev. Njegova brezhibna povezava s proizvodnim procesom bistveno zmanj\u0161a delovno obremenitev. Voja\u0161ka kakovost izdelave zagotavlja zanesljivo za\u0161\u010dito pred motnjami in veliko prilagodljivost kompleksnim in zahtevnim razmeram v delavnici. Ima \u0161iroko paleto aplikacij, vklju\u010dno z nacionalno obrambo, energetiko, 5G, proizvodnjo kalupov in drugimi. Uporabniki lahko sistem enostavno upravljajo zaradi zagona z enim klikom, programiranja brez povezave in zdru\u017eljivosti s 3D programsko opremo.<\/p>","protected":false},"featured_media":1182,"template":"","meta":{"_uag_custom_page_level_css":"","site-sidebar-layout":"default","site-content-layout":"","ast-site-content-layout":"default","site-content-style":"default","site-sidebar-style":"default","ast-global-header-display":"","ast-banner-title-visibility":"","ast-main-header-display":"","ast-hfb-above-header-display":"","ast-hfb-below-header-display":"","ast-hfb-mobile-header-display":"","site-post-title":"","ast-breadcrumbs-content":"","ast-featured-img":"","footer-sml-layout":"","theme-transparent-header-meta":"default","adv-header-id-meta":"","stick-header-meta":"","header-above-stick-meta":"","header-main-stick-meta":"","header-below-stick-meta":"","astra-migrate-meta-layouts":"set","ast-page-background-enabled":"default","ast-page-background-meta":{"desktop":{"background-color":"var(--ast-global-color-4)","background-image":"","background-repeat":"repeat","background-position":"center center","background-size":"auto","background-attachment":"scroll","background-type":"","background-media":"","overlay-type":"","overlay-color":"","overlay-gradient":""},"tablet":{"background-color":"","background-image":"","background-repeat":"repeat","background-position":"center center","background-size":"auto","background-attachment":"scroll","background-type":"","background-media":"","overlay-type":"","overlay-color":"","overlay-gradient":""},"mobile":{"background-color":"","background-image":"","background-repeat":"repeat","background-position":"center center","background-size":"auto","background-attachment":"scroll","background-type":"","background-media":"","overlay-type":"","overlay-color":"","overlay-gradient":""}},"ast-content-background-meta":{"desktop":{"background-color":"var(--ast-global-color-5)","background-image":"","background-repeat":"repeat","background-position":"center center","background-size":"auto","background-attachment":"scroll","background-type":"","background-media":"","overlay-type":"","overlay-color":"","overlay-gradient":""},"tablet":{"background-color":"var(--ast-global-color-5)","background-image":"","background-repeat":"repeat","background-position":"center center","background-size":"auto","background-attachment":"scroll","background-type":"","background-media":"","overlay-type":"","overlay-color":"","overlay-gradient":""},"mobile":{"background-color":"var(--ast-global-color-5)","background-image":"","background-repeat":"repeat","background-position":"center center","background-size":"auto","background-attachment":"scroll","background-type":"","background-media":"","overlay-type":"","overlay-color":"","overlay-gradient":""}}},"product_cat":[18,23],"product_tag":[],"class_list":{"0":"post-1181","1":"product","2":"type-product","3":"status-publish","4":"has-post-thumbnail","6":"product_cat-3d-scanners","7":"product_cat-automated-3d-system","8":"desktop-align-left","9":"tablet-align-left","10":"mobile-align-left","12":"first","13":"instock","14":"shipping-taxable","15":"product-type-simple"},"uagb_featured_image_src":{"full":["https:\/\/3ds-solutions.eu\/wp-content\/uploads\/2024\/02\/autoscan-t-1.png",850,850,false],"thumbnail":["https:\/\/3ds-solutions.eu\/wp-content\/uploads\/2024\/02\/autoscan-t-1-150x150.png",150,150,true],"medium":["https:\/\/3ds-solutions.eu\/wp-content\/uploads\/2024\/02\/autoscan-t-1-300x300.png",300,300,true],"medium_large":["https:\/\/3ds-solutions.eu\/wp-content\/uploads\/2024\/02\/autoscan-t-1-768x768.png",768,768,true],"large":["https:\/\/3ds-solutions.eu\/wp-content\/uploads\/2024\/02\/autoscan-t-1.png",850,850,false],"1536x1536":["https:\/\/3ds-solutions.eu\/wp-content\/uploads\/2024\/02\/autoscan-t-1.png",850,850,false],"2048x2048":["https:\/\/3ds-solutions.eu\/wp-content\/uploads\/2024\/02\/autoscan-t-1.png",850,850,false],"trp-custom-language-flag":["https:\/\/3ds-solutions.eu\/wp-content\/uploads\/2024\/02\/autoscan-t-1-12x12.png",12,12,true],"woocommerce_thumbnail":["https:\/\/3ds-solutions.eu\/wp-content\/uploads\/2024\/02\/autoscan-t-1-600x600.png",600,600,true],"woocommerce_single":["https:\/\/3ds-solutions.eu\/wp-content\/uploads\/2024\/02\/autoscan-t-1-600x600.png",600,600,true],"woocommerce_gallery_thumbnail":["https:\/\/3ds-solutions.eu\/wp-content\/uploads\/2024\/02\/autoscan-t-1-100x100.png",100,100,true]},"uagb_author_info":{"display_name":"Sandi Sukic","author_link":"https:\/\/3ds-solutions.eu\/si\/author\/"},"uagb_comment_info":0,"uagb_excerpt":"The AutoScan-T automatic 3D system is a new upgrade to intelligent automated inspection. It is specifically intended for automated quality control on the shop floor, allowing companies to achieve the best possible cost-efficiency relation. AutoScan-T performs non-destructive scanning without requiring markers. Its seamless link to the production process significantly reduces workload. The military-grade manufacturing quality&hellip;","_links":{"self":[{"href":"https:\/\/3ds-solutions.eu\/si\/wp-json\/wp\/v2\/product\/1181","targetHints":{"allow":["GET"]}}],"collection":[{"href":"https:\/\/3ds-solutions.eu\/si\/wp-json\/wp\/v2\/product"}],"about":[{"href":"https:\/\/3ds-solutions.eu\/si\/wp-json\/wp\/v2\/types\/product"}],"wp:featuredmedia":[{"embeddable":true,"href":"https:\/\/3ds-solutions.eu\/si\/wp-json\/wp\/v2\/media\/1182"}],"wp:attachment":[{"href":"https:\/\/3ds-solutions.eu\/si\/wp-json\/wp\/v2\/media?parent=1181"}],"wp:term":[{"taxonomy":"product_cat","embeddable":true,"href":"https:\/\/3ds-solutions.eu\/si\/wp-json\/wp\/v2\/product_cat?post=1181"},{"taxonomy":"product_tag","embeddable":true,"href":"https:\/\/3ds-solutions.eu\/si\/wp-json\/wp\/v2\/product_tag?post=1181"}],"curies":[{"name":"wp","href":"https:\/\/api.w.org\/{rel}","templated":true}]}}