{"id":1178,"date":"2024-02-16T12:08:17","date_gmt":"2024-02-16T12:08:17","guid":{"rendered":"https:\/\/3ds-solutions.eu\/?post_type=product&#038;p=1178"},"modified":"2024-02-16T12:08:17","modified_gmt":"2024-02-16T12:08:17","slug":"m-track","status":"publish","type":"product","link":"https:\/\/3ds-solutions.eu\/si\/product\/m-track\/","title":{"rendered":"M-Track"},"content":{"rendered":"<p><b>Inteligentno programiranje poti<\/b><\/p>\n<p>M-Track je idealna re\u0161itev za proizvajalce za programiranje poti robotov, saj je vsestranski, zanesljiv in zelo prilagodljiv na spremembe v okolju. Robotom omogo\u010da, da natan\u010dno dose\u017eejo ciljni polo\u017eaj in izvedejo programirano nalogo. Sledilna tehnologija M-Track lahko komunicira s programsko opremo za na\u010drtovanje poti tako, da prepozna polo\u017eaje in usmeritve simulatorja orodja v delovnem prostoru. Njegova programska oprema za na\u010drtovanje poti lahko samodejno ustvari varno in u\u010dinkovito pot, ki je pripravljena za izvajanje.<\/p>\n<p><b>Natan\u010dno 6D sledenje polo\u017eaja<\/b><\/p>\n<p>Sistem za sledenje uporablja tehnologijo stereoskopskega vida za natan\u010den in u\u010dinkovit zajem poti simulatorja orodja. Omogo\u010da natan\u010den izpis 6D polo\u017eajev simulatorja in zajema polo\u017eaj sredi\u0161\u010dne to\u010dke orodja. Zelo natan\u010dno sledenje M-Track zagotavlja natan\u010dno na\u010drtovanje poti in varno delovanje robota. Natan\u010dnost sledenja zna\u0161a 0,049 mm za 10,4 m\u00b3, 0,089 mm za 49,0 m\u00b3 in 0,067 mm za 28,6 m\u00b3.<\/p>\n<p><b>Uporabniku prijazno upravljanje<\/b><\/p>\n<p>Sistem se lahko uporablja brez zapletenega programiranja. Njegovi simulatorji orodij, natisnjeni s 3D tiskalnikom v obliki dejanskih orodij, so preprosti za uporabo. Ne glede na to, ali ste izku\u0161en in\u017eenir ali popoln za\u010detnik, se lahko nau\u010dite, kako ga uporabljati. Z njim je mogo\u010de simulirati gibanje \u010dlove\u0161kih operacij v resni\u010dnem okolju. Njegova simulacija, ki temelji na obna\u0161anju, omogo\u010da na\u010drtovanje poti, ki se prilagaja delovnim pogojem in proizvodnim zahtevam v resni\u010dnem svetu. Pot lahko shranite za poznej\u0161o uporabo z nekaj kliki.<\/p>\n<p><b>Obse\u017ene aplikacije<\/b><\/p>\n<p>Avtomatizirani sistem za na\u010drtovanje poti pametnih robotov ima module za zaznavanje, na\u010drtovanje in izvajanje, ki se prilagajajo razli\u010dnim aplikacijam, vklju\u010dno z bru\u0161enjem, premazovanjem in varjenjem. Programska oprema za na\u010drtovanje poti robotov deluje z razli\u010dnimi roboti, vklju\u010dno z ABB, KUKA, FANUC in EFFORT. Podpira na\u010drtovanje linij, krivulj itd. Ustreza lahko zahtevam razli\u010dnih industrijskih okolij, tako v zaprtih prostorih kot na prostem, v strukturiranem ali nestrukturiranem okolju.<\/p>","protected":false},"excerpt":{"rendered":"<p>Scantechov sistem M-Track je inteligentni sistem za na\u010drtovanje in krmiljenje poti, ki ga sestavljajo 3D-sistem za sledenje, simulator orodja in programska oprema za na\u010drtovanje poti. Deluje kot robotove o\u010di in mo\u017egani, saj omogo\u010da vizualno zaznavanje, prepoznavanje ciljev in na\u010drtovanje poti. Sistem je zdru\u017eljiv s \u0161irokim naborom robotov in se lahko uporablja v razli\u010dnih panogah z veliko natan\u010dnostjo, zanesljivostjo in varnostjo. Na\u010drtuje lahko poti za razli\u010dne procese, vklju\u010dno s premikanjem predmetov, bru\u0161enjem, nana\u0161anjem premazov in varjenjem, kar omogo\u010da prilagodljivo in avtonomno proizvodnjo. M-Track lahko zagotovi hitro na\u010drtovanje poti tako, da sledi poti simulatorja orodja in pridobi 6D pozicije njegovih TCP, kar robotom omogo\u010da, da dose\u017eejo \u017eeleno mesto in opravijo dolo\u010dene naloge. Premaguje omejitve, kot so visoki stro\u0161ki dela, neu\u010dinkovita interakcija med \u010dlovekom in strojem ter nizka u\u010dinkovitost, zaradi \u010desar se bistveno izbolj\u0161a kakovost izdelkov. Je odli\u010dno orodje za proizvajalce, ki jim pomaga premagovati ovire in opravljati vsakodnevne naloge.<\/p>","protected":false},"featured_media":1179,"template":"","meta":{"_uag_custom_page_level_css":"","site-sidebar-layout":"default","site-content-layout":"","ast-site-content-layout":"default","site-content-style":"default","site-sidebar-style":"default","ast-global-header-display":"","ast-banner-title-visibility":"","ast-main-header-display":"","ast-hfb-above-header-display":"","ast-hfb-below-header-display":"","ast-hfb-mobile-header-display":"","site-post-title":"","ast-breadcrumbs-content":"","ast-featured-img":"","footer-sml-layout":"","theme-transparent-header-meta":"default","adv-header-id-meta":"","stick-header-meta":"","header-above-stick-meta":"","header-main-stick-meta":"","header-below-stick-meta":"","astra-migrate-meta-layouts":"set","ast-page-background-enabled":"default","ast-page-background-meta":{"desktop":{"background-color":"var(--ast-global-color-4)","background-image":"","background-repeat":"repeat","background-position":"center center","background-size":"auto","background-attachment":"scroll","background-type":"","background-media":"","overlay-type":"","overlay-color":"","overlay-gradient":""},"tablet":{"background-color":"","background-image":"","background-repeat":"repeat","background-position":"center center","background-size":"auto","background-attachment":"scroll","background-type":"","background-media":"","overlay-type":"","overlay-color":"","overlay-gradient":""},"mobile":{"background-color":"","background-image":"","background-repeat":"repeat","background-position":"center center","background-size":"auto","background-attachment":"scroll","background-type":"","background-media":"","overlay-type":"","overlay-color":"","overlay-gradient":""}},"ast-content-background-meta":{"desktop":{"background-color":"var(--ast-global-color-5)","background-image":"","background-repeat":"repeat","background-position":"center center","background-size":"auto","background-attachment":"scroll","background-type":"","background-media":"","overlay-type":"","overlay-color":"","overlay-gradient":""},"tablet":{"background-color":"var(--ast-global-color-5)","background-image":"","background-repeat":"repeat","background-position":"center center","background-size":"auto","background-attachment":"scroll","background-type":"","background-media":"","overlay-type":"","overlay-color":"","overlay-gradient":""},"mobile":{"background-color":"var(--ast-global-color-5)","background-image":"","background-repeat":"repeat","background-position":"center center","background-size":"auto","background-attachment":"scroll","background-type":"","background-media":"","overlay-type":"","overlay-color":"","overlay-gradient":""}}},"product_cat":[18,23],"product_tag":[],"class_list":{"0":"post-1178","1":"product","2":"type-product","3":"status-publish","4":"has-post-thumbnail","6":"product_cat-3d-scanners","7":"product_cat-automated-3d-system","8":"desktop-align-left","9":"tablet-align-left","10":"mobile-align-left","12":"first","13":"instock","14":"shipping-taxable","15":"product-type-simple"},"uagb_featured_image_src":{"full":["https:\/\/3ds-solutions.eu\/wp-content\/uploads\/2024\/02\/m-track-1.png",696,696,false],"thumbnail":["https:\/\/3ds-solutions.eu\/wp-content\/uploads\/2024\/02\/m-track-1-150x150.png",150,150,true],"medium":["https:\/\/3ds-solutions.eu\/wp-content\/uploads\/2024\/02\/m-track-1-300x300.png",300,300,true],"medium_large":["https:\/\/3ds-solutions.eu\/wp-content\/uploads\/2024\/02\/m-track-1.png",696,696,false],"large":["https:\/\/3ds-solutions.eu\/wp-content\/uploads\/2024\/02\/m-track-1.png",696,696,false],"1536x1536":["https:\/\/3ds-solutions.eu\/wp-content\/uploads\/2024\/02\/m-track-1.png",696,696,false],"2048x2048":["https:\/\/3ds-solutions.eu\/wp-content\/uploads\/2024\/02\/m-track-1.png",696,696,false],"trp-custom-language-flag":["https:\/\/3ds-solutions.eu\/wp-content\/uploads\/2024\/02\/m-track-1-12x12.png",12,12,true],"woocommerce_thumbnail":["https:\/\/3ds-solutions.eu\/wp-content\/uploads\/2024\/02\/m-track-1-600x600.png",600,600,true],"woocommerce_single":["https:\/\/3ds-solutions.eu\/wp-content\/uploads\/2024\/02\/m-track-1-600x600.png",600,600,true],"woocommerce_gallery_thumbnail":["https:\/\/3ds-solutions.eu\/wp-content\/uploads\/2024\/02\/m-track-1-100x100.png",100,100,true]},"uagb_author_info":{"display_name":"Sandi Sukic","author_link":"https:\/\/3ds-solutions.eu\/si\/author\/"},"uagb_comment_info":0,"uagb_excerpt":"Scantech's M-Track is an intelligent path planning and guiding system composed of a 3D tracking system, a tool simulator, and path planning software. It functions as a robot's eyes and brain, allowing for visual perception, target recognition, and path planning. The system is compatible with a wide range of robots and may be used in&hellip;","_links":{"self":[{"href":"https:\/\/3ds-solutions.eu\/si\/wp-json\/wp\/v2\/product\/1178","targetHints":{"allow":["GET"]}}],"collection":[{"href":"https:\/\/3ds-solutions.eu\/si\/wp-json\/wp\/v2\/product"}],"about":[{"href":"https:\/\/3ds-solutions.eu\/si\/wp-json\/wp\/v2\/types\/product"}],"wp:featuredmedia":[{"embeddable":true,"href":"https:\/\/3ds-solutions.eu\/si\/wp-json\/wp\/v2\/media\/1179"}],"wp:attachment":[{"href":"https:\/\/3ds-solutions.eu\/si\/wp-json\/wp\/v2\/media?parent=1178"}],"wp:term":[{"taxonomy":"product_cat","embeddable":true,"href":"https:\/\/3ds-solutions.eu\/si\/wp-json\/wp\/v2\/product_cat?post=1178"},{"taxonomy":"product_tag","embeddable":true,"href":"https:\/\/3ds-solutions.eu\/si\/wp-json\/wp\/v2\/product_tag?post=1178"}],"curies":[{"name":"wp","href":"https:\/\/api.w.org\/{rel}","templated":true}]}}