{"id":1172,"date":"2024-02-16T11:35:05","date_gmt":"2024-02-16T11:35:05","guid":{"rendered":"https:\/\/3ds-solutions.eu\/?post_type=product&#038;p=1172"},"modified":"2024-02-22T14:12:14","modified_gmt":"2024-02-22T13:12:14","slug":"am-desk","status":"publish","type":"product","link":"https:\/\/3ds-solutions.eu\/si\/product\/am-desk\/","title":{"rendered":"AM-DESK"},"content":{"rendered":"<p><b>Hitro in zanesljivo<\/b><\/p>\n<p>AM-DESK je zanesljiva 3D merilna postaja za razli\u010dne aplikacije, tako v laboratoriju kot v proizvodnji. Omogo\u010da hitre in avtomatizirane preglede delov, ki tehtajo manj kot 100 kg, vklju\u010dno z ulitki, plastiko in \u0161tancami. Po opravljenih meritvah lahko postaja samodejno ustvari poro\u010dila o pregledu s primerjavo dejanskih 3D-koordinat s podatki CAD, kar znatno pove\u010da u\u010dinkovitost.<\/p>\n<p><b>Enostavno programiranje<\/b><\/p>\n<p>Postaja, ki je opremljena s krmilnikom PLC in servo-mehanskim sistemom, omogo\u010da programirljive in avtomatizirane meritve, \u010de je povezana s \u0161tevilnimi sodelujo\u010dimi roboti. Kompleksna merilna opravila lahko opravi s pritiskom na gumb z uporabo vnaprej dolo\u010denih merilnih poti. In\u017eenirji in operaterji z razli\u010dnimi stopnjami znanja in programerskih spretnosti ga lahko brez te\u017eav uporabljajo.<\/p>\n<p>Pri uporabi v nestabilnem okolju za visoko intenzivne operacije je potrebno opremo umeriti, da se zagotovijo natan\u010dni rezultati meritev. Postaja samodejno umeri svoje tipalo po skeniranju ali ob spremembi temperature, kar zagotavlja neprekinjene meritve.<\/p>\n<p><b>Varnost<\/b><\/p>\n<p>Postaja ima oznako CE, kar pomeni, da izpolnjuje varnostne, zdravstvene in okoljske zahteve EU. Uporablja zelo varne tehnike, kot so serijska postavitev za zaustavitev v sili, opozarjanje na morebitne nevarnosti s pomo\u010djo lu\u010di in zvokov, ter regulirana sila s servo mehanizmi, da se zagotovi varno delovanje. Pri uporabi s koboti podpira 10-stopenjsko zaznavanje trkov in senzorsko varnostno zaznavanje, kar prepre\u010di delovanje robota zaradi nepravilnosti ali morebitnih nevarnosti.<\/p>\n<p><b>3D programska oprema - FlexScan<\/b><\/p>\n<p>FlexScan je Scantechova lastna programska oprema za avtomatizirano 3D-merjenje. Podpira delovanje robotov, kot so KUKA, ABB, AUBO, FANUC, YASKAWA in drugih.<\/p>\n<p><b>Razli\u010dni dodatki<\/b><\/p>\n<p>Avtomatizirana merilna postaja tehta 75 kg in ima povr\u0161ino enega kvadratnega metra. To kompaktno postajo je mogo\u010de z omre\u017enim napajanjem 110-220 V pripraviti v 5 minutah. \u010ce je name\u0161\u010dena na premi\u010dnem vozi\u010dku, jo je mogo\u010de premestiti in hitro namestiti. Poleg tega lahko deluje v kombinaciji s pozicionirnimi napravami plug-and-play in tako raz\u0161iri delovni prostor. Postaja lahko hitro spremeni merilno pot, kar pospe\u0161i postopek. Zdru\u017eljiva je tudi z razli\u010dnimi koboti in celotno floto 3D-skenerjev podjetja Scantech.<\/p>\n<p><b>Ustreza zahtevam razli\u010dnih panog:<\/b><\/p>\n<ul>\n<li aria-level=\"1\"><b>Letalska industrija<\/b> - Meroslovno 3D-skeniranje za razvoj izdelkov in na podro\u010dju vzdr\u017eevanja in servisiranja.<\/li>\n<li aria-level=\"1\"><b>Avtomobilska industrija<\/b> - Izbolj\u0161a u\u010dinkovitost dela z natan\u010dnimi 3D merilnimi instrumenti od zasnove do proizvodnje.<\/li>\n<li aria-level=\"1\"><b>Livarska industrija<\/b> - Uporaba 3D skenerja za optimizacijo oblikovanja kalupov, odkrivanje korozije in arhiviranje.<\/li>\n<li aria-level=\"1\"><b>Energetika in te\u017eka industrija<\/b> - Krepitev razvoja energetske industrije in spodbujanje nadgradnje industrije te\u017ekih strojev.<\/li>\n<li aria-level=\"1\"><b>\u017delezni\u0161ki promet in ladjedelni\u0161tvo<\/b> - Zagotavljanje natan\u010dnih rezultatov meritev za razvoj izdelkov, virtualno sestavljanje in ponovljive analize.<\/li>\n<li aria-level=\"1\"><b>Neindustrijska dejavnost<\/b> - Izpolnjevanje potreb po 3D digitalizaciji za podro\u010dja, kot so medicina, arhitektura, znanost, izobra\u017eevanje in zabava.<\/li>\n<\/ul>","protected":false},"excerpt":{"rendered":"<p>AM-DESK (AutoMeasure-DESK) je avtomatizirana 3D-merilna postaja, ki jo sestavljajo inteligentni nadzorni sistem, ve\u010d servo mehanizmov, varnostni sistem, sistem za nadzor gibanja, programska oprema za merjenje in analizo ter programska oprema za analizo serij SPC. Kompaktna velikost postaje in preprosta namestitev omogo\u010data, da ustreza \u0161irokemu naboru aplikacij.<\/p>\n<p>AM-DESK se lahko uporablja v kombinaciji z razli\u010dnimi kolaborativnimi roboti in celotno floto 3D-skenerjev podjetja Scantech za samodejno merjenje velikega \u0161tevila delov. Idealen je za preglede na kraju samem v proizvodnji, v laboratorijih in v te\u017ekih razmerah, ki zahtevajo neprekinjeno 3D-merjenje z visoko natan\u010dnostjo.<\/p>\n<p>V skladu s standardi certificiranja CE postaja zagotavlja varnost operaterja z vsestranskimi metodami. Razli\u010dni dodatki postaje omogo\u010dajo avtomatizirane in neprekinjene 3D-meritve za kompleksne predmete.<\/p>\n<p>Postaja vklju\u010duje izpopolnjeno in uporabniku prijazno 3D programsko opremo FlexScan, ki ponuja preprost uporabni\u0161ki vmesnik in omogo\u010da nemoteno interakcijo med \u010dlovekom in strojem. Programska oprema vklju\u010duje ve\u010d komunikacijskih mehanizmov, ki podpirajo delovanje razli\u010dnih kolaborativnih robotov in v \u0161tevilnih primerih omogo\u010dajo samodejno merjenje z ve\u010d pozicionirnimi napravami.<\/p>","protected":false},"featured_media":1175,"template":"","meta":{"_uag_custom_page_level_css":"","site-sidebar-layout":"default","site-content-layout":"","ast-site-content-layout":"default","site-content-style":"default","site-sidebar-style":"default","ast-global-header-display":"","ast-banner-title-visibility":"","ast-main-header-display":"","ast-hfb-above-header-display":"","ast-hfb-below-header-display":"","ast-hfb-mobile-header-display":"","site-post-title":"","ast-breadcrumbs-content":"","ast-featured-img":"","footer-sml-layout":"","theme-transparent-header-meta":"default","adv-header-id-meta":"","stick-header-meta":"","header-above-stick-meta":"","header-main-stick-meta":"","header-below-stick-meta":"","astra-migrate-meta-layouts":"set","ast-page-background-enabled":"default","ast-page-background-meta":{"desktop":{"background-color":"var(--ast-global-color-4)","background-image":"","background-repeat":"repeat","background-position":"center center","background-size":"auto","background-attachment":"scroll","background-type":"","background-media":"","overlay-type":"","overlay-color":"","overlay-gradient":""},"tablet":{"background-color":"","background-image":"","background-repeat":"repeat","background-position":"center center","background-size":"auto","background-attachment":"scroll","background-type":"","background-media":"","overlay-type":"","overlay-color":"","overlay-gradient":""},"mobile":{"background-color":"","background-image":"","background-repeat":"repeat","background-position":"center center","background-size":"auto","background-attachment":"scroll","background-type":"","background-media":"","overlay-type":"","overlay-color":"","overlay-gradient":""}},"ast-content-background-meta":{"desktop":{"background-color":"var(--ast-global-color-5)","background-image":"","background-repeat":"repeat","background-position":"center center","background-size":"auto","background-attachment":"scroll","background-type":"","background-media":"","overlay-type":"","overlay-color":"","overlay-gradient":""},"tablet":{"background-color":"var(--ast-global-color-5)","background-image":"","background-repeat":"repeat","background-position":"center center","background-size":"auto","background-attachment":"scroll","background-type":"","background-media":"","overlay-type":"","overlay-color":"","overlay-gradient":""},"mobile":{"background-color":"var(--ast-global-color-5)","background-image":"","background-repeat":"repeat","background-position":"center center","background-size":"auto","background-attachment":"scroll","background-type":"","background-media":"","overlay-type":"","overlay-color":"","overlay-gradient":""}}},"product_cat":[18,23],"product_tag":[],"class_list":{"0":"post-1172","1":"product","2":"type-product","3":"status-publish","4":"has-post-thumbnail","6":"product_cat-3d-scanners","7":"product_cat-automated-3d-system","8":"desktop-align-left","9":"tablet-align-left","10":"mobile-align-left","12":"first","13":"instock","14":"shipping-taxable","15":"product-type-simple"},"uagb_featured_image_src":{"full":["https:\/\/3ds-solutions.eu\/wp-content\/uploads\/2024\/02\/am-desk-2.png",850,850,false],"thumbnail":["https:\/\/3ds-solutions.eu\/wp-content\/uploads\/2024\/02\/am-desk-2-150x150.png",150,150,true],"medium":["https:\/\/3ds-solutions.eu\/wp-content\/uploads\/2024\/02\/am-desk-2-300x300.png",300,300,true],"medium_large":["https:\/\/3ds-solutions.eu\/wp-content\/uploads\/2024\/02\/am-desk-2-768x768.png",768,768,true],"large":["https:\/\/3ds-solutions.eu\/wp-content\/uploads\/2024\/02\/am-desk-2.png",850,850,false],"1536x1536":["https:\/\/3ds-solutions.eu\/wp-content\/uploads\/2024\/02\/am-desk-2.png",850,850,false],"2048x2048":["https:\/\/3ds-solutions.eu\/wp-content\/uploads\/2024\/02\/am-desk-2.png",850,850,false],"trp-custom-language-flag":["https:\/\/3ds-solutions.eu\/wp-content\/uploads\/2024\/02\/am-desk-2-12x12.png",12,12,true],"woocommerce_thumbnail":["https:\/\/3ds-solutions.eu\/wp-content\/uploads\/2024\/02\/am-desk-2-600x600.png",600,600,true],"woocommerce_single":["https:\/\/3ds-solutions.eu\/wp-content\/uploads\/2024\/02\/am-desk-2-600x600.png",600,600,true],"woocommerce_gallery_thumbnail":["https:\/\/3ds-solutions.eu\/wp-content\/uploads\/2024\/02\/am-desk-2-100x100.png",100,100,true]},"uagb_author_info":{"display_name":"Sandi Sukic","author_link":"https:\/\/3ds-solutions.eu\/si\/author\/"},"uagb_comment_info":0,"uagb_excerpt":"AM-DESK (AutoMeasure-DESK) is an automated 3D measurement station consisting of an intelligent control system, multiple servo mechanics, a safety system, a motion control system, measurement and analysis software, and SPC batch analysis software. The station's compact size and a simple installation allow it to meet a wide range of applications. AM-DESK can be used in&hellip;","_links":{"self":[{"href":"https:\/\/3ds-solutions.eu\/si\/wp-json\/wp\/v2\/product\/1172","targetHints":{"allow":["GET"]}}],"collection":[{"href":"https:\/\/3ds-solutions.eu\/si\/wp-json\/wp\/v2\/product"}],"about":[{"href":"https:\/\/3ds-solutions.eu\/si\/wp-json\/wp\/v2\/types\/product"}],"wp:featuredmedia":[{"embeddable":true,"href":"https:\/\/3ds-solutions.eu\/si\/wp-json\/wp\/v2\/media\/1175"}],"wp:attachment":[{"href":"https:\/\/3ds-solutions.eu\/si\/wp-json\/wp\/v2\/media?parent=1172"}],"wp:term":[{"taxonomy":"product_cat","embeddable":true,"href":"https:\/\/3ds-solutions.eu\/si\/wp-json\/wp\/v2\/product_cat?post=1172"},{"taxonomy":"product_tag","embeddable":true,"href":"https:\/\/3ds-solutions.eu\/si\/wp-json\/wp\/v2\/product_tag?post=1172"}],"curies":[{"name":"wp","href":"https:\/\/api.w.org\/{rel}","templated":true}]}}