{"id":1169,"date":"2024-02-15T13:25:20","date_gmt":"2024-02-15T13:25:20","guid":{"rendered":"https:\/\/3ds-solutions.eu\/?post_type=product&#038;p=1169"},"modified":"2024-02-15T13:26:00","modified_gmt":"2024-02-15T13:26:00","slug":"am-cell-c200","status":"publish","type":"product","link":"https:\/\/3ds-solutions.eu\/si\/product\/am-cell-c200\/","title":{"rendered":"AM-CELL C200"},"content":{"rendered":"<p><b>Lahek\u00a0<\/b><\/p>\n<p>AM-CELL C200, ki je za 70 % la\u017eji in 60 % manj\u0161i od predhodnika, je standardizirana 3D re\u0161itev za merjenje delov med razvojem in pregledovanjem izdelkov. Njegove sestavne dele lahko en sam operater v dveh dneh preprosto sestavi v kon\u010dni sistem. Ta tehnologija plug-and-play omogo\u010da samodejno merjenje brez dela in ro\u010dno u\u010denje robota za hitro na\u010drtovanje poti, kar zmanj\u0161uje ovire za profesionalno poslovanje.<\/p>\n<p><b>Modularen in prilagodljiv<\/b><\/p>\n<p>Modularna funkcionalna zasnova in majhna povr\u0161ina omogo\u010data, da se C200 namesti v obliki \u010drke L, I, T in lo\u010deno, ter se tako prilagodi razli\u010dnim delovnim okoljem. Njegovi standardni vmesniki so zdru\u017eljivi z razli\u010dnimi zunanjimi napravami, kar omogo\u010da vsestranske meritve. Njegov cobot lahko sodeluje s \u0161tevilnimi pozicionirnimi napravami, kar operaterjem omogo\u010da menjavo delov na eni, medtem ko druge nadaljujejo z delom. Zaradi tega lahko proizvajalci skraj\u0161ajo \u010das mirovanja in mo\u010dno izbolj\u0161ajo u\u010dinkovitost meritev.<\/p>\n<p><b>Inovativno varno<\/b><\/p>\n<p>Sistem je zasnovan z aktivnimi varnostnimi funkcijami. Da bi se izognili nevarnostim, so robot in vrtljive mize opremljeni s servomehanizmi, ki zagotavljajo povratne informacije o sili. Fizi\u010dno varovalo ni potrebno, saj ima sistem desetstopenjsko zaznavanje trkov. Tako lahko \u010dlove\u0161ki operaterji in merilni sistemi sobivajo na delovnem mestu, pri tem pa ohranjajo varnost.<\/p>\n<p><b>Inteligentne meritve<\/b><\/p>\n<p>C200 je zdru\u017eljiv z opti\u010dnimi sistemi za sledenje 3D serije TrackScan-P podjetja Scantech in lahko samodejno meri dele brez prilepljenih tar\u010d. Zaradi izbolj\u0161ane stabilnosti lahko uporabniki u\u010dinkovito in dosledno izmerijo na stotine delov ter dose\u017eejo zanesljive in ponovljive rezultate.<\/p>\n<p>Model C200 operaterjem omogo\u010da samodejno preverjanje robov, njegovo izpopolnjeno merjenje vrednosti sivine pa zagotavlja natan\u010dne rezultate. Uporabniki lahko na kraju samem pridobijo natan\u010dne 3D-podatke o zaprtih zna\u010dilnostih, kot so luknje, utori in pravokotniki \u0161tancanih in strojno obdelanih delov.<\/p>\n<p><b>Nadzor kakovosti<\/b><\/p>\n<p>C200 je zdru\u017eljiv z razli\u010dnimi sistemi MES in programsko opremo za avtomatski nadzor kakovosti, ki se uporabljajo v industrijski proizvodnji. Z enim samim gumbom lahko uporabniki aktivirajo predloge, izra\u010dunajo podatke, pripravijo poro\u010dila o pregledih in ovrednotijo statisti\u010dne podatke ter tako pridobijo vpogled, ki lahko izbolj\u0161a u\u010dinkovitost proizvodnje in zagotovi natan\u010den nadzor kakovosti.<\/p>\n<ul>\n<li aria-level=\"1\"><b>Za raziskave in razvoj<\/b>: C200 ima petkrat hitrej\u0161o hitrost merjenja kot standardne CMM, kar je klju\u010dnega pomena za pospe\u0161itev raziskav in razvoja, skraj\u0161anje \u010dasa za zagon in skraj\u0161anje \u010dasa za lansiranje inovativnih izdelkov na trg.<\/li>\n<li aria-level=\"1\"><b>Za proizvodnjo:<\/b> Ponuja pregled enega dela, pregled ve\u010d delov in pregled serije z analizo trendov. To uporabnikom omogo\u010da spremljanje razvoja serij, napovedovanje trendov okvarjenih izdelkov, zmanj\u0161evanje stopnje izmeta in zagotavljanje stabilnosti proizvodnje.<\/li>\n<\/ul>\n<p>Obse\u017ene aplikacije:<\/p>\n<ul>\n<li aria-level=\"1\"><b>V proizvodnji:<\/b> Merilna celica omogo\u010da merjenje na kraju samem v proizvodni hali, ne glede na osvetlitev ali temperaturne spremembe. Predmete lahko pravilno izmeri tudi v te\u017ekih razmerah na delovnem obmo\u010dju.<\/li>\n<li aria-level=\"1\"><b>Prostor za CMM<\/b> Sistem lahko deluje varno in dosledno, ne da bi bile potrebne posebne nastavitve. Fizi\u010dna varovalna ograja ni obvezna in je odvisna od potreb uporabnikov.<\/li>\n<li aria-level=\"1\"><b>Izobra\u017eevalne ustanove:<\/b> S \u0161tevilnimi metodami programiranja se lahko u\u010ditelji in celo u\u010denci z malo izku\u0161njami v kratkem \u010dasu nau\u010dijo varno upravljati merilni sistem. To dokazuje na\u0161o predanost ustvarjanju ekosistema za \u0161irjenje talentov s kombinacijo industrije, univerz in raziskav.<\/li>\n<\/ul>\n<p><b>Ustreza zahtevam razli\u010dnih panog:<\/b><\/p>\n<ul>\n<li aria-level=\"1\"><b>Letalska industrija<\/b> - Meroslovno 3D-skeniranje za razvoj izdelkov in na podro\u010dju vzdr\u017eevanja in servisiranja.<\/li>\n<li aria-level=\"1\"><b>Avtomobilska industrija<\/b> - Izbolj\u0161a u\u010dinkovitost dela z natan\u010dnimi 3D merilnimi instrumenti od zasnove do proizvodnje.<\/li>\n<li aria-level=\"1\"><b>Livarska industrija<\/b> - Uporaba 3D skenerja za optimizacijo oblikovanja kalupov, odkrivanje korozije in arhiviranje.<\/li>\n<li aria-level=\"1\"><b>Energetika in te\u017eka industrija<\/b> - Krepitev razvoja energetske industrije in spodbujanje nadgradnje industrije te\u017ekih strojev.<\/li>\n<li aria-level=\"1\"><b>\u017delezni\u0161ki promet in ladjedelni\u0161tvo<\/b> - Zagotavljanje natan\u010dnih rezultatov meritev za razvoj izdelkov, virtualno sestavljanje in ponovljive analize.<\/li>\n<li aria-level=\"1\"><b>Neindustrijska dejavnost<\/b> - Izpolnjevanje potreb po 3D digitalizaciji za podro\u010dja, kot so medicina, arhitektura, znanost, izobra\u017eevanje in zabava.<\/li>\n<\/ul>","protected":false},"excerpt":{"rendered":"<p>AM-CELL C200 je opti\u010dni avtomatizirani 3D-merilni sistem \"vse-v-enem\", ki je zasnovan za merjenje srednje velikih predmetov in omogo\u010da meritve na vi\u0161ji ravni. Njegova modularna zasnova omogo\u010da razli\u010dne postavitve in hitro namestitev. Sistem, ki lahko deluje brez fizi\u010dnega varovala, je zasnovan z aktivnim varnostnim sistemom za odpravo ne\u017eelenih nevarnosti. Njegovo delovanje je varno in tesno povezano z operaterji, zato je idealen za meritve v proizvodni hali, v sobah za CMM in v izobra\u017eevalnih ustanovah. Zagotavlja avtomatizirano merilno re\u0161itev za nadzor kakovosti v celotnem proizvodnem ciklu, kar podjetjem omogo\u010da raz\u0161iritev avtomatizacije, izbolj\u0161anje inteligentne proizvodnje in posodobitev poslovanja.<\/p>","protected":false},"featured_media":1170,"template":"","meta":{"_uag_custom_page_level_css":"","site-sidebar-layout":"default","site-content-layout":"","ast-site-content-layout":"default","site-content-style":"default","site-sidebar-style":"default","ast-global-header-display":"","ast-banner-title-visibility":"","ast-main-header-display":"","ast-hfb-above-header-display":"","ast-hfb-below-header-display":"","ast-hfb-mobile-header-display":"","site-post-title":"","ast-breadcrumbs-content":"","ast-featured-img":"","footer-sml-layout":"","theme-transparent-header-meta":"default","adv-header-id-meta":"","stick-header-meta":"","header-above-stick-meta":"","header-main-stick-meta":"","header-below-stick-meta":"","astra-migrate-meta-layouts":"set","ast-page-background-enabled":"default","ast-page-background-meta":{"desktop":{"background-color":"var(--ast-global-color-4)","background-image":"","background-repeat":"repeat","background-position":"center center","background-size":"auto","background-attachment":"scroll","background-type":"","background-media":"","overlay-type":"","overlay-color":"","overlay-gradient":""},"tablet":{"background-color":"","background-image":"","background-repeat":"repeat","background-position":"center center","background-size":"auto","background-attachment":"scroll","background-type":"","background-media":"","overlay-type":"","overlay-color":"","overlay-gradient":""},"mobile":{"background-color":"","background-image":"","background-repeat":"repeat","background-position":"center center","background-size":"auto","background-attachment":"scroll","background-type":"","background-media":"","overlay-type":"","overlay-color":"","overlay-gradient":""}},"ast-content-background-meta":{"desktop":{"background-color":"var(--ast-global-color-5)","background-image":"","background-repeat":"repeat","background-position":"center center","background-size":"auto","background-attachment":"scroll","background-type":"","background-media":"","overlay-type":"","overlay-color":"","overlay-gradient":""},"tablet":{"background-color":"var(--ast-global-color-5)","background-image":"","background-repeat":"repeat","background-position":"center center","background-size":"auto","background-attachment":"scroll","background-type":"","background-media":"","overlay-type":"","overlay-color":"","overlay-gradient":""},"mobile":{"background-color":"var(--ast-global-color-5)","background-image":"","background-repeat":"repeat","background-position":"center center","background-size":"auto","background-attachment":"scroll","background-type":"","background-media":"","overlay-type":"","overlay-color":"","overlay-gradient":""}}},"product_cat":[18,23],"product_tag":[],"class_list":{"0":"post-1169","1":"product","2":"type-product","3":"status-publish","4":"has-post-thumbnail","6":"product_cat-3d-scanners","7":"product_cat-automated-3d-system","8":"desktop-align-left","9":"tablet-align-left","10":"mobile-align-left","12":"first","13":"instock","14":"shipping-taxable","15":"product-type-simple"},"uagb_featured_image_src":{"full":["https:\/\/3ds-solutions.eu\/wp-content\/uploads\/2024\/02\/am-cell-1.png",800,800,false],"thumbnail":["https:\/\/3ds-solutions.eu\/wp-content\/uploads\/2024\/02\/am-cell-1-150x150.png",150,150,true],"medium":["https:\/\/3ds-solutions.eu\/wp-content\/uploads\/2024\/02\/am-cell-1-300x300.png",300,300,true],"medium_large":["https:\/\/3ds-solutions.eu\/wp-content\/uploads\/2024\/02\/am-cell-1-768x768.png",768,768,true],"large":["https:\/\/3ds-solutions.eu\/wp-content\/uploads\/2024\/02\/am-cell-1.png",800,800,false],"1536x1536":["https:\/\/3ds-solutions.eu\/wp-content\/uploads\/2024\/02\/am-cell-1.png",800,800,false],"2048x2048":["https:\/\/3ds-solutions.eu\/wp-content\/uploads\/2024\/02\/am-cell-1.png",800,800,false],"trp-custom-language-flag":["https:\/\/3ds-solutions.eu\/wp-content\/uploads\/2024\/02\/am-cell-1-12x12.png",12,12,true],"woocommerce_thumbnail":["https:\/\/3ds-solutions.eu\/wp-content\/uploads\/2024\/02\/am-cell-1-600x600.png",600,600,true],"woocommerce_single":["https:\/\/3ds-solutions.eu\/wp-content\/uploads\/2024\/02\/am-cell-1-600x600.png",600,600,true],"woocommerce_gallery_thumbnail":["https:\/\/3ds-solutions.eu\/wp-content\/uploads\/2024\/02\/am-cell-1-100x100.png",100,100,true]},"uagb_author_info":{"display_name":"Sandi Sukic","author_link":"https:\/\/3ds-solutions.eu\/si\/author\/"},"uagb_comment_info":0,"uagb_excerpt":"The AM-CELL C200 is an all-in-one optical automated 3D measurement system designed to measure medium-sized objects, taking measurements to higher level. Its modular design enables different layouts and quick setup. The system, which may be operated without a physical fender, is designed with an active safety system to eliminate potential threats. It is safe to&hellip;","_links":{"self":[{"href":"https:\/\/3ds-solutions.eu\/si\/wp-json\/wp\/v2\/product\/1169","targetHints":{"allow":["GET"]}}],"collection":[{"href":"https:\/\/3ds-solutions.eu\/si\/wp-json\/wp\/v2\/product"}],"about":[{"href":"https:\/\/3ds-solutions.eu\/si\/wp-json\/wp\/v2\/types\/product"}],"wp:featuredmedia":[{"embeddable":true,"href":"https:\/\/3ds-solutions.eu\/si\/wp-json\/wp\/v2\/media\/1170"}],"wp:attachment":[{"href":"https:\/\/3ds-solutions.eu\/si\/wp-json\/wp\/v2\/media?parent=1169"}],"wp:term":[{"taxonomy":"product_cat","embeddable":true,"href":"https:\/\/3ds-solutions.eu\/si\/wp-json\/wp\/v2\/product_cat?post=1169"},{"taxonomy":"product_tag","embeddable":true,"href":"https:\/\/3ds-solutions.eu\/si\/wp-json\/wp\/v2\/product_tag?post=1169"}],"curies":[{"name":"wp","href":"https:\/\/api.w.org\/{rel}","templated":true}]}}