{"id":1167,"date":"2024-02-14T13:42:09","date_gmt":"2024-02-14T13:42:09","guid":{"rendered":"https:\/\/3ds-solutions.eu\/?post_type=product&#038;p=1167"},"modified":"2024-02-15T09:35:17","modified_gmt":"2024-02-15T09:35:17","slug":"trackprobe","status":"publish","type":"product","link":"https:\/\/3ds-solutions.eu\/si\/product\/trackprobe\/","title":{"rendered":"TrackProbe 3D Sondirni Sistem"},"content":{"rendered":"<p><strong>Izpostavljene lastnosti:<\/strong><\/p>\n<ul>\n<li aria-level=\"1\"><b>Obse\u017ene meritve<\/b> - V povezavi z i-Trackerjem, ki ima obse\u017eno vidno polje, lahko i-Probe meri dele do 6 metrov dale\u010d. Razdalja sledenja se lahko pove\u010da na 10 metrov. Zmo\u017enost merjenja na \u0161irokem obmo\u010dju mu omogo\u010da merjenje velikih predmetov z izjemno natan\u010dnostjo in zmogljivostjo.<\/li>\n<li aria-level=\"1\"><b>Rezultati na meroslovni ravni<\/b> - TrackProbe uporablja zelo natan\u010dno opti\u010dno sledenje in robustne algoritme za merjenje oblik, geometrijskih dimenzij in toleranc razli\u010dnih delov z visoko natan\u010dnostjo. Volumenska natan\u010dnost je 0,089 mm za 49,0 m\u00b3, 0,067 mm za 28,6 m\u00b3 in 0,049 mm za 10,4 m\u00b3.<\/li>\n<li aria-level=\"1\"><b>Globoke skrite to\u010dke<\/b> - Zahvaljujo\u010d dol\u017eini 500 mm (brez tipala) in naprednemu algoritmu lahko i-Probe zlahka in z visoko natan\u010dnostjo meri referen\u010dne luknje, skrite to\u010dke ali te\u017eko dostopna mesta, tudi \u010de so nekatere tar\u010de zakrite. To omogo\u010da enostavno merjenje in prilagajanje razli\u010dnim strukturam. \u0160e posebej je idealna za merjenje avtomobilskih delov, zapletenih struktur letalskih komponent, cevovodov, lukenj in nepravilnih delov.<\/li>\n<li aria-level=\"1\"><b>Neprekinjeno merjenje<\/b> - Lokacijam za merjenje s sondo se lahko pribli\u017eate iz katere koli smeri, dokler je i-Probe v vidnem polju kamer opti\u010dnega sledilnika. Sledilna naprava lahko v realnem \u010dasu spremlja in izrisuje polo\u017eaje sonde i-Probe v koordinatni sistem, kar omogo\u010da neprekinjeno merjenje brez prestavljanja.<\/li>\n<li aria-level=\"1\"><b>Enostavno premikanje<\/b> - Zaradi napredne programske opreme in algoritmov za dolo\u010danje polo\u017eaja potrebuje i-Tracker le nekaj markerjev za premikanje in nadaljnje sledenje sondi i-Probe. Je zelo u\u010dinkovit pri pridobivanju podatkov o velikosti delov na dolgih razdaljah ter bistveno poenostavlja postopke merjenja in premikanja.<\/li>\n<\/ul>\n<p><strong>Prilagodljiv in prenosen:<\/strong><\/p>\n<ul>\n<li aria-level=\"1\"><b>Prenos podatkov<\/b> - TrackProbe omogo\u010da \u017ei\u010dni in brez\u017ei\u010dni prenos podatkov. Brez\u017ei\u010dni na\u010din uporabnikom omogo\u010da merjenje na kraju samem brez mehanskih ali kabelskih omejitev, \u017ei\u010dni na\u010din pa zagotavlja dodatno varnost in zanesljivost pri prenosu podatkov v nepri\u010dakovanih situacijah.<\/li>\n<li aria-level=\"1\"><b>Brezhibno preklapljanje med skeniranjem in sondiranjem<\/b> - TViewer, lastno razvita 3D programska oprema, lahko samodejno integrira koordinatne sisteme podatkov skeniranja in sondiranja, kar uporabnikom omogo\u010da brezhibno preklapljanje med skeniranjem in sondiranjem, rezultat pa je bolj preprosto merjenje.<\/li>\n<li aria-level=\"1\"><b>Raznolika uporaba <\/b>- Sonda i-Probe je lahka, prenosna in zanesljiva. Deluje lahko v razli\u010dnih okoljih, ne glede na vibracije, temperaturne spremembe, vla\u017enost ali osvetlitev. Za izra\u010dun in popravljanje odstopanj polo\u017eaja uporablja dinami\u010dno referenciranje, kar omogo\u010da zelo natan\u010dne meritve v proizvodnih prostorih ali na prostem. Brez te\u017eav lahko dela s kompleksnimi povr\u0161inami, zelo natan\u010dnimi deli in velikimi deli.<\/li>\n<\/ul>\n<p><b>Ustreza zahtevam razli\u010dnih panog:<\/b><\/p>\n<ul>\n<li aria-level=\"1\"><b>Letalska industrija<\/b> - Meroslovno 3D-skeniranje za razvoj izdelkov in na podro\u010dju vzdr\u017eevanja in servisiranja.<\/li>\n<li aria-level=\"1\"><b>Avtomobilska industrija<\/b> - Izbolj\u0161a u\u010dinkovitost dela z natan\u010dnimi 3D merilnimi instrumenti od zasnove do proizvodnje.<\/li>\n<li aria-level=\"1\"><b>Livarska industrija<\/b> - Uporaba 3D skenerja za optimizacijo oblikovanja kalupov, odkrivanje korozije in arhiviranje.<\/li>\n<li aria-level=\"1\"><b>Energetika in te\u017eka industrija<\/b> - Krepitev razvoja energetske industrije in spodbujanje nadgradnje industrije te\u017ekih strojev.<\/li>\n<li aria-level=\"1\"><b>\u017delezni\u0161ki promet in ladjedelni\u0161tvo<\/b> - Zagotavljanje natan\u010dnih rezultatov meritev za razvoj izdelkov, virtualno sestavljanje in ponovljive analize.<\/li>\n<li aria-level=\"1\"><b>Neindustrijska dejavnost<\/b> - Izpolnjevanje potreb po 3D digitalizaciji za podro\u010dja, kot so medicina, arhitektura, znanost, izobra\u017eevanje in zabava.<\/li>\n<\/ul>","protected":false},"excerpt":{"rendered":"<p>Sistem za 3D sondiranje TrackProbe, ki je sestavljen iz sledilne sonde i-Probe in najnovej\u0161ega opti\u010dnega sledilnika i-Tracker, je namenjen meritvam na meroslovni ravni. Je zelo natan\u010den, prenosen in uporabniku prijazen ter zagotavlja visokokakovostne meritve za dele ve\u010djih merilnih volumnov, na velikih razdaljah in v zahtevnih pogojih.<\/p>\n<p>TrackProbe je sistem, ki omogo\u010da izvajanje 3D-meritev z visoko natan\u010dnostjo in prilagodljivostjo. Uporablja se lahko pri razli\u010dnih opravilih v delavnici, kot so nastavljanje pritrdilnih elementov, ozna\u010devanje referen\u010dnih to\u010dk ter geometrijski in dimenzijski pregled in\u017eenirskih naprav. TrackProbe lahko meri tako majhne kot velike dele in nima omejitev glede pogojev merjenja.<\/p>","protected":false},"featured_media":1168,"template":"","meta":{"_uag_custom_page_level_css":"","site-sidebar-layout":"default","site-content-layout":"","ast-site-content-layout":"default","site-content-style":"default","site-sidebar-style":"default","ast-global-header-display":"","ast-banner-title-visibility":"","ast-main-header-display":"","ast-hfb-above-header-display":"","ast-hfb-below-header-display":"","ast-hfb-mobile-header-display":"","site-post-title":"","ast-breadcrumbs-content":"","ast-featured-img":"","footer-sml-layout":"","theme-transparent-header-meta":"default","adv-header-id-meta":"","stick-header-meta":"","header-above-stick-meta":"","header-main-stick-meta":"","header-below-stick-meta":"","astra-migrate-meta-layouts":"set","ast-page-background-enabled":"default","ast-page-background-meta":{"desktop":{"background-color":"var(--ast-global-color-4)","background-image":"","background-repeat":"repeat","background-position":"center center","background-size":"auto","background-attachment":"scroll","background-type":"","background-media":"","overlay-type":"","overlay-color":"","overlay-gradient":""},"tablet":{"background-color":"","background-image":"","background-repeat":"repeat","background-position":"center center","background-size":"auto","background-attachment":"scroll","background-type":"","background-media":"","overlay-type":"","overlay-color":"","overlay-gradient":""},"mobile":{"background-color":"","background-image":"","background-repeat":"repeat","background-position":"center center","background-size":"auto","background-attachment":"scroll","background-type":"","background-media":"","overlay-type":"","overlay-color":"","overlay-gradient":""}},"ast-content-background-meta":{"desktop":{"background-color":"var(--ast-global-color-5)","background-image":"","background-repeat":"repeat","background-position":"center center","background-size":"auto","background-attachment":"scroll","background-type":"","background-media":"","overlay-type":"","overlay-color":"","overlay-gradient":""},"tablet":{"background-color":"var(--ast-global-color-5)","background-image":"","background-repeat":"repeat","background-position":"center center","background-size":"auto","background-attachment":"scroll","background-type":"","background-media":"","overlay-type":"","overlay-color":"","overlay-gradient":""},"mobile":{"background-color":"var(--ast-global-color-5)","background-image":"","background-repeat":"repeat","background-position":"center center","background-size":"auto","background-attachment":"scroll","background-type":"","background-media":"","overlay-type":"","overlay-color":"","overlay-gradient":""}}},"product_cat":[18,22],"product_tag":[],"class_list":{"0":"post-1167","1":"product","2":"type-product","3":"status-publish","4":"has-post-thumbnail","6":"product_cat-3d-scanners","7":"product_cat-tracking-3d-system","8":"desktop-align-left","9":"tablet-align-left","10":"mobile-align-left","12":"first","13":"instock","14":"shipping-taxable","15":"product-type-simple"},"uagb_featured_image_src":{"full":["https:\/\/3ds-solutions.eu\/wp-content\/uploads\/2024\/02\/trackprobe.png",478,478,false],"thumbnail":["https:\/\/3ds-solutions.eu\/wp-content\/uploads\/2024\/02\/trackprobe-150x150.png",150,150,true],"medium":["https:\/\/3ds-solutions.eu\/wp-content\/uploads\/2024\/02\/trackprobe-300x300.png",300,300,true],"medium_large":["https:\/\/3ds-solutions.eu\/wp-content\/uploads\/2024\/02\/trackprobe.png",478,478,false],"large":["https:\/\/3ds-solutions.eu\/wp-content\/uploads\/2024\/02\/trackprobe.png",478,478,false],"1536x1536":["https:\/\/3ds-solutions.eu\/wp-content\/uploads\/2024\/02\/trackprobe.png",478,478,false],"2048x2048":["https:\/\/3ds-solutions.eu\/wp-content\/uploads\/2024\/02\/trackprobe.png",478,478,false],"trp-custom-language-flag":["https:\/\/3ds-solutions.eu\/wp-content\/uploads\/2024\/02\/trackprobe-12x12.png",12,12,true],"woocommerce_thumbnail":["https:\/\/3ds-solutions.eu\/wp-content\/uploads\/2024\/02\/trackprobe.png",478,478,false],"woocommerce_single":["https:\/\/3ds-solutions.eu\/wp-content\/uploads\/2024\/02\/trackprobe.png",478,478,false],"woocommerce_gallery_thumbnail":["https:\/\/3ds-solutions.eu\/wp-content\/uploads\/2024\/02\/trackprobe-100x100.png",100,100,true]},"uagb_author_info":{"display_name":"Sandi Sukic","author_link":"https:\/\/3ds-solutions.eu\/si\/author\/"},"uagb_comment_info":0,"uagb_excerpt":"The TrackProbe 3D probing system, which consists of a tracking i-Probe and the most recent optical tracker i-Tracker, is intended for metrology-level measurements. It is highly accurate, portable, and user-friendly, ensuring high-quality measurements for parts in large measurement volumes, across long distances, and in challenging conditions. TrackProbe is a system that allows you to take&hellip;","_links":{"self":[{"href":"https:\/\/3ds-solutions.eu\/si\/wp-json\/wp\/v2\/product\/1167","targetHints":{"allow":["GET"]}}],"collection":[{"href":"https:\/\/3ds-solutions.eu\/si\/wp-json\/wp\/v2\/product"}],"about":[{"href":"https:\/\/3ds-solutions.eu\/si\/wp-json\/wp\/v2\/types\/product"}],"wp:featuredmedia":[{"embeddable":true,"href":"https:\/\/3ds-solutions.eu\/si\/wp-json\/wp\/v2\/media\/1168"}],"wp:attachment":[{"href":"https:\/\/3ds-solutions.eu\/si\/wp-json\/wp\/v2\/media?parent=1167"}],"wp:term":[{"taxonomy":"product_cat","embeddable":true,"href":"https:\/\/3ds-solutions.eu\/si\/wp-json\/wp\/v2\/product_cat?post=1167"},{"taxonomy":"product_tag","embeddable":true,"href":"https:\/\/3ds-solutions.eu\/si\/wp-json\/wp\/v2\/product_tag?post=1167"}],"curies":[{"name":"wp","href":"https:\/\/api.w.org\/{rel}","templated":true}]}}