{"id":1165,"date":"2024-02-14T08:35:47","date_gmt":"2024-02-14T08:35:47","guid":{"rendered":"https:\/\/3ds-solutions.eu\/?post_type=product&#038;p=1165"},"modified":"2024-02-21T14:33:53","modified_gmt":"2024-02-21T13:33:53","slug":"trackscan-p-3d-system","status":"publish","type":"product","link":"https:\/\/3ds-solutions.eu\/si\/product\/trackscan-p-3d-system\/","title":{"rendered":"TrackScan-P 3D Sistem"},"content":{"rendered":"<p><strong>Posebnosti skenerja:<\/strong><\/p>\n<ul>\n<li aria-level=\"1\"><b>Takoj\u0161nje 3D skeniranje<\/b> - Opti\u010dno sledenje sistema TrackScan-P 3D uporabnikom omogo\u010da, da takoj za\u010dnejo skenirati, ne da bi morali prilepiti markerje, kar znatno pove\u010da u\u010dinkovitost in zni\u017ea stro\u0161ke.<\/li>\n<li aria-level=\"1\"><b>Zaznavanje robov<\/b> - TrackScan ponuja posebno funkcijo, imenovano takoj\u0161nje zaznavanje robov. Uporabnikom omogo\u010da pregledovanje krogov, utorov in strojno obdelanih lukenj \u0161tancanih delov v razli\u010dnih kon\u010dnih obdelavah na kraju samem, ne da bi bilo treba uvoziti izvirne modele CAD. Merjenje vrednosti sivine in izbirni pomo\u017eni svetlobni modul omogo\u010data u\u010dinkovito zaznavanje robov. Dobre meritve so dose\u017eene z zagotavljanjem natan\u010dnih in ponovljivih pozicij in premerov lukenj.<\/li>\n<li aria-level=\"1\"><b>Hitro in natan\u010dno<\/b> - S prostim preklapljanjem med ve\u010d delovnimi na\u010dini se TrackScan prilagaja razli\u010dnim situacijam skeniranja z natan\u010dnostjo do 0,025 mm in izjemno visoko hitrostjo merjenja do 2 600 000 meritev\/s. Njegovih 7 vzporednih modrih laserskih linij se dobro obnese pri zajemanju podrobnosti. Ena sama modra laserska linija je namenjena u\u010dinkovitemu zbiranju 3D-podatkov o globokih luknjah in te\u017eko dostopnih obmo\u010djih.<\/li>\n<li aria-level=\"1\"><b>Velika prilagodljivost<\/b> - Robusten in zanesljiv, izdelan iz materialov, primernih za uporabo v letalstvu in vesolju. Ima tudi mo\u010dno sposobnost prepre\u010devanja motenj, ki mu omogo\u010da delovanje brez motenj zaradi temperaturnih sprememb ali vibracij. Prefinjen algoritem TrackScan mu omogo\u010da zanesljiv zajem 3D-podatkov tako na temnih kot odsevnih povr\u0161inah.<\/li>\n<\/ul>\n<p><strong>Raz\u0161irljive aplikacije:<\/strong><\/p>\n<ul>\n<li aria-level=\"1\"><b>i-Tracker<\/b> - Za merjenje velikih predmetov brez zmanj\u0161anja natan\u010dnosti je mogo\u010de dinami\u010dno raz\u0161iriti merilno obmo\u010dje z dodajanjem dodatnih i-Trackerjev.<\/li>\n<li aria-level=\"1\"><b>T-Probe<\/b> - Uporablja se lahko s sondo za sledenje T-Probe (na voljo v ve\u010d velikostih) za sondiranje nedostopnih obmo\u010dij, kot so luknje in skrita mesta. Ta kontaktna merilna sonda zagotavlja natan\u010dne vrednosti z visoko ponovljivostjo ene to\u010dke 0,030 mm.<\/li>\n<li aria-level=\"1\"><b>Avtomatizacija<\/b> - Za u\u010dinkovito serijsko merjenje jo je mogo\u010de namestiti na robotsko roko in tako ustvariti avtomatiziran 3D merilni sistem AM-CELL ali AutoScan-T.<\/li>\n<li aria-level=\"1\"><b>M-Track<\/b> - Za inteligentno na\u010drtovanje in vodenje robotske poti lahko napravo i-Tracker pove\u017eete tudi s programsko opremo za na\u010drtovanje poti.<\/li>\n<li aria-level=\"1\"><b>AirGO<\/b> - V kombinaciji z brez\u017ei\u010dno komunikacijsko povezavo AirGo Pro podjetja Scantech omogo\u010da prosto in mobilno 3D-skeniranje.<\/li>\n<\/ul>\n<p><b>Ustreza zahtevam razli\u010dnih panog:<\/b><\/p>\n<ul>\n<li aria-level=\"1\"><b>Letalska industrija<\/b> - Meroslovno 3D-skeniranje za razvoj izdelkov in na podro\u010dju vzdr\u017eevanja in servisiranja.<\/li>\n<li aria-level=\"1\"><b>Avtomobilska industrija<\/b> - Izbolj\u0161a u\u010dinkovitost dela z natan\u010dnimi 3D merilnimi instrumenti od zasnove do proizvodnje.<\/li>\n<li aria-level=\"1\"><b>Livarska industrija<\/b> - Uporaba 3D skenerja za optimizacijo oblikovanja kalupov, odkrivanje korozije in arhiviranje.<\/li>\n<li aria-level=\"1\"><b>Energetika in te\u017eka industrija<\/b> - Krepitev razvoja energetske industrije in spodbujanje nadgradnje industrije te\u017ekih strojev.<\/li>\n<li aria-level=\"1\"><b>\u017delezni\u0161ki promet in ladjedelni\u0161tvo<\/b> - Zagotavljanje natan\u010dnih rezultatov meritev za razvoj izdelkov, virtualno sestavljanje in ponovljive analize.<\/li>\n<li aria-level=\"1\"><b>Neindustrijska dejavnost<\/b> - Izpolnjevanje potreb po 3D digitalizaciji za podro\u010dja, kot so medicina, arhitektura, znanost, izobra\u017eevanje in zabava.<\/li>\n<\/ul>","protected":false},"excerpt":{"rendered":"<p>TrackScan-P je opremljen z inteligentnim opti\u010dnim sledilnim merjenjem in kamerami visoke lo\u010dljivosti, kar mu omogo\u010da natan\u010dno merjenje predmetov brez potrebe po referen\u010dnih to\u010dkah. Ta opti\u010dni 3D merilni sistem, ki vklju\u010duje prenosni 3D skener in opti\u010dno sledilno napravo i-Tracker, je idealen za 3D skeniranje velikih predmetov. Uporablja se v \u0161tevilnih panogah, kot so letalska in vesoljska industrija, avtomobilska industrija, \u017eelezni\u0161ki promet in livarstvo, za nadzor kakovosti, razvoj izdelkov in povratni in\u017eeniring.<\/p>\n<p>Z zdru\u017eitvijo z dodatnimi moduli omogo\u010da \u0161ir\u0161e aplikacije. Zdru\u017eimo ga lahko s pomo\u017enim svetlobnim modulom za pregledovanje krogov, utorov in strojno obdelanih lukenj v \u0161tancanih delih. S sledilno sondo T-Probe izvaja natan\u010dne sti\u010dne meritve robov, krogov in utorov. \u010ce ga namestite na robotsko roko, je optimalna izbira za inteligentno in avtomatizirano 3D pregledovanje.<\/p>","protected":false},"featured_media":1166,"template":"","meta":{"_uag_custom_page_level_css":"","site-sidebar-layout":"default","site-content-layout":"","ast-site-content-layout":"default","site-content-style":"default","site-sidebar-style":"default","ast-global-header-display":"","ast-banner-title-visibility":"","ast-main-header-display":"","ast-hfb-above-header-display":"","ast-hfb-below-header-display":"","ast-hfb-mobile-header-display":"","site-post-title":"","ast-breadcrumbs-content":"","ast-featured-img":"","footer-sml-layout":"","theme-transparent-header-meta":"default","adv-header-id-meta":"","stick-header-meta":"","header-above-stick-meta":"","header-main-stick-meta":"","header-below-stick-meta":"","astra-migrate-meta-layouts":"set","ast-page-background-enabled":"default","ast-page-background-meta":{"desktop":{"background-color":"var(--ast-global-color-4)","background-image":"","background-repeat":"repeat","background-position":"center center","background-size":"auto","background-attachment":"scroll","background-type":"","background-media":"","overlay-type":"","overlay-color":"","overlay-gradient":""},"tablet":{"background-color":"","background-image":"","background-repeat":"repeat","background-position":"center center","background-size":"auto","background-attachment":"scroll","background-type":"","background-media":"","overlay-type":"","overlay-color":"","overlay-gradient":""},"mobile":{"background-color":"","background-image":"","background-repeat":"repeat","background-position":"center center","background-size":"auto","background-attachment":"scroll","background-type":"","background-media":"","overlay-type":"","overlay-color":"","overlay-gradient":""}},"ast-content-background-meta":{"desktop":{"background-color":"var(--ast-global-color-5)","background-image":"","background-repeat":"repeat","background-position":"center center","background-size":"auto","background-attachment":"scroll","background-type":"","background-media":"","overlay-type":"","overlay-color":"","overlay-gradient":""},"tablet":{"background-color":"var(--ast-global-color-5)","background-image":"","background-repeat":"repeat","background-position":"center center","background-size":"auto","background-attachment":"scroll","background-type":"","background-media":"","overlay-type":"","overlay-color":"","overlay-gradient":""},"mobile":{"background-color":"var(--ast-global-color-5)","background-image":"","background-repeat":"repeat","background-position":"center center","background-size":"auto","background-attachment":"scroll","background-type":"","background-media":"","overlay-type":"","overlay-color":"","overlay-gradient":""}}},"product_cat":[18,22],"product_tag":[],"class_list":{"0":"post-1165","1":"product","2":"type-product","3":"status-publish","4":"has-post-thumbnail","6":"product_cat-3d-scanners","7":"product_cat-tracking-3d-system","8":"desktop-align-left","9":"tablet-align-left","10":"mobile-align-left","12":"first","13":"instock","14":"shipping-taxable","15":"product-type-simple"},"uagb_featured_image_src":{"full":["https:\/\/3ds-solutions.eu\/wp-content\/uploads\/2024\/02\/trackscan_p.png",750,750,false],"thumbnail":["https:\/\/3ds-solutions.eu\/wp-content\/uploads\/2024\/02\/trackscan_p-150x150.png",150,150,true],"medium":["https:\/\/3ds-solutions.eu\/wp-content\/uploads\/2024\/02\/trackscan_p-300x300.png",300,300,true],"medium_large":["https:\/\/3ds-solutions.eu\/wp-content\/uploads\/2024\/02\/trackscan_p.png",750,750,false],"large":["https:\/\/3ds-solutions.eu\/wp-content\/uploads\/2024\/02\/trackscan_p.png",750,750,false],"1536x1536":["https:\/\/3ds-solutions.eu\/wp-content\/uploads\/2024\/02\/trackscan_p.png",750,750,false],"2048x2048":["https:\/\/3ds-solutions.eu\/wp-content\/uploads\/2024\/02\/trackscan_p.png",750,750,false],"trp-custom-language-flag":["https:\/\/3ds-solutions.eu\/wp-content\/uploads\/2024\/02\/trackscan_p-12x12.png",12,12,true],"woocommerce_thumbnail":["https:\/\/3ds-solutions.eu\/wp-content\/uploads\/2024\/02\/trackscan_p-600x600.png",600,600,true],"woocommerce_single":["https:\/\/3ds-solutions.eu\/wp-content\/uploads\/2024\/02\/trackscan_p-600x600.png",600,600,true],"woocommerce_gallery_thumbnail":["https:\/\/3ds-solutions.eu\/wp-content\/uploads\/2024\/02\/trackscan_p-100x100.png",100,100,true]},"uagb_author_info":{"display_name":"Sandi Sukic","author_link":"https:\/\/3ds-solutions.eu\/si\/author\/"},"uagb_comment_info":0,"uagb_excerpt":"TrackScan-P is equipped with intelligent optical tracking measurement and high-resolution cameras, allowing it to precisely measure objects without the need for reference targets. This optical 3D measurement system, which includes a portable 3D scanner and the optical tracker i-Tracker, is ideal for 3D scanning large-scale objects. It has a wide range of applications in industries&hellip;","_links":{"self":[{"href":"https:\/\/3ds-solutions.eu\/si\/wp-json\/wp\/v2\/product\/1165","targetHints":{"allow":["GET"]}}],"collection":[{"href":"https:\/\/3ds-solutions.eu\/si\/wp-json\/wp\/v2\/product"}],"about":[{"href":"https:\/\/3ds-solutions.eu\/si\/wp-json\/wp\/v2\/types\/product"}],"wp:featuredmedia":[{"embeddable":true,"href":"https:\/\/3ds-solutions.eu\/si\/wp-json\/wp\/v2\/media\/1166"}],"wp:attachment":[{"href":"https:\/\/3ds-solutions.eu\/si\/wp-json\/wp\/v2\/media?parent=1165"}],"wp:term":[{"taxonomy":"product_cat","embeddable":true,"href":"https:\/\/3ds-solutions.eu\/si\/wp-json\/wp\/v2\/product_cat?post=1165"},{"taxonomy":"product_tag","embeddable":true,"href":"https:\/\/3ds-solutions.eu\/si\/wp-json\/wp\/v2\/product_tag?post=1165"}],"curies":[{"name":"wp","href":"https:\/\/api.w.org\/{rel}","templated":true}]}}