{"id":1163,"date":"2024-02-13T13:30:24","date_gmt":"2024-02-13T13:30:24","guid":{"rendered":"https:\/\/3ds-solutions.eu\/?post_type=product&#038;p=1163"},"modified":"2024-02-22T10:18:47","modified_gmt":"2024-02-22T09:18:47","slug":"trackscan-sharp-3d-system","status":"publish","type":"product","link":"https:\/\/3ds-solutions.eu\/si\/product\/trackscan-sharp-3d-system\/","title":{"rendered":"TrackScan-Sharp 3D Sistem"},"content":{"rendered":"<p><strong>Izpostavljene lastnosti:<\/strong><\/p>\n<ul>\n<li><b>Izjemno veliko pikslov za natan\u010dne podrobnosti<\/b> - Sistem za skeniranje je opremljen s povsem novo industrijsko kamero. Kamera ima 25 megapikslov, kar je petkrat ve\u010d kot prej\u0161nja razli\u010dica. Sistem lahko samodejno pridobiva dobre slike na razdalji do 6 metrov zaradi dinami\u010dnega prilagodljivega LED algoritma, globinske ostrine na dolgi razdalji in mo\u010dne zmo\u017enosti prepre\u010devanja motenj.<b>.<\/b><\/li>\n<li><b>Meritve velikega volumna<\/b> - Zaradi velikega volumna meritev in zmogljivega algoritma za merjenje robov je mogo\u010de v enem koraku skenirati obse\u017ene objekte. Uporabnikom pri merjenju velikih delov ni treba pogosto premikati sledilnika, zato so meritve u\u010dinkovitej\u0161e, bolj gladke in natan\u010dne.<\/li>\n<li><b>Robno ra\u010dunanje<\/b> - Novo zasnovani i-Tracker ima vgrajen procesor za u\u010dinkovito obdelavo slik in izra\u010dunavanje podatkov, vklju\u010dno z mo\u017enostjo dolo\u010danja koordinat v realnem \u010dasu. To inovativno robno ra\u010dunanje prihrani procesorsko mo\u010d, kar ra\u010dunalniku omogo\u010da u\u010dinkovitej\u0161e pregledovanje opti\u010dno prebranih podatkov. Optimizira podatke, zaradi \u010desar so ti zanesljivej\u0161i in stabilnej\u0161i, ter navdu\u0161uje potro\u0161nike s svojo izjemno zmogljivostjo.<\/li>\n<li><b>Izjemna natan\u010dnost<\/b> - Izpopolnjena strojna in programska oprema sistema TrackScan-Sharp zagotavlja rezultate meritev na meroslovni ravni in z visoko natan\u010dnostjo. Ta opti\u010dni 3D-sistem za sledenje zagotavlja, da meritve dosegajo visoke meroslovne standarde. Uporabniki lahko z veliko natan\u010dnostjo izmerijo velike dele zaradi velike prostornine sledenja, ki se je pove\u010dala za pribli\u017eno 200 %.<\/li>\n<li><b>Hitro 3D skeniranje<\/b> - Tehnologija opti\u010dnega sledenja TrackScan-Sharp omogo\u010da natan\u010dno merjenje delov brez uporabe referen\u010dnih to\u010dk. Njegova velika prostornina sledenja strankam omogo\u010da hkratno merjenje ve\u010d delov, kar znatno pove\u010da delovno u\u010dinkovitost.<\/li>\n<li><b>Nov prenos podatkov<\/b> - Sistem za 3D-skeniranje lahko po\u0161ilja podatke z \u017eico ali brez nje. Z o\u017ei\u010denim na\u010dinom lahko sistem prena\u0161a podatke na dalj\u0161e razdalje v skladu z industrijskimi merskimi standardi. Opcijski brez\u017ei\u010dni na\u010din podpira uporabo v razli\u010dnih delovnih okoljih in je priro\u010den zaradi na\u010dina delovanja plug-and-play. Hitro ga je mogo\u010de nastaviti in prilagodljivo uporabiti za razli\u010dne okoljske razmere, kar omogo\u010da u\u010dinkovite meritve.<\/li>\n<li><b>Inovativna zasnova <\/b>- Skener i-Scanner je izdelan iz ogljikovih vlaken v obliki sfere in je zasnovan za intenzivno uporabo. Njegov ergonomski ro\u010daj omogo\u010da dolgotrajno uporabo 3D-skenerja brez utrujenosti, kar omogo\u010da nemoteno merjenje. Skener i-Tracker ima intuitivni svetlobni trak, ki v realnem \u010dasu prikazuje stanje obratovanja. Votla re\u0161etkasta konstrukcija ohranja stalno temperaturo kamer med celotnim postopkom skeniranja.<\/li>\n<\/ul>\n<p><strong>Posebnosti skenerja:<\/strong><\/p>\n<ul>\n<li aria-level=\"1\"><b>Zaznavanje robov<\/b> - Omogo\u010da zelo natan\u010dno merjenje vrednosti sivine in zaznavanje robov brez senc in svetlobe. Uporabniki lahko natan\u010dno pregledajo zaprte elemente, zlasti izvrtine z navojem. Dobre meritve so zagotovljene z natan\u010dnimi in ponovljivimi rezultati meritev, kot so polo\u017eaji in premeri.<\/li>\n<li aria-level=\"1\"><b>Velika prilagodljivost<\/b> - Visoko prilagodljiv algoritem za pridobivanje podatkov zagotavlja, da lahko oprema hitro pridobi 3D-podatke s predmetov z razli\u010dnimi povr\u0161inami in materiali, vklju\u010dno z reflektivnimi, temnimi in barvitimi povr\u0161inami.<\/li>\n<li aria-level=\"1\"><b>i-Probe<\/b> - TrackScan-Sharp se lahko uporablja z ro\u010dno sondo i-Probe. Dolga je 500 mm in je na voljo z razli\u010dnimi tipali. Z njo lahko natan\u010dno zberete 3D-podatke z nedostopnih mest, kot so referen\u010dne luknje in skrite to\u010dke, tudi \u010de so nekatere to\u010dke blokirane.<\/li>\n<li aria-level=\"1\"><b>M-Track <\/b>- Z zdru\u017eitvijo sistema i-Tracker, orodnega simulatorja in programske opreme za na\u010drtovanje poti je nastal M-Track, inteligentni sistem za na\u010drtovanje in vodenje poti robota. Sistem vklju\u010duje module za zaznavanje, na\u010drtovanje in izvajanje za \u0161tevilne aplikacije, vklju\u010dno z bru\u0161enjem, nanosom premazov in varjenjem.<\/li>\n<\/ul>\n<p><b>Ustreza zahtevam razli\u010dnih panog:<\/b><\/p>\n<ul>\n<li aria-level=\"1\"><b>Letalska industrija<\/b> - Meroslovno 3D-skeniranje za razvoj izdelkov in na podro\u010dju vzdr\u017eevanja in servisiranja.<\/li>\n<li aria-level=\"1\"><b>Avtomobilska industrija<\/b> - Izbolj\u0161a u\u010dinkovitost dela z natan\u010dnimi 3D merilnimi instrumenti od zasnove do proizvodnje.<\/li>\n<li aria-level=\"1\"><b>Livarska industrija<\/b> - Uporaba 3D skenerja za optimizacijo oblikovanja kalupov, odkrivanje korozije in arhiviranje.<\/li>\n<li aria-level=\"1\"><b>Energetika in te\u017eka industrija<\/b> - Krepitev razvoja energetske industrije in spodbujanje nadgradnje industrije te\u017ekih strojev.<\/li>\n<li aria-level=\"1\"><b>\u017delezni\u0161ki promet in ladjedelni\u0161tvo<\/b> - Zagotavljanje natan\u010dnih rezultatov meritev za razvoj izdelkov, virtualno sestavljanje in ponovljive analize.<\/li>\n<li aria-level=\"1\"><b>Neindustrijska dejavnost<\/b> - Izpolnjevanje potreb po 3D digitalizaciji za podro\u010dja, kot so medicina, arhitektura, znanost, izobra\u017eevanje in zabava.<\/li>\n<\/ul>","protected":false},"excerpt":{"rendered":"<p>TrackScan-Sharp, ki ga sestavljata prenosni 3D skener i-Scanner in opti\u010dni sledilnik i-Tracker, je najnovej\u0161a razli\u010dica Scantechovega opti\u010dnega 3D merilnega sistema za velike komponente. Opti\u010dno merjenje povzdigne na novo raven, saj zagotavlja razdaljo sledenja do 6 metrov, prostorninsko obmo\u010dje 49 m3 in prostorninsko natan\u010dnost do 0,049 mm (10,4 m).<\/p>\n<p>Z vgrajenim procesorjem i-Tracker za robno ra\u010dunanje, 25-megapikselskimi industrijskimi kamerami in najsodobnej\u0161o tehnologijo je TrackScan-Sharp odli\u010dno zasnovan za merjenje velikih sestavnih delov ali ve\u010d delov hkrati, ne da bi vam bilo potrebno pogosto premikati sledilne naprave.<\/p>\n<p>Omogo\u010da tako \u017ei\u010dni kot brez\u017ei\u010dni prenos podatkov za razli\u010dne industrijske aplikacije, zato je skeniranje \u0161e enostavnej\u0161e. Z uporabo pomo\u017enega svetlobnega modula lahko pregleduje tudi izvrtine in utore. TrackScan-Sharp je idealen za u\u010dinkovite in stabilne meritve, ki izbolj\u0161ujejo razvoj izdelkov, nadzor kakovosti in ve\u010d.<\/p>","protected":false},"featured_media":1164,"template":"","meta":{"_uag_custom_page_level_css":"","site-sidebar-layout":"default","site-content-layout":"","ast-site-content-layout":"default","site-content-style":"default","site-sidebar-style":"default","ast-global-header-display":"","ast-banner-title-visibility":"","ast-main-header-display":"","ast-hfb-above-header-display":"","ast-hfb-below-header-display":"","ast-hfb-mobile-header-display":"","site-post-title":"","ast-breadcrumbs-content":"","ast-featured-img":"","footer-sml-layout":"","theme-transparent-header-meta":"default","adv-header-id-meta":"","stick-header-meta":"","header-above-stick-meta":"","header-main-stick-meta":"","header-below-stick-meta":"","astra-migrate-meta-layouts":"set","ast-page-background-enabled":"default","ast-page-background-meta":{"desktop":{"background-color":"var(--ast-global-color-4)","background-image":"","background-repeat":"repeat","background-position":"center center","background-size":"auto","background-attachment":"scroll","background-type":"","background-media":"","overlay-type":"","overlay-color":"","overlay-gradient":""},"tablet":{"background-color":"","background-image":"","background-repeat":"repeat","background-position":"center center","background-size":"auto","background-attachment":"scroll","background-type":"","background-media":"","overlay-type":"","overlay-color":"","overlay-gradient":""},"mobile":{"background-color":"","background-image":"","background-repeat":"repeat","background-position":"center center","background-size":"auto","background-attachment":"scroll","background-type":"","background-media":"","overlay-type":"","overlay-color":"","overlay-gradient":""}},"ast-content-background-meta":{"desktop":{"background-color":"var(--ast-global-color-5)","background-image":"","background-repeat":"repeat","background-position":"center center","background-size":"auto","background-attachment":"scroll","background-type":"","background-media":"","overlay-type":"","overlay-color":"","overlay-gradient":""},"tablet":{"background-color":"var(--ast-global-color-5)","background-image":"","background-repeat":"repeat","background-position":"center center","background-size":"auto","background-attachment":"scroll","background-type":"","background-media":"","overlay-type":"","overlay-color":"","overlay-gradient":""},"mobile":{"background-color":"var(--ast-global-color-5)","background-image":"","background-repeat":"repeat","background-position":"center center","background-size":"auto","background-attachment":"scroll","background-type":"","background-media":"","overlay-type":"","overlay-color":"","overlay-gradient":""}}},"product_cat":[18,22],"product_tag":[],"class_list":{"0":"post-1163","1":"product","2":"type-product","3":"status-publish","4":"has-post-thumbnail","6":"product_cat-3d-scanners","7":"product_cat-tracking-3d-system","8":"desktop-align-left","9":"tablet-align-left","10":"mobile-align-left","12":"first","13":"instock","14":"shipping-taxable","15":"product-type-simple"},"uagb_featured_image_src":{"full":["https:\/\/3ds-solutions.eu\/wp-content\/uploads\/2024\/02\/trackscan_sharp.png",768,768,false],"thumbnail":["https:\/\/3ds-solutions.eu\/wp-content\/uploads\/2024\/02\/trackscan_sharp-150x150.png",150,150,true],"medium":["https:\/\/3ds-solutions.eu\/wp-content\/uploads\/2024\/02\/trackscan_sharp-300x300.png",300,300,true],"medium_large":["https:\/\/3ds-solutions.eu\/wp-content\/uploads\/2024\/02\/trackscan_sharp.png",768,768,false],"large":["https:\/\/3ds-solutions.eu\/wp-content\/uploads\/2024\/02\/trackscan_sharp.png",768,768,false],"1536x1536":["https:\/\/3ds-solutions.eu\/wp-content\/uploads\/2024\/02\/trackscan_sharp.png",768,768,false],"2048x2048":["https:\/\/3ds-solutions.eu\/wp-content\/uploads\/2024\/02\/trackscan_sharp.png",768,768,false],"trp-custom-language-flag":["https:\/\/3ds-solutions.eu\/wp-content\/uploads\/2024\/02\/trackscan_sharp-12x12.png",12,12,true],"woocommerce_thumbnail":["https:\/\/3ds-solutions.eu\/wp-content\/uploads\/2024\/02\/trackscan_sharp-600x600.png",600,600,true],"woocommerce_single":["https:\/\/3ds-solutions.eu\/wp-content\/uploads\/2024\/02\/trackscan_sharp-600x600.png",600,600,true],"woocommerce_gallery_thumbnail":["https:\/\/3ds-solutions.eu\/wp-content\/uploads\/2024\/02\/trackscan_sharp-100x100.png",100,100,true]},"uagb_author_info":{"display_name":"Sandi Sukic","author_link":"https:\/\/3ds-solutions.eu\/si\/author\/"},"uagb_comment_info":0,"uagb_excerpt":"TrackScan-Sharp, which consists of a portable 3D scanner i-Scanner and an optical i-Tracker, is the latest iteration of Scantech's optical 3D measurement system for large-scale components. It elevates optical measuring to a new level by providing a tracking distance of up to 6 meters, a volumetric range of 49 m3, and volumetric accuracy of up&hellip;","_links":{"self":[{"href":"https:\/\/3ds-solutions.eu\/si\/wp-json\/wp\/v2\/product\/1163","targetHints":{"allow":["GET"]}}],"collection":[{"href":"https:\/\/3ds-solutions.eu\/si\/wp-json\/wp\/v2\/product"}],"about":[{"href":"https:\/\/3ds-solutions.eu\/si\/wp-json\/wp\/v2\/types\/product"}],"wp:featuredmedia":[{"embeddable":true,"href":"https:\/\/3ds-solutions.eu\/si\/wp-json\/wp\/v2\/media\/1164"}],"wp:attachment":[{"href":"https:\/\/3ds-solutions.eu\/si\/wp-json\/wp\/v2\/media?parent=1163"}],"wp:term":[{"taxonomy":"product_cat","embeddable":true,"href":"https:\/\/3ds-solutions.eu\/si\/wp-json\/wp\/v2\/product_cat?post=1163"},{"taxonomy":"product_tag","embeddable":true,"href":"https:\/\/3ds-solutions.eu\/si\/wp-json\/wp\/v2\/product_tag?post=1163"}],"curies":[{"name":"wp","href":"https:\/\/api.w.org\/{rel}","templated":true}]}}