{"id":1159,"date":"2024-02-13T11:24:05","date_gmt":"2024-02-13T11:24:05","guid":{"rendered":"https:\/\/3ds-solutions.eu\/?post_type=product&#038;p=1159"},"modified":"2024-02-21T12:31:40","modified_gmt":"2024-02-21T12:31:40","slug":"mscan-l15-photogrammetry-system","status":"publish","type":"product","link":"https:\/\/3ds-solutions.eu\/si\/product\/mscan-l15-photogrammetry-system\/","title":{"rendered":"MSCAN-L15 Fotogrametri\u010dni Sistem"},"content":{"rendered":"<p><strong>Izpostavljene lastnosti:<\/strong><\/p>\n<ul>\n<li aria-level=\"1\"><b>Natan\u010dnost na meroslovni ravni<\/b> - Volumetri\u010dna natan\u010dnost do 0,012 mm\/m, pove\u010dana za 40 %.<\/li>\n<li aria-level=\"1\"><b>Neprimerljiva u\u010dinkovitost<\/b> - Obmo\u010dje zajemanja je do 9,4 m \u00d7 6,9 m, kar je za 200 % ve\u010d; globinska ostrina dose\u017ee 6,5 m, kar je za 100 % ve\u010d.<\/li>\n<li aria-level=\"1\"><b>Edinstven na\u010din HDR<\/b> - Na\u010din HDR omogo\u010da mo\u010dno prilagodljivost okolju, modra LED svetloba pa dose\u017ee ve\u010djo natan\u010dnost pregleda.<\/li>\n<li aria-level=\"1\"><b>Zaznavanje deformacij<\/b> - Pridobi natan\u010dne 3D-podatke o deformiranih obdelovancih in generira intuitivne vrednosti odstopanj.<\/li>\n<li aria-level=\"1\"><b>Ve\u010d adapterjev<\/b> - Uporabniki lahko z razli\u010dnimi adapterji pregledajo bistvene pozicije (kot sta cilindri\u010dna osna razdalja in sredi\u0161\u010de luknje) delov.<\/li>\n<\/ul>\n<p><b>Ustreza zahtevam razli\u010dnih panog:<\/b><\/p>\n<ul>\n<li aria-level=\"1\"><b>Letalska industrija<\/b> - Meroslovno 3D-skeniranje za razvoj izdelkov in na podro\u010dju vzdr\u017eevanja in servisiranja.<\/li>\n<li aria-level=\"1\"><b>Avtomobilska industrija<\/b> - Izbolj\u0161a u\u010dinkovitost dela z natan\u010dnimi 3D merilnimi instrumenti od zasnove do proizvodnje.<\/li>\n<li aria-level=\"1\"><b>Livarska industrija<\/b> &#8211; Portable 3D scanner to optimize mold design, mold corrosion detection and archiving.<\/li>\n<li aria-level=\"1\"><b>Energetika in te\u017eka industrija<\/b> - Krepitev razvoja energetske industrije in spodbujanje nadgradnje industrije te\u017ekih strojev.<\/li>\n<li aria-level=\"1\"><b>\u017delezni\u0161ki promet in ladjedelni\u0161tvo<\/b> - Zagotavljanje natan\u010dnih rezultatov meritev za razvoj izdelkov, virtualno sestavljanje in ponovljive analize.<\/li>\n<li aria-level=\"1\"><b>Neindustrijska dejavnost<\/b> - Izpolnjevanje potreb po 3D digitalizaciji za podro\u010dja, kot so medicina, arhitektura, znanost, izobra\u017eevanje in zabava.<\/li>\n<\/ul>","protected":false},"excerpt":{"rendered":"<p>Fotogrametri\u010dni sistem MSCAN-L15 je zasnovan za zagotavljanje zelo natan\u010dnih geometrijskih meritev velikih obdelovancev. Z velikim obmo\u010djem zajemanja in z veliko globinsko ostrino MSCAN-L15 dosega volumetri\u010dno natan\u010dnost 0,012 mm\/m pri velikih projektih in delih, ki merijo od 2 do 10 m.<\/p>\n<p>MSCAN-L15 je zdru\u017eljiv s 3D-napravami za pregledovanje in izpolnjuje stro\u017eja merila natan\u010dnosti meritev. Edinstven na\u010din HDR zagotavlja odli\u010dno prilagodljivost okolju. Njegova ergonomska oblika omogo\u010da enostavno prena\u0161anje in ga je mogo\u010de prena\u0161ati dlje \u010dasa.<\/p>\n<p>MSCAN-L15 zagotavlja natan\u010dne, u\u010dinkovite in za uporabo enostavne 3D re\u0161itve za obse\u017ene projekte na podro\u010dju 3D pregledovanja, razvoja izdelkov, nadzora kakovosti itd.<\/p>","protected":false},"featured_media":1157,"template":"","meta":{"_uag_custom_page_level_css":"","site-sidebar-layout":"default","site-content-layout":"","ast-site-content-layout":"default","site-content-style":"default","site-sidebar-style":"default","ast-global-header-display":"","ast-banner-title-visibility":"","ast-main-header-display":"","ast-hfb-above-header-display":"","ast-hfb-below-header-display":"","ast-hfb-mobile-header-display":"","site-post-title":"","ast-breadcrumbs-content":"","ast-featured-img":"","footer-sml-layout":"","theme-transparent-header-meta":"default","adv-header-id-meta":"","stick-header-meta":"","header-above-stick-meta":"","header-main-stick-meta":"","header-below-stick-meta":"","astra-migrate-meta-layouts":"set","ast-page-background-enabled":"default","ast-page-background-meta":{"desktop":{"background-color":"var(--ast-global-color-4)","background-image":"","background-repeat":"repeat","background-position":"center center","background-size":"auto","background-attachment":"scroll","background-type":"","background-media":"","overlay-type":"","overlay-color":"","overlay-gradient":""},"tablet":{"background-color":"","background-image":"","background-repeat":"repeat","background-position":"center center","background-size":"auto","background-attachment":"scroll","background-type":"","background-media":"","overlay-type":"","overlay-color":"","overlay-gradient":""},"mobile":{"background-color":"","background-image":"","background-repeat":"repeat","background-position":"center center","background-size":"auto","background-attachment":"scroll","background-type":"","background-media":"","overlay-type":"","overlay-color":"","overlay-gradient":""}},"ast-content-background-meta":{"desktop":{"background-color":"var(--ast-global-color-5)","background-image":"","background-repeat":"repeat","background-position":"center center","background-size":"auto","background-attachment":"scroll","background-type":"","background-media":"","overlay-type":"","overlay-color":"","overlay-gradient":""},"tablet":{"background-color":"var(--ast-global-color-5)","background-image":"","background-repeat":"repeat","background-position":"center center","background-size":"auto","background-attachment":"scroll","background-type":"","background-media":"","overlay-type":"","overlay-color":"","overlay-gradient":""},"mobile":{"background-color":"var(--ast-global-color-5)","background-image":"","background-repeat":"repeat","background-position":"center center","background-size":"auto","background-attachment":"scroll","background-type":"","background-media":"","overlay-type":"","overlay-color":"","overlay-gradient":""}}},"product_cat":[18,21],"product_tag":[],"class_list":{"0":"post-1159","1":"product","2":"type-product","3":"status-publish","4":"has-post-thumbnail","6":"product_cat-3d-scanners","7":"product_cat-handheld-3d-system","8":"desktop-align-left","9":"tablet-align-left","10":"mobile-align-left","12":"first","13":"instock","14":"shipping-taxable","15":"product-type-simple"},"uagb_featured_image_src":{"full":["https:\/\/3ds-solutions.eu\/wp-content\/uploads\/2024\/02\/MSCAN-L15-ScanTech-4.png",800,800,false],"thumbnail":["https:\/\/3ds-solutions.eu\/wp-content\/uploads\/2024\/02\/MSCAN-L15-ScanTech-4-150x150.png",150,150,true],"medium":["https:\/\/3ds-solutions.eu\/wp-content\/uploads\/2024\/02\/MSCAN-L15-ScanTech-4-300x300.png",300,300,true],"medium_large":["https:\/\/3ds-solutions.eu\/wp-content\/uploads\/2024\/02\/MSCAN-L15-ScanTech-4-768x768.png",768,768,true],"large":["https:\/\/3ds-solutions.eu\/wp-content\/uploads\/2024\/02\/MSCAN-L15-ScanTech-4.png",800,800,false],"1536x1536":["https:\/\/3ds-solutions.eu\/wp-content\/uploads\/2024\/02\/MSCAN-L15-ScanTech-4.png",800,800,false],"2048x2048":["https:\/\/3ds-solutions.eu\/wp-content\/uploads\/2024\/02\/MSCAN-L15-ScanTech-4.png",800,800,false],"trp-custom-language-flag":["https:\/\/3ds-solutions.eu\/wp-content\/uploads\/2024\/02\/MSCAN-L15-ScanTech-4-12x12.png",12,12,true],"woocommerce_thumbnail":["https:\/\/3ds-solutions.eu\/wp-content\/uploads\/2024\/02\/MSCAN-L15-ScanTech-4-600x600.png",600,600,true],"woocommerce_single":["https:\/\/3ds-solutions.eu\/wp-content\/uploads\/2024\/02\/MSCAN-L15-ScanTech-4-600x600.png",600,600,true],"woocommerce_gallery_thumbnail":["https:\/\/3ds-solutions.eu\/wp-content\/uploads\/2024\/02\/MSCAN-L15-ScanTech-4-100x100.png",100,100,true]},"uagb_author_info":{"display_name":"Sandi Sukic","author_link":"https:\/\/3ds-solutions.eu\/si\/author\/"},"uagb_comment_info":0,"uagb_excerpt":"The MSCAN-L15 photogrammetry system is designed to provide high-precision geometric measurements of big workpieces. With a large shooting area and a wide depth of field, the MSCAN-L15 achieves volumetric accuracy of 0.012 mm\/m for large-scale projects and parts ranging from 2 m to 10 m. MSCAN-L15 is compatible with 3D inspection devices and meets stricter&hellip;","_links":{"self":[{"href":"https:\/\/3ds-solutions.eu\/si\/wp-json\/wp\/v2\/product\/1159","targetHints":{"allow":["GET"]}}],"collection":[{"href":"https:\/\/3ds-solutions.eu\/si\/wp-json\/wp\/v2\/product"}],"about":[{"href":"https:\/\/3ds-solutions.eu\/si\/wp-json\/wp\/v2\/types\/product"}],"wp:featuredmedia":[{"embeddable":true,"href":"https:\/\/3ds-solutions.eu\/si\/wp-json\/wp\/v2\/media\/1157"}],"wp:attachment":[{"href":"https:\/\/3ds-solutions.eu\/si\/wp-json\/wp\/v2\/media?parent=1159"}],"wp:term":[{"taxonomy":"product_cat","embeddable":true,"href":"https:\/\/3ds-solutions.eu\/si\/wp-json\/wp\/v2\/product_cat?post=1159"},{"taxonomy":"product_tag","embeddable":true,"href":"https:\/\/3ds-solutions.eu\/si\/wp-json\/wp\/v2\/product_tag?post=1159"}],"curies":[{"name":"wp","href":"https:\/\/api.w.org\/{rel}","templated":true}]}}