{"id":1151,"date":"2024-02-12T13:33:24","date_gmt":"2024-02-12T13:33:24","guid":{"rendered":"https:\/\/3ds-solutions.eu\/?post_type=product&#038;p=1151"},"modified":"2024-02-21T14:35:04","modified_gmt":"2024-02-21T13:35:04","slug":"ireal-3m-color-3d-scanner","status":"publish","type":"product","link":"https:\/\/3ds-solutions.eu\/si\/product\/ireal-3m-color-3d-scanner\/","title":{"rendered":"iReal 3M Barvni 3D Skener"},"content":{"rendered":"<p><strong>Visoka natan\u010dnost, lo\u010dljivost in u\u010dinkovitost<\/strong><\/p>\n<p>iReal M3 ponuja osnovno natan\u010dnost do 0,1 mm in prostorninsko natan\u010dnost 0,25 mm\/m. Izpolnjuje zahteve za zajemanje 3D-podatkov v kvaziindustrijskem okolju na razli\u010dnih podro\u010djih. Z lo\u010dljivostjo do 0,1 mm lahko rekonstruira geometrijske strukture visoke lo\u010dljivosti in zajame natan\u010dne lastnosti robov, zato je primeren za naloge skeniranja, ki vklju\u010dujejo predmete, ve\u010dje od 5 cm. Ima hitrost skeniranja do 60 sli\u010dic na sekundo, kar znatno pove\u010da u\u010dinkovitost skeniranja in in\u017eenirjem omogo\u010da hitro pridobivanje visokokakovostnih 3D podatkov.<\/p>\n<p><strong>Varen vir dvojne svetlobe <\/strong><\/p>\n<p>Z dvojnim infrarde\u010dim laserjem lahko iReal M3 izpolnjuje zahteve po zajemu 3D podatkov razli\u010dnih velikosti in materialov v razli\u010dnih situacijah. Njegov infrarde\u010di laser VCSEL in infrarde\u010di vzporedni laser, ki izpolnjujeta varnostne standarde, sta varna za \u010dlove\u0161ke o\u010di. Ta dva vira svetlobe sta nevidna in lahko zagotovita prijaznej\u0161o in udobnej\u0161o izku\u0161njo skeniranja. Uporablja dve vrsti osvetlitve, ki ju je mogo\u010de posami\u010dno upravljati. Nevidna infrarde\u010da svetloba izbolj\u0161a prepoznavanje oznak in prilagajanje \u010drnim materialom, svetloba LED pa izbolj\u0161a jasnost barvne izravnave.<\/p>\n<p><strong>Prilagodljivost temnim in svetlim barvam<\/strong><\/p>\n<p>Infrarde\u010di viri svetlobe (nevidna svetloba) se pri projiciranju na razli\u010dne barvne povr\u0161ine absorbirajo manj kot barvni laserji. Zato je novi iReal M3 v kombinaciji z infrarde\u010do svetlobo bolj primeren za 3D-skeniranje predmetov z intenzivnimi barvami. Zaradi odli\u010dne prilagodljivosti materialom lahko 3D-skenira industrijske dele, avtomobilske zunanjosti in notranjosti s \u010drnimi in odsevnimi povr\u0161inami.<\/p>\n<p><strong>Optimiziran za skeniranje \u010dlove\u0161kega telesa<\/strong><\/p>\n<ul>\n<li>Skeniranje z nevidno svetlobo<\/li>\n<li>Skeniranje las<\/li>\n<li>Samodejno odstranjevanje odstopanj zaradi majhnih premikov skenirane osebe<\/li>\n<li>Skeniranje v temnem okolju<\/li>\n<\/ul>\n<p><strong>Tehni\u010dne lastnosti skenerja:<\/strong><\/p>\n<ul>\n<li><strong>Veliko obmo\u010dje skeniranja<\/strong> - Veliko \u0161irokokotno vidno polje (FoV) 580 mm x 550 mm omogo\u010da hitro in natan\u010dno skeniranje srednje velikih do velikih predmetov.<\/li>\n<li><strong>Velika globinska ostrina<\/strong> - Barvni 3D-skener iReal 3M ponuja globinsko ostrino skeniranja 720 mm, kar omogo\u010da ve\u010djo svobodo pri delu in zmanj\u0161uje uporabni\u0161ke zahteve.<\/li>\n<li><strong>Brez markerjev<\/strong> - Skenirajte predmete neposredno, brez uporabe markerjev, kadar so ti polni neprekinjenih, neponovljivih in zelo razli\u010dnih geometrijskih\/tekstualnih elementov.<\/li>\n<li><strong>Na\u010dini poravnave<\/strong>- Kadar predmeti nimajo dovolj geometrijskih ali tekstualnih zna\u010dilnosti, lahko uporabimo hibridni na\u010din poravnave (poravnava markerjev in zna\u010dilnosti). Preprosto pritrdite nekaj ozna\u010devalcev na dele brez oblikovnih zna\u010dilnosti, da se skenirajo brezhibno.<\/li>\n<li><strong>Stalno posodabljanje algoritma<\/strong> - Glede na povratne informacije uporabnikov se algoritmi za 3D rekonstrukcijo in poravnavo v programski opremi za 3D skeniranje iReal pogosto posodabljajo, s \u010dimer se izbolj\u0161a enostavnost postopkov poravnave za uporabnike.<\/li>\n<\/ul>\n<p><strong>Uporaba:<\/strong><\/p>\n<ul>\n<li>Zdravstvena rehabilitacija<\/li>\n<li>Kulturne relikvije in arheologija<\/li>\n<li>Umetnost in oblikovanje<\/li>\n<li>Digitalni ljudje<\/li>\n<li>Virtualni prikaz<\/li>\n<li>Znanstvene raziskave in izobra\u017eevanje<\/li>\n<li>Vzvratno in\u017eenirstvo<\/li>\n<li>Analiza 3D modelov<\/li>\n<\/ul>","protected":false},"excerpt":{"rendered":"<p>Barvni 3D skener iReal serije M je najnovej\u0161a profesionalna serija 3D skenerjev podjetja SCANTECH (HANGZHOU) CO., LTD. Njegov infrarde\u010d laserski na\u010din in na\u010din strukturirane svetlobe zagotavljata nemoteno zbiranje 3D podatkov v razli\u010dnih aplikacijah, vklju\u010dno s skeniranjem ljudi in predmetov v zaprtih prostorih in na prostem. iReal M zagotavlja profesionalno in ekonomi\u010dno re\u0161itev 3D digitalizacije za 3D in\u017eenirje, oblikovalce in znanstvene raziskovalce, da izpolnijo svoje zahteve za industrijsko oblikovanje, umetni\u0161ko oblikovanje, medicinsko oblikovanje, digitalizacijo \u010dlove\u0161kega telesa in ve\u010d.<\/p>","protected":false},"featured_media":1162,"template":"","meta":{"_uag_custom_page_level_css":"","site-sidebar-layout":"default","site-content-layout":"","ast-site-content-layout":"default","site-content-style":"default","site-sidebar-style":"default","ast-global-header-display":"","ast-banner-title-visibility":"","ast-main-header-display":"","ast-hfb-above-header-display":"","ast-hfb-below-header-display":"","ast-hfb-mobile-header-display":"","site-post-title":"","ast-breadcrumbs-content":"","ast-featured-img":"","footer-sml-layout":"","theme-transparent-header-meta":"default","adv-header-id-meta":"","stick-header-meta":"","header-above-stick-meta":"","header-main-stick-meta":"","header-below-stick-meta":"","astra-migrate-meta-layouts":"set","ast-page-background-enabled":"default","ast-page-background-meta":{"desktop":{"background-color":"var(--ast-global-color-4)","background-image":"","background-repeat":"repeat","background-position":"center center","background-size":"auto","background-attachment":"scroll","background-type":"","background-media":"","overlay-type":"","overlay-color":"","overlay-gradient":""},"tablet":{"background-color":"","background-image":"","background-repeat":"repeat","background-position":"center center","background-size":"auto","background-attachment":"scroll","background-type":"","background-media":"","overlay-type":"","overlay-color":"","overlay-gradient":""},"mobile":{"background-color":"","background-image":"","background-repeat":"repeat","background-position":"center center","background-size":"auto","background-attachment":"scroll","background-type":"","background-media":"","overlay-type":"","overlay-color":"","overlay-gradient":""}},"ast-content-background-meta":{"desktop":{"background-color":"var(--ast-global-color-5)","background-image":"","background-repeat":"repeat","background-position":"center center","background-size":"auto","background-attachment":"scroll","background-type":"","background-media":"","overlay-type":"","overlay-color":"","overlay-gradient":""},"tablet":{"background-color":"var(--ast-global-color-5)","background-image":"","background-repeat":"repeat","background-position":"center center","background-size":"auto","background-attachment":"scroll","background-type":"","background-media":"","overlay-type":"","overlay-color":"","overlay-gradient":""},"mobile":{"background-color":"var(--ast-global-color-5)","background-image":"","background-repeat":"repeat","background-position":"center center","background-size":"auto","background-attachment":"scroll","background-type":"","background-media":"","overlay-type":"","overlay-color":"","overlay-gradient":""}}},"product_cat":[18,21],"product_tag":[],"class_list":{"0":"post-1151","1":"product","2":"type-product","3":"status-publish","4":"has-post-thumbnail","6":"product_cat-3d-scanners","7":"product_cat-handheld-3d-system","8":"desktop-align-left","9":"tablet-align-left","10":"mobile-align-left","12":"first","13":"instock","14":"shipping-taxable","15":"product-type-simple"},"uagb_featured_image_src":{"full":["https:\/\/3ds-solutions.eu\/wp-content\/uploads\/2024\/02\/iReal-M3-4.png",845,845,false],"thumbnail":["https:\/\/3ds-solutions.eu\/wp-content\/uploads\/2024\/02\/iReal-M3-4-150x150.png",150,150,true],"medium":["https:\/\/3ds-solutions.eu\/wp-content\/uploads\/2024\/02\/iReal-M3-4-300x300.png",300,300,true],"medium_large":["https:\/\/3ds-solutions.eu\/wp-content\/uploads\/2024\/02\/iReal-M3-4-768x768.png",768,768,true],"large":["https:\/\/3ds-solutions.eu\/wp-content\/uploads\/2024\/02\/iReal-M3-4.png",845,845,false],"1536x1536":["https:\/\/3ds-solutions.eu\/wp-content\/uploads\/2024\/02\/iReal-M3-4.png",845,845,false],"2048x2048":["https:\/\/3ds-solutions.eu\/wp-content\/uploads\/2024\/02\/iReal-M3-4.png",845,845,false],"trp-custom-language-flag":["https:\/\/3ds-solutions.eu\/wp-content\/uploads\/2024\/02\/iReal-M3-4-12x12.png",12,12,true],"woocommerce_thumbnail":["https:\/\/3ds-solutions.eu\/wp-content\/uploads\/2024\/02\/iReal-M3-4-600x600.png",600,600,true],"woocommerce_single":["https:\/\/3ds-solutions.eu\/wp-content\/uploads\/2024\/02\/iReal-M3-4-600x600.png",600,600,true],"woocommerce_gallery_thumbnail":["https:\/\/3ds-solutions.eu\/wp-content\/uploads\/2024\/02\/iReal-M3-4-100x100.png",100,100,true]},"uagb_author_info":{"display_name":"Sandi Sukic","author_link":"https:\/\/3ds-solutions.eu\/si\/author\/"},"uagb_comment_info":0,"uagb_excerpt":"The iReal M Series Color 3D Scanner (M stands for Master) is SCANTECH (HANGZHOU) CO., LTD.'s latest professional 3D scanner series. Its infrared laser and structured-light modes provide seamless 3D data gathering in a variety of applications, including scanning humans and objects indoors and outdoors. iReal M delivers professional and cost-effective 3D digitization solutions to&hellip;","_links":{"self":[{"href":"https:\/\/3ds-solutions.eu\/si\/wp-json\/wp\/v2\/product\/1151","targetHints":{"allow":["GET"]}}],"collection":[{"href":"https:\/\/3ds-solutions.eu\/si\/wp-json\/wp\/v2\/product"}],"about":[{"href":"https:\/\/3ds-solutions.eu\/si\/wp-json\/wp\/v2\/types\/product"}],"wp:featuredmedia":[{"embeddable":true,"href":"https:\/\/3ds-solutions.eu\/si\/wp-json\/wp\/v2\/media\/1162"}],"wp:attachment":[{"href":"https:\/\/3ds-solutions.eu\/si\/wp-json\/wp\/v2\/media?parent=1151"}],"wp:term":[{"taxonomy":"product_cat","embeddable":true,"href":"https:\/\/3ds-solutions.eu\/si\/wp-json\/wp\/v2\/product_cat?post=1151"},{"taxonomy":"product_tag","embeddable":true,"href":"https:\/\/3ds-solutions.eu\/si\/wp-json\/wp\/v2\/product_tag?post=1151"}],"curies":[{"name":"wp","href":"https:\/\/api.w.org\/{rel}","templated":true}]}}