{"id":1135,"date":"2024-02-12T12:42:26","date_gmt":"2024-02-12T12:42:26","guid":{"rendered":"https:\/\/3ds-solutions.eu\/?post_type=product&#038;p=1135"},"modified":"2024-02-21T14:34:53","modified_gmt":"2024-02-21T13:34:53","slug":"ireal-2e-color-3d-scanner","status":"publish","type":"product","link":"https:\/\/3ds-solutions.eu\/si\/product\/ireal-2e-color-3d-scanner\/","title":{"rendered":"iReal 2E Barvni 3D Skener"},"content":{"rendered":"<p>Poudarjene funkcije skenerja:<\/p>\n<ul>\n<li><strong>Varen vir svetlobe<\/strong> - Projekcijski vir svetlobe za skeniranje (infrarde\u010di VCSEL, nevidna svetloba) in polnilna svetloba (vir hladne svetlobe LED) okoli skenirne le\u010de sta nizkoenergijska vira svetlobe.<\/li>\n<li><strong>Prilagodljivost na temne in svetle barve<\/strong> - Sposoben se je prilagoditi barvnemu kontrastu in skenirati predmete s temnimi in svetlimi barvami, ne da bi za to potreboval ve\u010d ekspozicij.<\/li>\n<li><strong>Prilagodljivost \u010drnim materialom<\/strong> - Kombinirana struktura svetlobnega polja je bolj prilagodljiva; z njo je mogo\u010de skenirati \u010drne predmete, obenem pa se zmanj\u0161ajo te\u017eave pri skeniranju \u010dlove\u0161kih las.<\/li>\n<li><strong>Prilagodljivost svetlemu okolju<\/strong> - Bolj\u0161e prilagajanje svetlobi omogo\u010da neposredno skeniranje za zbiranje 3D-podatkov tako na svetlo osvetljenih zunanjih lokacijah kot v temnih prostorih.<\/li>\n<\/ul>\n<p><strong>Optimiziran za skeniranje \u010dlove\u0161kega telesa<\/strong><\/p>\n<p>\u010clove\u0161ko telo je pro\u017eno, zato se lahko med skeniranjem rahlo trese ali premika, kar omogo\u010da zbiranje \u0161tevilnih podatkovnih to\u010dk na istem delu telesa. Ve\u010dina obi\u010dajnih algoritmov ne podpira normalne poravnave ali zgre\u0161enih povr\u0161in. Kot eden od profesionalnih 3D-skenerjev telesa na trgu iReal 3D uporablja algoritem za prilagajanje ne togih povr\u0161in, ki lahko samodejno izlo\u010di ve\u010d nizov podatkov, nastalih zaradi manj\u0161ega tresenja, in nato podatke poravna skupaj, kar znatno zni\u017ea stro\u0161ke obnove podatkov.<\/p>\n<p>Skener iReal 2E 3D za \u010dlove\u0161ko telo vklju\u010duje funkcijo za izbolj\u0161anje las in je zelo prilagodljiv za temne in svetle barve. Ta brezkontaktni 3D skener lahko opravi brezhibno poravnavo in skeniranje celotnega telesa v 4 minutah.<\/p>\n<p>Pri uporabi na podro\u010dju medicine ali umetnosti obstajajo nekatere posebne zahteve, kot je skeniranje golega telesa. Zato na\u0161 3D skener celega telesa podpira 3D skeniranje v temnih okoljih, kar uporabnikom ponuja bolj\u0161o izku\u0161njo skeniranja in zagotavlja natan\u010den zajem \u010dlove\u0161kega telesa.<\/p>\n<p>Tehni\u010dne lastnosti skenerja:<\/p>\n<ul>\n<li><strong>Veliko obmo\u010dje skeniranja<\/strong> - Veliko \u0161irokokotno vidno polje (FoV) 580 mm x 550 mm omogo\u010da hitro in natan\u010dno skeniranje srednje velikih do velikih predmetov.<\/li>\n<li><strong>Velika globinska ostrina<\/strong> - Barvni 3D-skener iReal 2E ponuja globinsko ostrino skeniranja 720 mm, kar omogo\u010da ve\u010djo svobodo pri delu in zmanj\u0161uje uporabni\u0161ke zahteve.<\/li>\n<li><strong>Zmogljiv zajem podatkov<\/strong> - Z novo generacijo 3D-senzorjev in sistemom za optimizacijo algoritmov se vsako sekundo zbere do 1,5 milijona to\u010dk podatkov.<\/li>\n<li><strong>Brez markerjev<\/strong> - Skenirajte predmete neposredno, brez uporabe markerjev, kadar so ti polni neprekinjenih, neponovljivih in zelo razli\u010dnih geometrijskih\/tekstualnih elementov.<\/li>\n<li><strong>Na\u010dini poravnave<\/strong> - iReal 2E podpira \u0161tiri na\u010dine poravnave: poravnavo po zna\u010dilnostih, po teksturi, me\u0161ano poravnavo in poravnavo po ozna\u010devalniku (prvi trije na\u010dini so primerni za skeniranje predmetov z bogatimi geometrijskimi ali teksturnimi zna\u010dilnostmi).<\/li>\n<li><strong>Stalno posodabljanje algoritma<\/strong> - Glede na povratne informacije uporabnikov se algoritmi za 3D rekonstrukcijo in poravnavo v programski opremi za 3D skeniranje iReal pogosto posodabljajo, s \u010dimer se izbolj\u0161a enostavnost postopkov poravnave za uporabnike.<\/li>\n<\/ul>\n<p><strong>Uporaba:<\/strong><\/p>\n<ul>\n<li>Zdravstvena rehabilitacija<\/li>\n<li>Kulturne relikvije in arheologija<\/li>\n<li>Umetnost in oblikovanje<\/li>\n<li>Digitalni ljudje<\/li>\n<li>Virtualni prikaz<\/li>\n<li>Znanstvene raziskave in izobra\u017eevanje<\/li>\n<li>Vzvratno in\u017eenirstvo<\/li>\n<li>Analiza 3D modelov<\/li>\n<\/ul>\n<p><strong>Priporo\u010dila:<\/strong><\/p>\n<p>Prilagodljivost materiala: pri 3D skeniranju predmetov s prozornimi\/mo\u010dno odsevnimi\/\u010drnimi in svetle\u010dimi povr\u0161inami je priporo\u010dljivo, da pred skeniranjem uporabite kontrastni pra\u0161ek.<\/p>\n<p>Priporo\u010dena konfiguracija ra\u010dunalnika: i7-10750H ali ve\u010d, pomnilnik 32GB ali ve\u010d, grafi\u010dna kartica NVIDIA GTX1660Ti ali ve\u010d, USB 3.0 vmesnik, 64-bitni operacijski sistem Windows 10.<\/p>","protected":false},"excerpt":{"rendered":"<p>iReal 2E je cenovno dostopen barvni 3D skener z veliko globinsko ostrino in obmo\u010djem skeniranja, primeren za skeniranje srednje velikih do velikih predmetov in portretov. Z infrarde\u010do strukturirano svetlobo VCSEL lahko varno in udobno skenirate brez vidne svetlobe. Z njim lahko hitro zajamete barvo, teksturo in geometrijo\/povr\u0161ino predmeta brez uporabe markerjev. Najsodobnej\u0161i algoritem, preprosta programska oprema, ergonomska zasnova in prenosljivost uporabniku omogo\u010dajo, da razvije u\u010dinkovito, natan\u010dno in barvno bogato teksturo s  3D-skeniranjem.<\/p>","protected":false},"featured_media":1142,"template":"","meta":{"_uag_custom_page_level_css":"","site-sidebar-layout":"default","site-content-layout":"","ast-site-content-layout":"default","site-content-style":"default","site-sidebar-style":"default","ast-global-header-display":"","ast-banner-title-visibility":"","ast-main-header-display":"","ast-hfb-above-header-display":"","ast-hfb-below-header-display":"","ast-hfb-mobile-header-display":"","site-post-title":"","ast-breadcrumbs-content":"","ast-featured-img":"","footer-sml-layout":"","theme-transparent-header-meta":"default","adv-header-id-meta":"","stick-header-meta":"","header-above-stick-meta":"","header-main-stick-meta":"","header-below-stick-meta":"","astra-migrate-meta-layouts":"set","ast-page-background-enabled":"default","ast-page-background-meta":{"desktop":{"background-color":"var(--ast-global-color-4)","background-image":"","background-repeat":"repeat","background-position":"center center","background-size":"auto","background-attachment":"scroll","background-type":"","background-media":"","overlay-type":"","overlay-color":"","overlay-gradient":""},"tablet":{"background-color":"","background-image":"","background-repeat":"repeat","background-position":"center center","background-size":"auto","background-attachment":"scroll","background-type":"","background-media":"","overlay-type":"","overlay-color":"","overlay-gradient":""},"mobile":{"background-color":"","background-image":"","background-repeat":"repeat","background-position":"center center","background-size":"auto","background-attachment":"scroll","background-type":"","background-media":"","overlay-type":"","overlay-color":"","overlay-gradient":""}},"ast-content-background-meta":{"desktop":{"background-color":"var(--ast-global-color-5)","background-image":"","background-repeat":"repeat","background-position":"center center","background-size":"auto","background-attachment":"scroll","background-type":"","background-media":"","overlay-type":"","overlay-color":"","overlay-gradient":""},"tablet":{"background-color":"var(--ast-global-color-5)","background-image":"","background-repeat":"repeat","background-position":"center center","background-size":"auto","background-attachment":"scroll","background-type":"","background-media":"","overlay-type":"","overlay-color":"","overlay-gradient":""},"mobile":{"background-color":"var(--ast-global-color-5)","background-image":"","background-repeat":"repeat","background-position":"center center","background-size":"auto","background-attachment":"scroll","background-type":"","background-media":"","overlay-type":"","overlay-color":"","overlay-gradient":""}}},"product_cat":[18,21],"product_tag":[],"class_list":{"0":"post-1135","1":"product","2":"type-product","3":"status-publish","4":"has-post-thumbnail","6":"product_cat-3d-scanners","7":"product_cat-handheld-3d-system","8":"desktop-align-left","9":"tablet-align-left","10":"mobile-align-left","12":"first","13":"instock","14":"shipping-taxable","15":"product-type-simple"},"uagb_featured_image_src":{"full":["https:\/\/3ds-solutions.eu\/wp-content\/uploads\/2024\/02\/iReal-2E-3.png",800,800,false],"thumbnail":["https:\/\/3ds-solutions.eu\/wp-content\/uploads\/2024\/02\/iReal-2E-3-150x150.png",150,150,true],"medium":["https:\/\/3ds-solutions.eu\/wp-content\/uploads\/2024\/02\/iReal-2E-3-300x300.png",300,300,true],"medium_large":["https:\/\/3ds-solutions.eu\/wp-content\/uploads\/2024\/02\/iReal-2E-3-768x768.png",768,768,true],"large":["https:\/\/3ds-solutions.eu\/wp-content\/uploads\/2024\/02\/iReal-2E-3.png",800,800,false],"1536x1536":["https:\/\/3ds-solutions.eu\/wp-content\/uploads\/2024\/02\/iReal-2E-3.png",800,800,false],"2048x2048":["https:\/\/3ds-solutions.eu\/wp-content\/uploads\/2024\/02\/iReal-2E-3.png",800,800,false],"trp-custom-language-flag":["https:\/\/3ds-solutions.eu\/wp-content\/uploads\/2024\/02\/iReal-2E-3-12x12.png",12,12,true],"woocommerce_thumbnail":["https:\/\/3ds-solutions.eu\/wp-content\/uploads\/2024\/02\/iReal-2E-3-600x600.png",600,600,true],"woocommerce_single":["https:\/\/3ds-solutions.eu\/wp-content\/uploads\/2024\/02\/iReal-2E-3-600x600.png",600,600,true],"woocommerce_gallery_thumbnail":["https:\/\/3ds-solutions.eu\/wp-content\/uploads\/2024\/02\/iReal-2E-3-100x100.png",100,100,true]},"uagb_author_info":{"display_name":"Sandi Sukic","author_link":"https:\/\/3ds-solutions.eu\/si\/author\/"},"uagb_comment_info":0,"uagb_excerpt":"The iReal 2E is an affordable color 3D scanner with a large depth of field and scanning area, suited for medium to large objects and portrait scanning. With infrared VCSEL structured light, you can experience the safety and comfort of lightless scanning. It can quickly capture the color, texture, and geometry of an object's surface&hellip;","_links":{"self":[{"href":"https:\/\/3ds-solutions.eu\/si\/wp-json\/wp\/v2\/product\/1135","targetHints":{"allow":["GET"]}}],"collection":[{"href":"https:\/\/3ds-solutions.eu\/si\/wp-json\/wp\/v2\/product"}],"about":[{"href":"https:\/\/3ds-solutions.eu\/si\/wp-json\/wp\/v2\/types\/product"}],"wp:featuredmedia":[{"embeddable":true,"href":"https:\/\/3ds-solutions.eu\/si\/wp-json\/wp\/v2\/media\/1142"}],"wp:attachment":[{"href":"https:\/\/3ds-solutions.eu\/si\/wp-json\/wp\/v2\/media?parent=1135"}],"wp:term":[{"taxonomy":"product_cat","embeddable":true,"href":"https:\/\/3ds-solutions.eu\/si\/wp-json\/wp\/v2\/product_cat?post=1135"},{"taxonomy":"product_tag","embeddable":true,"href":"https:\/\/3ds-solutions.eu\/si\/wp-json\/wp\/v2\/product_tag?post=1135"}],"curies":[{"name":"wp","href":"https:\/\/api.w.org\/{rel}","templated":true}]}}