{"id":1129,"date":"2024-02-12T11:20:53","date_gmt":"2024-02-12T11:20:53","guid":{"rendered":"https:\/\/3ds-solutions.eu\/?post_type=product&#038;p=1129"},"modified":"2024-02-12T12:41:14","modified_gmt":"2024-02-12T12:41:14","slug":"axe-b-global-3d-scanner","status":"publish","type":"product","link":"https:\/\/3ds-solutions.eu\/si\/product\/axe-b-global-3d-scanner\/","title":{"rendered":"AXE-B Globalni 3D Skener"},"content":{"rendered":"<p><strong>Fleksibilno preklapljanje na\u010dinov delovanja<\/strong><\/p>\n<p>Na\u010dine delovanja lahko preklapljate glede na potrebe skeniranja, kot sta u\u010dinkovito in hitro skeniranje ter natan\u010dno skeniranje globokih lukenj za zahtevna obmo\u010dja, kot so globoke luknje in mrtvi koti.<\/p>\n<p>Dva na\u010dina delovanja:<\/p>\n<ul>\n<li><strong>Ultrahitro skeniranje<\/strong> - Naprava lahko 3D skenira s 17 modrimi laserskimi kri\u017ei in zajame do 2 milijona meritev na sekundo, kar znatno pove\u010da u\u010dinkovitost dela.<\/li>\n<li><strong>Skeniranje globokih lukenj<\/strong> - Z na\u010dinom skeniranja z eno modro lasersko linijo se natan\u010dno zbirajo 3D podatki na te\u017eje dosegljivih ali te\u017eko dostopnih mestih.<\/li>\n<\/ul>\n<p>Posebnosti skenerja:<\/p>\n<ul>\n<li><strong>Ultra \u0161iroko vidno polje<\/strong> - Ultra \u0161iroko obmo\u010dje skeniranja 860 mm \u00d7 600 mm zagotavlja optimalno in bolj brezhibno izku\u0161njo 3D skeniranja.<\/li>\n<li><strong>Vgrajen fotogrametri\u010dni sistem<\/strong> - Zasnovan za merjenje srednje velikih do velikih predmetov s volumetri\u010dno natan\u010dnostjo 0,030 mm\/m.<\/li>\n<li><strong>Samostojno delovanje<\/strong> - Deluje samostojno in omogo\u010da natan\u010dno 360\u00b0 3D pregledovanje v realnem \u010dasu na srednje velikih do velikih obdelovancih.<\/li>\n<\/ul>\n<p><strong>Ustreza zahtevam razli\u010dnih panog:<\/strong><\/p>\n<ul>\n<li><strong>Letalska industrija<\/strong> - Meroslovno 3D-skeniranje za razvoj izdelkov in na podro\u010dju vzdr\u017eevanja in servisiranja.<\/li>\n<li><strong>Avtomobilska industrija<\/strong> - Izbolj\u0161a u\u010dinkovitost dela z natan\u010dnimi 3D merilnimi instrumenti od zasnove do proizvodnje.<\/li>\n<li><strong>Livarska industrija<\/strong> \u2013 Using 3D scanner to optimize mold design, mold corrosion detection and archiving.<\/li>\n<li><strong>Energetika in te\u017eka industrija<\/strong> - Krepitev razvoja energetske industrije in spodbujanje nadgradnje industrije te\u017ekih strojev.<\/li>\n<li><strong>\u017delezni\u0161ki promet in ladjedelni\u0161tvo<\/strong> - Zagotavljanje natan\u010dnih rezultatov meritev za razvoj izdelkov, virtualno sestavljanje in ponovljive analize.<\/li>\n<li><strong>Neindustrijska dejavnost<\/strong> - Izpolnjevanje potreb po 3D digitalizaciji za podro\u010dja, kot so medicina, arhitektura, znanost, izobra\u017eevanje in zabava.<\/li>\n<\/ul>","protected":false},"excerpt":{"rendered":"<p>Skener AXE-B je bil razvit posebej za 3D merjenje velikih predmetov. Globalni 3D skenerji imajo vgrajen fotogrametri\u010dni sistem, ki zagotavlja meroslovne 3D re\u0161itve brez uporabe dodatnih naprav. Pri izvajanju 3D-pregleda obse\u017enega projekta sta obmo\u010dje skeniranja in volumetri\u010dna natan\u010dnost neizogibna izziva. Vendar pa ta vrsta 3D re\u0161itev izkori\u0161\u010da prednosti inovativne tehnologije vgrajenega fotogrametri\u010dnega sistema, ki zagotavlja izjemno \u0161iroko obmo\u010dje skeniranja in natan\u010dno zbiranje podatkov, kar izbolj\u0161a u\u010dinkovitost visokokakovostnega 3D modeliranja in skraj\u0161a postopek 3D digitalizacije.<\/p>","protected":false},"featured_media":1132,"template":"","meta":{"_uag_custom_page_level_css":"","site-sidebar-layout":"default","site-content-layout":"","ast-site-content-layout":"default","site-content-style":"default","site-sidebar-style":"default","ast-global-header-display":"","ast-banner-title-visibility":"","ast-main-header-display":"","ast-hfb-above-header-display":"","ast-hfb-below-header-display":"","ast-hfb-mobile-header-display":"","site-post-title":"","ast-breadcrumbs-content":"","ast-featured-img":"","footer-sml-layout":"","theme-transparent-header-meta":"default","adv-header-id-meta":"","stick-header-meta":"","header-above-stick-meta":"","header-main-stick-meta":"","header-below-stick-meta":"","astra-migrate-meta-layouts":"set","ast-page-background-enabled":"default","ast-page-background-meta":{"desktop":{"background-color":"var(--ast-global-color-4)","background-image":"","background-repeat":"repeat","background-position":"center center","background-size":"auto","background-attachment":"scroll","background-type":"","background-media":"","overlay-type":"","overlay-color":"","overlay-gradient":""},"tablet":{"background-color":"","background-image":"","background-repeat":"repeat","background-position":"center center","background-size":"auto","background-attachment":"scroll","background-type":"","background-media":"","overlay-type":"","overlay-color":"","overlay-gradient":""},"mobile":{"background-color":"","background-image":"","background-repeat":"repeat","background-position":"center center","background-size":"auto","background-attachment":"scroll","background-type":"","background-media":"","overlay-type":"","overlay-color":"","overlay-gradient":""}},"ast-content-background-meta":{"desktop":{"background-color":"var(--ast-global-color-5)","background-image":"","background-repeat":"repeat","background-position":"center center","background-size":"auto","background-attachment":"scroll","background-type":"","background-media":"","overlay-type":"","overlay-color":"","overlay-gradient":""},"tablet":{"background-color":"var(--ast-global-color-5)","background-image":"","background-repeat":"repeat","background-position":"center center","background-size":"auto","background-attachment":"scroll","background-type":"","background-media":"","overlay-type":"","overlay-color":"","overlay-gradient":""},"mobile":{"background-color":"var(--ast-global-color-5)","background-image":"","background-repeat":"repeat","background-position":"center center","background-size":"auto","background-attachment":"scroll","background-type":"","background-media":"","overlay-type":"","overlay-color":"","overlay-gradient":""}}},"product_cat":[18,21],"product_tag":[],"class_list":{"0":"post-1129","1":"product","2":"type-product","3":"status-publish","4":"has-post-thumbnail","6":"product_cat-3d-scanners","7":"product_cat-handheld-3d-system","8":"desktop-align-left","9":"tablet-align-left","10":"mobile-align-left","12":"first","13":"instock","14":"shipping-taxable","15":"product-type-simple"},"uagb_featured_image_src":{"full":["https:\/\/3ds-solutions.eu\/wp-content\/uploads\/2024\/02\/axe-b-1.png",800,800,false],"thumbnail":["https:\/\/3ds-solutions.eu\/wp-content\/uploads\/2024\/02\/axe-b-1-150x150.png",150,150,true],"medium":["https:\/\/3ds-solutions.eu\/wp-content\/uploads\/2024\/02\/axe-b-1-300x300.png",300,300,true],"medium_large":["https:\/\/3ds-solutions.eu\/wp-content\/uploads\/2024\/02\/axe-b-1-768x768.png",768,768,true],"large":["https:\/\/3ds-solutions.eu\/wp-content\/uploads\/2024\/02\/axe-b-1.png",800,800,false],"1536x1536":["https:\/\/3ds-solutions.eu\/wp-content\/uploads\/2024\/02\/axe-b-1.png",800,800,false],"2048x2048":["https:\/\/3ds-solutions.eu\/wp-content\/uploads\/2024\/02\/axe-b-1.png",800,800,false],"trp-custom-language-flag":["https:\/\/3ds-solutions.eu\/wp-content\/uploads\/2024\/02\/axe-b-1-12x12.png",12,12,true],"woocommerce_thumbnail":["https:\/\/3ds-solutions.eu\/wp-content\/uploads\/2024\/02\/axe-b-1-600x600.png",600,600,true],"woocommerce_single":["https:\/\/3ds-solutions.eu\/wp-content\/uploads\/2024\/02\/axe-b-1-600x600.png",600,600,true],"woocommerce_gallery_thumbnail":["https:\/\/3ds-solutions.eu\/wp-content\/uploads\/2024\/02\/axe-b-1-100x100.png",100,100,true]},"uagb_author_info":{"display_name":"Sandi Sukic","author_link":"https:\/\/3ds-solutions.eu\/si\/author\/"},"uagb_comment_info":0,"uagb_excerpt":"The AXE-B scanner was developed specifically for 3D measuring large-scale objects. Global 3D scanners have an integrated photogrammetry system that delivers metrology-grade 3D solutions without the use of additional devices. When conducting a 3D inspection of a large-scale project, scanning area and volumetric accuracy are unavoidable challenges. However, this type of 3D solution benefits from&hellip;","_links":{"self":[{"href":"https:\/\/3ds-solutions.eu\/si\/wp-json\/wp\/v2\/product\/1129","targetHints":{"allow":["GET"]}}],"collection":[{"href":"https:\/\/3ds-solutions.eu\/si\/wp-json\/wp\/v2\/product"}],"about":[{"href":"https:\/\/3ds-solutions.eu\/si\/wp-json\/wp\/v2\/types\/product"}],"wp:featuredmedia":[{"embeddable":true,"href":"https:\/\/3ds-solutions.eu\/si\/wp-json\/wp\/v2\/media\/1132"}],"wp:attachment":[{"href":"https:\/\/3ds-solutions.eu\/si\/wp-json\/wp\/v2\/media?parent=1129"}],"wp:term":[{"taxonomy":"product_cat","embeddable":true,"href":"https:\/\/3ds-solutions.eu\/si\/wp-json\/wp\/v2\/product_cat?post=1129"},{"taxonomy":"product_tag","embeddable":true,"href":"https:\/\/3ds-solutions.eu\/si\/wp-json\/wp\/v2\/product_tag?post=1129"}],"curies":[{"name":"wp","href":"https:\/\/api.w.org\/{rel}","templated":true}]}}