{"id":1125,"date":"2024-02-12T06:00:07","date_gmt":"2024-02-12T06:00:07","guid":{"rendered":"https:\/\/3ds-solutions.eu\/?post_type=product&#038;p=1125"},"modified":"2024-02-21T10:31:28","modified_gmt":"2024-02-21T10:31:28","slug":"kscan-magic-3d-scanner","status":"publish","type":"product","link":"https:\/\/3ds-solutions.eu\/si\/product\/kscan-magic-3d-scanner\/","title":{"rendered":"KSCAN-Magic 3D Skener"},"content":{"rendered":"<p><strong>Pet na\u010dinov delovanja:<\/strong><\/p>\n<ul>\n<li><strong>Skeniranje velikega obmo\u010dja<\/strong> - KSCAN-Magic uporablja inovativno skeniranje velikega obmo\u010dja, katerega omogo\u010da 11 infrarde\u010dih vzporednih laserskih linij. Obmo\u010dje skeniranja zna\u0161a 1440 mm \u00d7 860 mm, kar omogo\u010da enostavno merjenje \u0161irokega obmo\u010dja.<\/li>\n<li><strong>Ultrahitro skeniranje<\/strong> - Naprava lahko 3D skenira s 17 modrimi laserskimi kri\u017ei in zajame do 4 150 000 meritev na sekundo, kar znatno pove\u010da u\u010dinkovitost dela.<\/li>\n<li><strong>Vgrajena fotogrametrija velikega obmo\u010dja<\/strong> - Vgrajeni infrarde\u010di fotogrametri\u010dni sistem z obmo\u010djem snemanja 3760 mm \u00d7 3150 mm lahko u\u010dinkovito zmanj\u0161a nakopi\u010dene napake, ki nastanejo pri meritvah velikih povr\u0161in, in tako zagotovi volumetri\u010dno natan\u010dnost. \u0160e posebej je uporaben za skeniranje ve\u010djih objektov in njihovo u\u010dinkovito merjenje, ne da bi pri tem izgubili natan\u010dnost.<\/li>\n<li><strong>Hiperfino skeniranje<\/strong> - 3D skener serije KSCAN-Magic Upgrade lahko s 7 vzporednimi modrimi laserskimi linijami natan\u010dno zbere vse podatke o kompleksnih predmetih in ujame vsako podrobnost z najve\u010djo lo\u010dljivostjo 0,010 mm.<\/li>\n<li><strong>Skeniranje globokih lukenj<\/strong> - Z na\u010dinom skeniranja z eno modro lasersko linijo se natan\u010dno zbirajo 3D podatki na te\u017eje dosegljivih ali te\u017eko dostopnih mestih.<\/li>\n<\/ul>\n<p><strong>Nedestruktivno merjenje na meroslovni ravni<\/strong><\/p>\n<p>Njegova natan\u010dnost skeniranja je do 0,020 mm, volumetri\u010dna natan\u010dnost pa 0,015 mm + 0,012 mm\/m ob povezavi s fotogrametri\u010dnim sistemom MSCAN-L15, ki zagotavlja izjemno visoko natan\u010dnost nedestruktivnega testiranja za razli\u010dne industrije.<\/p>\n<p><strong>Prilagodljivost:<\/strong><\/p>\n<ul>\n<li>Je izjemno prilagodljiv za delo v te\u017ekih razmerah.<\/li>\n<li>Realisti\u010dna povrnitev natan\u010dnih 3D podatkov z odsevnih in \u010drnih povr\u0161in.<\/li>\n<li>Prilagodljiva nastavitev delovne razdalje glede na stopnjo podrobnosti, u\u010dinkovitosti in obmo\u010dja skeniranja.<\/li>\n<li>Preprosto preklapljanje med na\u010dini skeniranja.<\/li>\n<\/ul>\n<p><strong>Pomembne funkcije:<\/strong><\/p>\n<ul>\n<li><strong>Inteligentno preverjanje robov<\/strong> - Ima izbirni modul za inteligentno preverjanje robov. Uporabniki lahko podrobno preverijo zaprte elemente in pridobijo zanesljive rezultate meritev z zelo natan\u010dnim merjenjem vrednosti sivine.<\/li>\n<li><strong>Kontaktno sondiranje<\/strong> - Skupaj s prenosnim koordinatnim merilnim strojem K-Probe ga je mogo\u010de uporabiti za sondiranje te\u017eko dostopnih obmo\u010dij in zapletenih delov, kar omogo\u010da celovite in natan\u010dne 3D re\u0161itve.<\/li>\n<li><strong>Merjenje cevi<\/strong> - KSCAN-Magic lahko 3D-skenira cevi razli\u010dnih premerov in materialov, saj ima ve\u010d na\u010dinov delovanja. V kombinaciji z dodatno programsko opremo lahko izvaja pregledovanje cevi in vzvratno in\u017eenirstvo.<\/li>\n<li><strong>Avtomatiziran 3D-sistem<\/strong> - Kadar je kombiniran z avtomatiziranim 3D-sistemom za pregledovanje podjetja Scantech, omogo\u010da preprosto namestitev in inteligenten nadzor za avtomatizirano pregledovanje serij.<\/li>\n<\/ul>\n<p><strong>Ustreza zahtevam razli\u010dnih panog:<\/strong><\/p>\n<ul>\n<li><strong>Letalska industrija<\/strong> - Meroslovno 3D-skeniranje za razvoj izdelkov in na podro\u010dju vzdr\u017eevanja in servisiranja.<\/li>\n<li><strong>Avtomobilska industrija<\/strong> - Izbolj\u0161a u\u010dinkovitost dela z natan\u010dnimi 3D merilnimi instrumenti od zasnove do proizvodnje.<\/li>\n<li><strong>Livarska industrija<\/strong> - Uporaba 3D skenerja za optimizacijo oblikovanja kalupov, odkrivanje korozije in arhiviranje.<\/li>\n<li><strong>Energetika in te\u017eka industrija<\/strong> - Krepitev razvoja energetske industrije in spodbujanje nadgradnje industrije te\u017ekih strojev.<\/li>\n<li><strong>\u017delezni\u0161ki promet in ladjedelni\u0161tvo<\/strong> - Zagotavljanje natan\u010dnih rezultatov meritev za razvoj izdelkov, virtualno sestavljanje in ponovljive analize.<\/li>\n<li><strong>Neindustrijska dejavnost<\/strong> - Izpolnjevanje potreb po 3D digitalizaciji za podro\u010dja, kot so medicina, arhitektura, znanost, izobra\u017eevanje in zabava.<\/li>\n<\/ul>","protected":false},"excerpt":{"rendered":"<p>Serija KSCAN-Magic Upgrade je inovativni kompozitni 3D skener, ki zdru\u017euje infrarde\u010di in modri laser v enem samem prilagodljivem instrumentu, primernem za \u0161iroko paleto aplikacij. Ta kompozitni 3D-skener ima pet splo\u0161nih na\u010dinov delovanja: skeniranje velikih povr\u0161in z vzporednimi infrarde\u010dimi laserji, ultrahitro skeniranje z modrimi laserskimi kri\u017ei, hiperfini skeniranje z modrimi vzporednimi laserji, skeniranje globokih lukenj z enim modrim laserjem in integriran sistem za fotogrametrijo velikih povr\u0161in.<\/p>\n<p>Ta sodobna serija 3D skenerjev uporablja metodo ve\u010dspektralnega 3D skeniranja in kalibracije, ki zdru\u017euje izjemno u\u010dinkovitost in neprimerljivo natan\u010dnost. Ponuja visoko hitrost skeniranja, visoko natan\u010dnost, zajem pomembnih detajlov, veliko obmo\u010dje skeniranja in raz\u0161irjeno globino polja, kar bistveno optimizira postopke 3D-merjenja in skraj\u0161a \u010das izdaje izdelka na trgu.<\/p>","protected":false},"featured_media":1119,"template":"","meta":{"_uag_custom_page_level_css":"","site-sidebar-layout":"default","site-content-layout":"","ast-site-content-layout":"default","site-content-style":"default","site-sidebar-style":"default","ast-global-header-display":"","ast-banner-title-visibility":"","ast-main-header-display":"","ast-hfb-above-header-display":"","ast-hfb-below-header-display":"","ast-hfb-mobile-header-display":"","site-post-title":"","ast-breadcrumbs-content":"","ast-featured-img":"","footer-sml-layout":"","theme-transparent-header-meta":"default","adv-header-id-meta":"","stick-header-meta":"","header-above-stick-meta":"","header-main-stick-meta":"","header-below-stick-meta":"","astra-migrate-meta-layouts":"set","ast-page-background-enabled":"default","ast-page-background-meta":{"desktop":{"background-color":"var(--ast-global-color-4)","background-image":"","background-repeat":"repeat","background-position":"center center","background-size":"auto","background-attachment":"scroll","background-type":"","background-media":"","overlay-type":"","overlay-color":"","overlay-gradient":""},"tablet":{"background-color":"","background-image":"","background-repeat":"repeat","background-position":"center center","background-size":"auto","background-attachment":"scroll","background-type":"","background-media":"","overlay-type":"","overlay-color":"","overlay-gradient":""},"mobile":{"background-color":"","background-image":"","background-repeat":"repeat","background-position":"center center","background-size":"auto","background-attachment":"scroll","background-type":"","background-media":"","overlay-type":"","overlay-color":"","overlay-gradient":""}},"ast-content-background-meta":{"desktop":{"background-color":"var(--ast-global-color-5)","background-image":"","background-repeat":"repeat","background-position":"center center","background-size":"auto","background-attachment":"scroll","background-type":"","background-media":"","overlay-type":"","overlay-color":"","overlay-gradient":""},"tablet":{"background-color":"var(--ast-global-color-5)","background-image":"","background-repeat":"repeat","background-position":"center center","background-size":"auto","background-attachment":"scroll","background-type":"","background-media":"","overlay-type":"","overlay-color":"","overlay-gradient":""},"mobile":{"background-color":"var(--ast-global-color-5)","background-image":"","background-repeat":"repeat","background-position":"center center","background-size":"auto","background-attachment":"scroll","background-type":"","background-media":"","overlay-type":"","overlay-color":"","overlay-gradient":""}}},"product_cat":[18,21],"product_tag":[],"class_list":{"0":"post-1125","1":"product","2":"type-product","3":"status-publish","4":"has-post-thumbnail","6":"product_cat-3d-scanners","7":"product_cat-handheld-3d-system","8":"desktop-align-left","9":"tablet-align-left","10":"mobile-align-left","12":"first","13":"instock","14":"shipping-taxable","15":"product-type-simple"},"uagb_featured_image_src":{"full":["https:\/\/3ds-solutions.eu\/wp-content\/uploads\/2024\/01\/kscan-1.png",800,800,false],"thumbnail":["https:\/\/3ds-solutions.eu\/wp-content\/uploads\/2024\/01\/kscan-1-150x150.png",150,150,true],"medium":["https:\/\/3ds-solutions.eu\/wp-content\/uploads\/2024\/01\/kscan-1-300x300.png",300,300,true],"medium_large":["https:\/\/3ds-solutions.eu\/wp-content\/uploads\/2024\/01\/kscan-1-768x768.png",768,768,true],"large":["https:\/\/3ds-solutions.eu\/wp-content\/uploads\/2024\/01\/kscan-1.png",800,800,false],"1536x1536":["https:\/\/3ds-solutions.eu\/wp-content\/uploads\/2024\/01\/kscan-1.png",800,800,false],"2048x2048":["https:\/\/3ds-solutions.eu\/wp-content\/uploads\/2024\/01\/kscan-1.png",800,800,false],"trp-custom-language-flag":["https:\/\/3ds-solutions.eu\/wp-content\/uploads\/2024\/01\/kscan-1-12x12.png",12,12,true],"woocommerce_thumbnail":["https:\/\/3ds-solutions.eu\/wp-content\/uploads\/2024\/01\/kscan-1-600x600.png",600,600,true],"woocommerce_single":["https:\/\/3ds-solutions.eu\/wp-content\/uploads\/2024\/01\/kscan-1-600x600.png",600,600,true],"woocommerce_gallery_thumbnail":["https:\/\/3ds-solutions.eu\/wp-content\/uploads\/2024\/01\/kscan-1-100x100.png",100,100,true]},"uagb_author_info":{"display_name":"Sandi Sukic","author_link":"https:\/\/3ds-solutions.eu\/si\/author\/"},"uagb_comment_info":0,"uagb_excerpt":"KSCAN-Magic Upgrade Series is innovative composite 3D scanner, which combines infrared and blue lasers in a single flexible instrument, suitable for a wide range of applications. This composite 3D scanner has five common operating modes: large-area scanning with parallel infrared lasers, ultra-fast scanning with blue laser crosses, hyperfine scanning with blue parallel lasers, deep-hole scanning&hellip;","_links":{"self":[{"href":"https:\/\/3ds-solutions.eu\/si\/wp-json\/wp\/v2\/product\/1125","targetHints":{"allow":["GET"]}}],"collection":[{"href":"https:\/\/3ds-solutions.eu\/si\/wp-json\/wp\/v2\/product"}],"about":[{"href":"https:\/\/3ds-solutions.eu\/si\/wp-json\/wp\/v2\/types\/product"}],"wp:featuredmedia":[{"embeddable":true,"href":"https:\/\/3ds-solutions.eu\/si\/wp-json\/wp\/v2\/media\/1119"}],"wp:attachment":[{"href":"https:\/\/3ds-solutions.eu\/si\/wp-json\/wp\/v2\/media?parent=1125"}],"wp:term":[{"taxonomy":"product_cat","embeddable":true,"href":"https:\/\/3ds-solutions.eu\/si\/wp-json\/wp\/v2\/product_cat?post=1125"},{"taxonomy":"product_tag","embeddable":true,"href":"https:\/\/3ds-solutions.eu\/si\/wp-json\/wp\/v2\/product_tag?post=1125"}],"curies":[{"name":"wp","href":"https:\/\/api.w.org\/{rel}","templated":true}]}}