{"id":1110,"date":"2024-02-12T10:10:49","date_gmt":"2024-02-12T10:10:49","guid":{"rendered":"https:\/\/3ds-solutions.eu\/?post_type=product&#038;p=1110"},"modified":"2024-02-12T13:25:42","modified_gmt":"2024-02-12T13:25:42","slug":"simscan-3d-scanner","status":"publish","type":"product","link":"https:\/\/3ds-solutions.eu\/si\/product\/simscan-3d-scanner\/","title":{"rendered":"SIMSCAN 3D Skener"},"content":{"rendered":"<p><strong>Enoro\u010dno upravljanje<\/strong><\/p>\n<p>Kovinsko ohi\u0161je zagotavlja visoko za\u0161\u010dito in izjemno trpe\u017enost. Kompaktni 3D opti\u010dni bralnik SIMSCAN, ki tehta le 570 g in meri 203 \u00d7 80 \u00d7 44 mm, ponuja resni\u010dno preprosto skeniranje z eno roko.<\/p>\n<p><strong>Brezhibna 3D izku\u0161nja<\/strong><\/p>\n<p>Napredni algoritem omogo\u010da 3D skeniranje predmetov s hitrostjo do 2,8 milijona meritev na sekundo. SIMSCAN je bil ustvarjen, da bi uporabnikom zagotovil brezhibno u\u010dinkovito izku\u0161njo 3D digitalizacije. Zaradi svoje votle zgradbe u\u010dinkoviteje oddaja toploto. Odlikuje ga nizka poraba energije in u\u010dinkovit na\u010din merjenja. Njegova prilagodljivost mu omogo\u010da, da se znajde v najrazli\u010dnej\u0161ih zahtevah 3D-merjenja.<\/p>\n<p><strong>Merjenje ozkega obmo\u010dja<\/strong><\/p>\n<p>V primerjavi s konkurenti ima kraj\u0161o oddaljenost kamere (130 mm), kar omogo\u010da bolj oster vidni kot za 3D skeniranje v ozkih obmo\u010djih. SIMSCAN zajema natan\u010dne in celovite podatke na te\u017eko dostopnih obmo\u010djih, kot so globoki utori, in zagotavlja pokritost celotnega obmo\u010dja.<\/p>\n<p><strong>Skeniranje podrobnosti<\/strong><\/p>\n<p>Z vgrajenimi HD kamerami in tremi na\u010dini skeniranja omogo\u010da zelo natan\u010dno skeniranje z natan\u010dnostjo do 0,020 mm. Natan\u010dno zajame 3D-podatke objektov s kompleksnimi povr\u0161inami ali na te\u017eko dosegljivih obmo\u010djih.<\/p>\n<p>Trije na\u010dini skeniranja:<\/p>\n<ul>\n<li><strong>Ultrahitro skeniranje<\/strong> - Naprava lahko 3D skenira s 17 modrimi laserskimi kri\u017ei in zajame do 2,8 milijona meritev na sekundo, kar znatno pove\u010da u\u010dinkovitost dela.<\/li>\n<li><strong>Hiperfino skeniranje<\/strong> - 3D skener serije SIMSCAN lahko s 7 vzporednimi modrimi laserskimi linijami natan\u010dno zbere vse podatke o kompleksnih predmetih in ujame vsako podrobnost z najve\u010djo lo\u010dljivostjo 0,020 mm.<\/li>\n<li><strong>Skeniranje globokih lukenj<\/strong> - Z na\u010dinom skeniranja z eno modro lasersko linijo se natan\u010dno zbirajo 3D podatki na te\u017eje dosegljivih ali te\u017eko dostopnih mestih.<\/li>\n<\/ul>\n<p><strong>Prenosljivost<\/strong><\/p>\n<p>Je kompakten in prenosen. S prenosnim 3D skenerjem SIMSCAN lahko 3D meritve opravite kjer koli in kadar koli, v ozkih prostorih ali pod velikimi predmeti. Z brez\u017ei\u010dno povezovalno napravo AirGo Pro omogo\u010da mobilno in prilagodljivo 3D-skeniranje ter prikazovanje podatkov.<\/p>\n<p><strong>Avtomatizirano 3D merjenje<\/strong><\/p>\n<p>Uporablja se lahko v kombinaciji s Scantechovim samodejnim 3D merilnim sistemom za izvajanje kontinuiranih meritev. Avtomatizirano merjenje velikih serij premaguje omejitve prej\u0161njih pristopov in znatno pove\u010duje u\u010dinkovitost v celotnem proizvodnem procesu.<\/p>\n<p><strong>Ustreza zahtevam razli\u010dnih panog:<\/strong><\/p>\n<ul>\n<li><strong>Letalska industrija<\/strong> - Meroslovno 3D-skeniranje za razvoj izdelkov in na podro\u010dju vzdr\u017eevanja in servisiranja.<\/li>\n<li><strong>Avtomobilska industrija<\/strong> - Izbolj\u0161a u\u010dinkovitost dela z natan\u010dnimi 3D merilnimi instrumenti od zasnove do proizvodnje.<\/li>\n<li><strong>Livarska industrija<\/strong> &#8211; Portable 3D scanner to optimize mold design, mold corrosion detection and archiving.<\/li>\n<li><strong>Energetika in te\u017eka industrija<\/strong> - Krepitev razvoja energetske industrije in spodbujanje nadgradnje industrije te\u017ekih strojev.<\/li>\n<li><strong>\u017delezni\u0161ki promet in ladjedelni\u0161tvo<\/strong> - Zagotavljanje natan\u010dnih rezultatov meritev za razvoj izdelkov, virtualno sestavljanje in ponovljive analize.<\/li>\n<li><strong>Neindustrijska dejavnost<\/strong> - Izpolnjevanje potreb po 3D digitalizaciji za podro\u010dja, kot so medicina, arhitektura, znanost, izobra\u017eevanje in zabava.<\/li>\n<\/ul>","protected":false},"excerpt":{"rendered":"<p>SIMSCAN, prenosni 3D skener v velikosti dlani, je razvit posebej za skeniranje tesnih in te\u017eko dostopnih prostorov. Zaradi svojega kovinskega ohi\u0161ja je izjemno trpe\u017een in zanesljiv. Ta je zaradi svoje majhne velikosti, enostavne uporabe in zanesljive zmogljivosti prebojni izum na trgu profesionalnih 3D skenerjev. Zaradi inovativne zasnove je prejel tudi nem\u0161ko nagrado Red Dot Award in kitajsko nagrado China Design Silver Award.<\/p>\n<p>SIMSCAN generira visokokakovostne 3D-skene ne glede na omejitve delovnega okolja. Odli\u010den je za skeniranje tako majhnih kot velikih delov v 3D. To meroslovno 3D merilno orodje uporabnikom omogo\u010da natan\u010den zajem vsake podrobnosti predmetov in ustvarjanje 3D modelov v zelo kratkem \u010dasu.<\/p>","protected":false},"featured_media":1149,"template":"","meta":{"_uag_custom_page_level_css":"","site-sidebar-layout":"default","site-content-layout":"","ast-site-content-layout":"default","site-content-style":"default","site-sidebar-style":"default","ast-global-header-display":"","ast-banner-title-visibility":"","ast-main-header-display":"","ast-hfb-above-header-display":"","ast-hfb-below-header-display":"","ast-hfb-mobile-header-display":"","site-post-title":"","ast-breadcrumbs-content":"","ast-featured-img":"","footer-sml-layout":"","theme-transparent-header-meta":"default","adv-header-id-meta":"","stick-header-meta":"","header-above-stick-meta":"","header-main-stick-meta":"","header-below-stick-meta":"","astra-migrate-meta-layouts":"set","ast-page-background-enabled":"default","ast-page-background-meta":{"desktop":{"background-color":"var(--ast-global-color-4)","background-image":"","background-repeat":"repeat","background-position":"center center","background-size":"auto","background-attachment":"scroll","background-type":"","background-media":"","overlay-type":"","overlay-color":"","overlay-gradient":""},"tablet":{"background-color":"","background-image":"","background-repeat":"repeat","background-position":"center center","background-size":"auto","background-attachment":"scroll","background-type":"","background-media":"","overlay-type":"","overlay-color":"","overlay-gradient":""},"mobile":{"background-color":"","background-image":"","background-repeat":"repeat","background-position":"center center","background-size":"auto","background-attachment":"scroll","background-type":"","background-media":"","overlay-type":"","overlay-color":"","overlay-gradient":""}},"ast-content-background-meta":{"desktop":{"background-color":"var(--ast-global-color-5)","background-image":"","background-repeat":"repeat","background-position":"center center","background-size":"auto","background-attachment":"scroll","background-type":"","background-media":"","overlay-type":"","overlay-color":"","overlay-gradient":""},"tablet":{"background-color":"var(--ast-global-color-5)","background-image":"","background-repeat":"repeat","background-position":"center center","background-size":"auto","background-attachment":"scroll","background-type":"","background-media":"","overlay-type":"","overlay-color":"","overlay-gradient":""},"mobile":{"background-color":"var(--ast-global-color-5)","background-image":"","background-repeat":"repeat","background-position":"center center","background-size":"auto","background-attachment":"scroll","background-type":"","background-media":"","overlay-type":"","overlay-color":"","overlay-gradient":""}}},"product_cat":[18,21],"product_tag":[],"class_list":{"0":"post-1110","1":"product","2":"type-product","3":"status-publish","4":"has-post-thumbnail","6":"product_cat-3d-scanners","7":"product_cat-handheld-3d-system","8":"desktop-align-left","9":"tablet-align-left","10":"mobile-align-left","12":"first","13":"instock","14":"shipping-taxable","15":"product-type-simple"},"uagb_featured_image_src":{"full":["https:\/\/3ds-solutions.eu\/wp-content\/uploads\/2024\/02\/simscan42-1.png",1000,1000,false],"thumbnail":["https:\/\/3ds-solutions.eu\/wp-content\/uploads\/2024\/02\/simscan42-1-150x150.png",150,150,true],"medium":["https:\/\/3ds-solutions.eu\/wp-content\/uploads\/2024\/02\/simscan42-1-300x300.png",300,300,true],"medium_large":["https:\/\/3ds-solutions.eu\/wp-content\/uploads\/2024\/02\/simscan42-1-768x768.png",768,768,true],"large":["https:\/\/3ds-solutions.eu\/wp-content\/uploads\/2024\/02\/simscan42-1.png",1000,1000,false],"1536x1536":["https:\/\/3ds-solutions.eu\/wp-content\/uploads\/2024\/02\/simscan42-1.png",1000,1000,false],"2048x2048":["https:\/\/3ds-solutions.eu\/wp-content\/uploads\/2024\/02\/simscan42-1.png",1000,1000,false],"trp-custom-language-flag":["https:\/\/3ds-solutions.eu\/wp-content\/uploads\/2024\/02\/simscan42-1-12x12.png",12,12,true],"woocommerce_thumbnail":["https:\/\/3ds-solutions.eu\/wp-content\/uploads\/2024\/02\/simscan42-1-600x600.png",600,600,true],"woocommerce_single":["https:\/\/3ds-solutions.eu\/wp-content\/uploads\/2024\/02\/simscan42-1-600x600.png",600,600,true],"woocommerce_gallery_thumbnail":["https:\/\/3ds-solutions.eu\/wp-content\/uploads\/2024\/02\/simscan42-1-100x100.png",100,100,true]},"uagb_author_info":{"display_name":"Sandi Sukic","author_link":"https:\/\/3ds-solutions.eu\/si\/author\/"},"uagb_comment_info":0,"uagb_excerpt":"SIMSCAN, a palm-sized portable 3D scanner, is specifically developed for scanning tight and difficult-to-access places. It is extremely durable and reliable because to its full-metal casing. SIMSCAN has been a disruptive invention in the professional 3D scanner market due to its small size, ease of use, and robust performance. Its innovative design also wins it&hellip;","_links":{"self":[{"href":"https:\/\/3ds-solutions.eu\/si\/wp-json\/wp\/v2\/product\/1110","targetHints":{"allow":["GET"]}}],"collection":[{"href":"https:\/\/3ds-solutions.eu\/si\/wp-json\/wp\/v2\/product"}],"about":[{"href":"https:\/\/3ds-solutions.eu\/si\/wp-json\/wp\/v2\/types\/product"}],"wp:featuredmedia":[{"embeddable":true,"href":"https:\/\/3ds-solutions.eu\/si\/wp-json\/wp\/v2\/media\/1149"}],"wp:attachment":[{"href":"https:\/\/3ds-solutions.eu\/si\/wp-json\/wp\/v2\/media?parent=1110"}],"wp:term":[{"taxonomy":"product_cat","embeddable":true,"href":"https:\/\/3ds-solutions.eu\/si\/wp-json\/wp\/v2\/product_cat?post=1110"},{"taxonomy":"product_tag","embeddable":true,"href":"https:\/\/3ds-solutions.eu\/si\/wp-json\/wp\/v2\/product_tag?post=1110"}],"curies":[{"name":"wp","href":"https:\/\/api.w.org\/{rel}","templated":true}]}}