{"id":78,"date":"2022-10-17T07:03:13","date_gmt":"2022-10-17T07:03:13","guid":{"rendered":"http:\/\/3ds-solutions.eu\/home\/"},"modified":"2023-07-13T05:33:27","modified_gmt":"2023-07-13T05:33:27","slug":"home","status":"publish","type":"page","link":"https:\/\/3ds-solutions.eu\/si\/","title":{"rendered":"Domov"},"content":{"rendered":"<div class=\"wp-block-uagb-container uagb-block-d865c62f alignfull uagb-is-root-container\"><div class=\"uagb-container-inner-blocks-wrap\"><div class=\"wp-block-uagb-advanced-heading uagb-block-f45f5be7\"><h1 class=\"uagb-heading-text\">3dsOLUTIONS<\/h1><\/div>\n\n<div class=\"wp-block-uagb-info-box uagb-block-73691058 uagb-infobox__content-wrap  uagb-infobox-icon-above-title uagb-infobox-image-valign-top\"><div class=\"uagb-ifb-content\"><div class=\"uagb-ifb-title-wrap\"><h2 class=\"uagb-ifb-title\">NESKON\u010cNE INOVACIJE<\/h2><\/div><\/div><\/div><\/div><\/div><div class=\"wp-block-uagb-container uagb-block-3f3f2d7f alignfull uagb-is-root-container\"><div class=\"uagb-container-inner-blocks-wrap\"><div class=\"wp-block-uagb-advanced-heading uagb-block-cba68dc6\"><h2 class=\"uagb-heading-text\">Na\u0161e storitve<\/h2><\/div><\/div><\/div><div class=\"wp-block-uagb-container uagb-block-c7ebb62e alignfull uagb-is-root-container\"><div class=\"uagb-container-inner-blocks-wrap\"><div class=\"wp-block-uagb-container uagb-block-dc8282ba\"><div class=\"wp-block-uagb-info-box uagb-block-52bf3014 uagb-infobox__content-wrap  uagb-infobox-icon-above-title uagb-infobox-image-valign-top\"><div class=\"uagb-ifb-content\"><div class=\"uagb-ifb-image-content\"><img decoding=\"async\" src=\"http:\/\/3ds-solutions.eu\/wp-content\/uploads\/2023\/06\/3D_Scanning.jpg\" alt=\"\" width=\"100\" height=\"100\" loading=\"lazy\"\/><\/div><div class=\"uagb-ifb-title-wrap\"><h4 class=\"uagb-ifb-title\">3D skeniranje<\/h4><\/div><p class=\"uagb-ifb-desc\">Nudimo natan\u010dne in podrobne re\u0161itve 3D skeniranja za \u0161iroko paleto industrij, ki na\u0161im strankam omogo\u010dajo zajemanje in digitalizacijo izdelkov z izjemno natan\u010dnostjo.<\/p><\/div><\/div><\/div>\n\n<div class=\"wp-block-uagb-container uagb-block-7723b8ee\"><div class=\"wp-block-uagb-info-box uagb-block-180c78d3 uagb-infobox__content-wrap  uagb-infobox-icon-above-title uagb-infobox-image-valign-top\"><div class=\"uagb-ifb-content\"><div class=\"uagb-ifb-image-content\"><img decoding=\"async\" src=\"http:\/\/3ds-solutions.eu\/wp-content\/uploads\/2023\/06\/3D_Printing.jpg\" alt=\"\" width=\"100\" height=\"100\" loading=\"lazy\"\/><\/div><div class=\"uagb-ifb-title-wrap\"><h4 class=\"uagb-ifb-title\">3D tiskanje<\/h4><\/div><p class=\"uagb-ifb-desc\">Z na\u0161imi visokokakovostnimi 3D-tiskalniki in obse\u017eno izbiro materialov zagotavljamo zanesljive in u\u010dinkovite storitve 3D-tiskanja, s \u010dimer strankam pomagamo prenesti njihove ideje od koncepta do oprijemljive realnosti.<\/p><\/div><\/div><\/div>\n\n<div class=\"wp-block-uagb-container uagb-block-f868d509\"><div class=\"wp-block-uagb-info-box uagb-block-95d94047 uagb-infobox__content-wrap  uagb-infobox-icon-above-title uagb-infobox-image-valign-top\"><div class=\"uagb-ifb-content\"><div class=\"uagb-ifb-image-content\"><img decoding=\"async\" src=\"http:\/\/3ds-solutions.eu\/wp-content\/uploads\/2023\/06\/identifying-materials.jpg\" alt=\"\" width=\"1000\" height=\"1000\" loading=\"lazy\"\/><\/div><div class=\"uagb-ifb-title-wrap\"><h4 class=\"uagb-ifb-title\">Prepoznavanje materialov<\/h4><\/div><p class=\"uagb-ifb-desc\">Zagotavljamo celovito in zanesljivo storitev prepoznave materialov, da na\u0161im strankam pomagamo pri natan\u010dnem in to\u010dnem prepoznavanju.<\/p><\/div><\/div><\/div><\/div><\/div><div class=\"wp-block-uagb-container uagb-block-87e6a193 alignfull uagb-is-root-container\"><div class=\"uagb-container-inner-blocks-wrap\"><div class=\"wp-block-uagb-container uagb-block-5f07bacf\"><div class=\"wp-block-uagb-info-box uagb-block-9a59c0b6 uagb-infobox__content-wrap  uagb-infobox-icon-above-title uagb-infobox-image-valign-top\"><div class=\"uagb-ifb-content\"><div class=\"uagb-ifb-image-content\"><img decoding=\"async\" src=\"https:\/\/3ds-solutions.eu\/wp-content\/uploads\/2023\/06\/Precise-measuring.jpg\" alt=\"\" width=\"100\" height=\"100\" loading=\"lazy\"\/><\/div><div class=\"uagb-ifb-title-wrap\"><h4 class=\"uagb-ifb-title\">Natan\u010dne meritve<\/h4><\/div><p class=\"uagb-ifb-desc\">Uporabljamo najsodobnej\u0161o opremo in strokovno znanje, da zagotovimo natan\u010dne meritve za \u0161irok spekter scenarijev.<\/p><\/div><\/div><\/div>\n\n<div class=\"wp-block-uagb-container uagb-block-b1f2b0ac\"><div class=\"wp-block-uagb-info-box uagb-block-76f35316 uagb-infobox__content-wrap  uagb-infobox-icon-above-title uagb-infobox-image-valign-top\"><div class=\"uagb-ifb-content\"><div class=\"uagb-ifb-image-content\"><img decoding=\"async\" src=\"https:\/\/3ds-solutions.eu\/wp-content\/uploads\/2023\/07\/reverseengineering_1kvadrat.jpg\" alt=\"ReverseEngineering\" width=\"100\" height=\"100\" loading=\"lazy\"\/><\/div><div class=\"uagb-ifb-title-wrap\"><h4 class=\"uagb-ifb-title\">Vzvratno in\u017eenirstvo<\/h4><\/div><p class=\"uagb-ifb-desc\">Ponujamo celovite storitve vzvratnega in\u017eeniringa z uporabo naprednih tehnologij in usposobljenih strokovnjakov za u\u010dinkovito in natan\u010dno poustvarjanje 3D-modelov ali na\u010drtov CAD iz obstoje\u010dih fizi\u010dnih objektov.<\/p><\/div><\/div><\/div>\n\n<div class=\"wp-block-uagb-container uagb-block-e207a1ff\"><div class=\"wp-block-uagb-info-box uagb-block-de245d51 uagb-infobox__content-wrap  uagb-infobox-icon-above-title uagb-infobox-image-valign-top\"><div class=\"uagb-ifb-content\"><div class=\"uagb-ifb-image-content\"><img decoding=\"async\" src=\"https:\/\/3ds-solutions.eu\/wp-content\/uploads\/2023\/07\/young-colleagues-working-together-cafe-scaled.jpg\" alt=\"\" width=\"100\" height=\"100\" loading=\"lazy\"\/><\/div><div class=\"uagb-ifb-title-wrap\"><h4 class=\"uagb-ifb-title\">Usposabljanja<\/h4><\/div><p class=\"uagb-ifb-desc\">Na\u0161i programi usposabljanja so zasnovani tako, da zaposlene opremijo z znanjem in ve\u0161\u010dinami, potrebnimi za odli\u010dnost v svojih vlogah. Z delavnicami, ki jih vodijo strokovnjaki, in prakti\u010dnimi usposabljanji zagotavljamo poglobljeno razumevanje najnovej\u0161ih tehnologij in najbolj\u0161ih praks v industriji.<\/p><\/div><\/div><\/div><\/div><\/div><div class=\"wp-block-uagb-container uagb-block-f9f9279d alignfull uagb-is-root-container\"><div class=\"uagb-container-inner-blocks-wrap\"><div class=\"wp-block-uagb-buttons uagb-buttons__outer-wrap uagb-btn__default-btn uagb-btn-tablet__default-btn uagb-btn-mobile__default-btn uagb-block-840c4eaf\"><div class=\"uagb-buttons__wrap uagb-buttons-layout-wrap\"><div class=\"wp-block-uagb-buttons-child uagb-buttons__outer-wrap uagb-block-40b28406 wp-block-button\"><div class=\"uagb-button__wrapper\"><a class=\"uagb-buttons-repeater wp-block-button__link\" href=\"https:\/\/3ds-solutions.eu\/si\/services\/\" onclick=\"return true;\" rel=\"follow noopener\" target=\"_self\"><div class=\"uagb-button__link\">Preberite ve\u010d o storitvah<\/div><\/a><\/div><\/div><\/div><\/div><\/div><\/div><div class=\"wp-block-uagb-container uagb-block-0bb212d4 alignfull uagb-is-root-container\"><div class=\"uagb-container-inner-blocks-wrap\"><div class=\"wp-block-uagb-container uagb-block-e37c3b9a\"><div class=\"wp-block-uagb-info-box uagb-block-455336b8 uagb-infobox__content-wrap  uagb-infobox-icon-above-title uagb-infobox-image-valign-top\"><div class=\"uagb-ifb-content\"><div class=\"uagb-ifb-title-wrap\"><h2 class=\"uagb-ifb-title\">O NAS<\/h2><\/div><p class=\"uagb-ifb-desc\">3DS je inovativno podjetje na \u010delu tehnologij 3D tiskanja in skeniranja, ki strankam zagotavlja napredne in prilagodljive re\u0161itve. Vklju\u010deni smo v vsak korak procesa, od izdelka do oblikovanja.<br><br>Z na\u0161im obse\u017enim naborom storitev podjetjem omogo\u010damo, da z izjemno natan\u010dnostjo in u\u010dinkovitostjo pretvorijo svoje ideje v realne predmete.<br><br>Na\u0161e pisarne se nahajajo v Pomurskem tehnolo\u0161kem parku med \u0161tevilnimi podobnimi mladimi visokotehnolo\u0161kimi podjetji.<\/p><div class=\"uagb-ifb-button-wrapper wp-block-button\"><a href=\"https:\/\/3ds-solutions.eu\/si\/about\/\" class=\"uagb-infobox-cta-link wp-block-button__link\" target=\"_self\" rel=\"noopener noreferrer\" onclick=\"return true;\" alt=\"\"><span class=\"uagb-inline-editing\">Preberite ve\u010d<\/span><\/a><\/div><\/div><\/div><\/div>\n\n<div class=\"wp-block-uagb-container uagb-block-e346b2fa\"><div class=\"wp-block-uagb-image uagb-block-75957e50 wp-block-uagb-image--layout-default wp-block-uagb-image--effect-static wp-block-uagb-image--align-none\"><figure class=\"wp-block-uagb-image__figure\"><img decoding=\"async\" srcset=\"https:\/\/3ds-solutions.eu\/wp-content\/uploads\/2023\/07\/TehnoloskiParkMS.jpg 960w, https:\/\/3ds-solutions.eu\/wp-content\/uploads\/2023\/07\/TehnoloskiParkMS-600x338.jpg 600w, https:\/\/3ds-solutions.eu\/wp-content\/uploads\/2023\/07\/TehnoloskiParkMS-300x169.jpg 300w, https:\/\/3ds-solutions.eu\/wp-content\/uploads\/2023\/07\/TehnoloskiParkMS-768x432.jpg 768w, https:\/\/3ds-solutions.eu\/wp-content\/uploads\/2023\/07\/TehnoloskiParkMS-18x10.jpg 18w\" sizes=\"(max-width: 480px) 150px\" src=\"https:\/\/3ds-solutions.eu\/wp-content\/uploads\/2023\/07\/TehnoloskiParkMS.jpg\" alt=\"\" class=\"uag-image-1026\" title=\"\" loading=\"lazy\"\/><\/figure><\/div><\/div><\/div><\/div><div class=\"wp-block-uagb-container uagb-block-c0cf2292 alignfull uagb-is-root-container\"><div class=\"uagb-container-inner-blocks-wrap\"><div class=\"wp-block-uagb-call-to-action uagb-block-34d4398e wp-block-button\"><div class=\"uagb-cta__wrap\"><h2 class=\"uagb-cta__title\">KONTAKTIRAJTE NAS<\/h2><p class=\"uagb-cta__desc\">Imate vpra\u0161anja? Tukaj smo, da vam pomagamo.<\/p><\/div><div class=\"uagb-cta__buttons\"><a href=\"https:\/\/3ds-solutions.eu\/si\/contact\/\" class=\"uagb-cta__button-link-wrapper wp-block-button__link\" target=\"_self\" rel=\"noopener noreferrer\">STOPITE V STIK<\/a><\/div><\/div><\/div><\/div>","protected":false},"excerpt":{"rendered":"<p>3ds\u200bOLUTIONS Our services<\/p>","protected":false},"author":1,"featured_media":0,"parent":0,"menu_order":0,"comment_status":"closed","ping_status":"closed","template":"","meta":{"_uag_custom_page_level_css":"","site-sidebar-layout":"default","site-content-layout":"page-builder","ast-site-content-layout":"","site-content-style":"default","site-sidebar-style":"default","ast-global-header-display":"","ast-banner-title-visibility":"","ast-main-header-display":"","ast-hfb-above-header-display":"","ast-hfb-below-header-display":"","ast-hfb-mobile-header-display":"","site-post-title":"disabled","ast-breadcrumbs-content":"","ast-featured-img":"","footer-sml-layout":"","theme-transparent-header-meta":"enabled","adv-header-id-meta":"","stick-header-meta":"","header-above-stick-meta":"","header-main-stick-meta":"","header-below-stick-meta":"","astra-migrate-meta-layouts":"default","ast-page-background-enabled":"default","ast-page-background-meta":{"desktop":{"background-color":"var(--ast-global-color-4)","background-image":"","background-repeat":"repeat","background-position":"center center","background-size":"auto","background-attachment":"scroll","background-type":"","background-media":"","overlay-type":"","overlay-color":"","overlay-gradient":""},"tablet":{"background-color":"","background-image":"","background-repeat":"repeat","background-position":"center center","background-size":"auto","background-attachment":"scroll","background-type":"","background-media":"","overlay-type":"","overlay-color":"","overlay-gradient":""},"mobile":{"background-color":"","background-image":"","background-repeat":"repeat","background-position":"center center","background-size":"auto","background-attachment":"scroll","background-type":"","background-media":"","overlay-type":"","overlay-color":"","overlay-gradient":""}},"ast-content-background-meta":{"desktop":{"background-color":"var(--ast-global-color-5)","background-image":"","background-repeat":"repeat","background-position":"center center","background-size":"auto","background-attachment":"scroll","background-type":"","background-media":"","overlay-type":"","overlay-color":"","overlay-gradient":""},"tablet":{"background-color":"var(--ast-global-color-5)","background-image":"","background-repeat":"repeat","background-position":"center center","background-size":"auto","background-attachment":"scroll","background-type":"","background-media":"","overlay-type":"","overlay-color":"","overlay-gradient":""},"mobile":{"background-color":"var(--ast-global-color-5)","background-image":"","background-repeat":"repeat","background-position":"center center","background-size":"auto","background-attachment":"scroll","background-type":"","background-media":"","overlay-type":"","overlay-color":"","overlay-gradient":""}},"footnotes":""},"class_list":["post-78","page","type-page","status-publish","hentry"],"uagb_featured_image_src":{"full":false,"thumbnail":false,"medium":false,"medium_large":false,"large":false,"1536x1536":false,"2048x2048":false,"trp-custom-language-flag":false,"woocommerce_thumbnail":false,"woocommerce_single":false,"woocommerce_gallery_thumbnail":false},"uagb_author_info":{"display_name":"3D Solutions","author_link":"https:\/\/3ds-solutions.eu\/si\/author\/3dsol\/"},"uagb_comment_info":0,"uagb_excerpt":"3ds\u200bOLUTIONS Our services","_links":{"self":[{"href":"https:\/\/3ds-solutions.eu\/si\/wp-json\/wp\/v2\/pages\/78","targetHints":{"allow":["GET"]}}],"collection":[{"href":"https:\/\/3ds-solutions.eu\/si\/wp-json\/wp\/v2\/pages"}],"about":[{"href":"https:\/\/3ds-solutions.eu\/si\/wp-json\/wp\/v2\/types\/page"}],"author":[{"embeddable":true,"href":"https:\/\/3ds-solutions.eu\/si\/wp-json\/wp\/v2\/users\/1"}],"replies":[{"embeddable":true,"href":"https:\/\/3ds-solutions.eu\/si\/wp-json\/wp\/v2\/comments?post=78"}],"version-history":[{"count":40,"href":"https:\/\/3ds-solutions.eu\/si\/wp-json\/wp\/v2\/pages\/78\/revisions"}],"predecessor-version":[{"id":1079,"href":"https:\/\/3ds-solutions.eu\/si\/wp-json\/wp\/v2\/pages\/78\/revisions\/1079"}],"wp:attachment":[{"href":"https:\/\/3ds-solutions.eu\/si\/wp-json\/wp\/v2\/media?parent=78"}],"curies":[{"name":"wp","href":"https:\/\/api.w.org\/{rel}","templated":true}]}}