{"id":77,"date":"2022-10-17T07:03:13","date_gmt":"2022-10-17T07:03:13","guid":{"rendered":"http:\/\/3ds-solutions.eu\/services\/"},"modified":"2023-07-13T05:33:51","modified_gmt":"2023-07-13T05:33:51","slug":"services","status":"publish","type":"page","link":"https:\/\/3ds-solutions.eu\/si\/services\/","title":{"rendered":"Storitve"},"content":{"rendered":"<div class=\"wp-block-uagb-container uagb-block-8268efbe alignfull uagb-is-root-container\"><div class=\"uagb-container-inner-blocks-wrap\"><div class=\"wp-block-uagb-advanced-heading uagb-block-c4a6c857\"><h1 class=\"uagb-heading-text\">STORITVE<\/h1><\/div><\/div><\/div><div class=\"wp-block-uagb-container uagb-block-c986372c alignfull uagb-is-root-container\"><div class=\"uagb-container-inner-blocks-wrap\"><div class=\"wp-block-uagb-container uagb-block-91408d90\"><div class=\"wp-block-uagb-info-box uagb-block-22dc663f uagb-infobox__content-wrap  uagb-infobox-icon-above-title uagb-infobox-image-valign-top\"><div class=\"uagb-ifb-content\"><div class=\"uagb-ifb-title-wrap\"><h3 class=\"uagb-ifb-title\">3D skeniranje<\/h3><\/div><p class=\"uagb-ifb-desc\">Specializirani smo za zagotavljanje vrhunskih storitev 3D skeniranja. Z uporabo napredne tehnologije in strokovnega znanja ponujamo natan\u010dne in podrobne re\u0161itve 3D skeniranja za \u0161irok spekter industrij, kar na\u0161im strankam omogo\u010da digitalizacijo izdelkov z izjemno natan\u010dnostjo.<\/p><\/div><\/div><\/div>\n\n<div class=\"wp-block-uagb-container uagb-block-1fc5df77\"><div class=\"wp-block-uagb-image alignright uagb-block-3721a863 wp-block-uagb-image--layout-default wp-block-uagb-image--effect-static wp-block-uagb-image--align-right\"><figure class=\"wp-block-uagb-image__figure\"><img decoding=\"async\" srcset=\"https:\/\/3ds-solutions.eu\/wp-content\/uploads\/2023\/06\/3D_Scanning.jpg 1000w, https:\/\/3ds-solutions.eu\/wp-content\/uploads\/2023\/06\/3D_Scanning-600x600.jpg 600w, https:\/\/3ds-solutions.eu\/wp-content\/uploads\/2023\/06\/3D_Scanning-100x100.jpg 100w, https:\/\/3ds-solutions.eu\/wp-content\/uploads\/2023\/06\/3D_Scanning-300x300.jpg 300w, https:\/\/3ds-solutions.eu\/wp-content\/uploads\/2023\/06\/3D_Scanning-150x150.jpg 150w, https:\/\/3ds-solutions.eu\/wp-content\/uploads\/2023\/06\/3D_Scanning-768x768.jpg 768w, https:\/\/3ds-solutions.eu\/wp-content\/uploads\/2023\/06\/3D_Scanning-12x12.jpg 12w\" sizes=\"auto, (max-width: 480px) 150px\" src=\"https:\/\/3ds-solutions.eu\/wp-content\/uploads\/2023\/06\/3D_Scanning.jpg\" alt=\"3D Scanning\" class=\"uag-image-869\" width=\"400\" height=\"400\" title=\"\" loading=\"lazy\"\/><\/figure><\/div><\/div><\/div><\/div><div class=\"wp-block-uagb-container uagb-block-6815e60e alignfull uagb-is-root-container\"><div class=\"uagb-container-inner-blocks-wrap\"><div class=\"wp-block-uagb-container uagb-block-d8407ea8\"><div class=\"wp-block-uagb-image alignleft uagb-block-4b0b18ae wp-block-uagb-image--layout-default wp-block-uagb-image--effect-static wp-block-uagb-image--align-left\"><figure class=\"wp-block-uagb-image__figure\"><img decoding=\"async\" srcset=\"https:\/\/3ds-solutions.eu\/wp-content\/uploads\/2023\/06\/3D_Printing.jpg 1000w, https:\/\/3ds-solutions.eu\/wp-content\/uploads\/2023\/06\/3D_Printing-600x600.jpg 600w, https:\/\/3ds-solutions.eu\/wp-content\/uploads\/2023\/06\/3D_Printing-100x100.jpg 100w, https:\/\/3ds-solutions.eu\/wp-content\/uploads\/2023\/06\/3D_Printing-300x300.jpg 300w, https:\/\/3ds-solutions.eu\/wp-content\/uploads\/2023\/06\/3D_Printing-150x150.jpg 150w, https:\/\/3ds-solutions.eu\/wp-content\/uploads\/2023\/06\/3D_Printing-768x768.jpg 768w, https:\/\/3ds-solutions.eu\/wp-content\/uploads\/2023\/06\/3D_Printing-12x12.jpg 12w\" sizes=\"auto, (max-width: 480px) 150px\" src=\"https:\/\/3ds-solutions.eu\/wp-content\/uploads\/2023\/06\/3D_Printing.jpg\" alt=\"3D Printing\" class=\"uag-image-870\" width=\"400\" height=\"400\" title=\"\" loading=\"lazy\"\/><\/figure><\/div><\/div>\n\n<div class=\"wp-block-uagb-container uagb-block-4e1e2287\"><div class=\"wp-block-uagb-info-box uagb-block-59e7ac51 uagb-infobox__content-wrap  uagb-infobox-icon-above-title uagb-infobox-image-valign-top\"><div class=\"uagb-ifb-content\"><div class=\"uagb-ifb-title-wrap\"><h3 class=\"uagb-ifb-title\">3D tiskanje<\/h3><\/div><p class=\"uagb-ifb-desc\">Smo v ospredju 3D-tiskanja, saj uporabljamo najsodobnej\u0161o tehnologijo in strokovno znanje. Z na\u0161imi visokokakovostnimi 3D-tiskalniki in obse\u017eno izbiro materialov zagotavljamo zanesljive in u\u010dinkovite storitve 3D-tiskanja, s \u010dimer strankam pomagamo prenesti njihove ideje od koncepta do oprijemljivih izdelkov.<\/p><\/div><\/div><\/div><\/div><\/div><div class=\"wp-block-uagb-container uagb-block-e066778b alignfull uagb-is-root-container\"><div class=\"uagb-container-inner-blocks-wrap\"><div class=\"wp-block-uagb-container uagb-block-bc1206cd\"><div class=\"wp-block-uagb-info-box uagb-block-86c4cc71 uagb-infobox__content-wrap  uagb-infobox-icon-above-title uagb-infobox-image-valign-top\"><div class=\"uagb-ifb-content\"><div class=\"uagb-ifb-title-wrap\"><h3 class=\"uagb-ifb-title\">Prepoznavanje materialov<\/h3><\/div><p class=\"uagb-ifb-desc\">Zagotavljamo celovito in zanesljivo storitev identifikacije materialov, da na\u0161im strankam pomagamo pri natan\u010dnem in to\u010dnem prepoznavanju razli\u010dnih materialov. Z izkori\u0161\u010danjem naprednih analiti\u010dnih tehnik nudimo podrobno analizo in karakterizacijo materialov, kar podjetjem omogo\u010da sprejemanje premi\u0161ljenih odlo\u010ditev glede kakovosti izdelkov, sestave in primernosti za specifi\u010dne aplikacije.<\/p><\/div><\/div><\/div>\n\n<div class=\"wp-block-uagb-container uagb-block-460d2263\"><div class=\"wp-block-uagb-image alignright uagb-block-fe2a19c8 wp-block-uagb-image--layout-default wp-block-uagb-image--effect-static wp-block-uagb-image--align-right\"><figure class=\"wp-block-uagb-image__figure\"><img decoding=\"async\" srcset=\"https:\/\/3ds-solutions.eu\/wp-content\/uploads\/2023\/06\/identifying-materials.jpg 1000w, https:\/\/3ds-solutions.eu\/wp-content\/uploads\/2023\/06\/identifying-materials-600x600.jpg 600w, https:\/\/3ds-solutions.eu\/wp-content\/uploads\/2023\/06\/identifying-materials-100x100.jpg 100w, https:\/\/3ds-solutions.eu\/wp-content\/uploads\/2023\/06\/identifying-materials-300x300.jpg 300w, https:\/\/3ds-solutions.eu\/wp-content\/uploads\/2023\/06\/identifying-materials-150x150.jpg 150w, https:\/\/3ds-solutions.eu\/wp-content\/uploads\/2023\/06\/identifying-materials-768x768.jpg 768w, https:\/\/3ds-solutions.eu\/wp-content\/uploads\/2023\/06\/identifying-materials-12x12.jpg 12w\" sizes=\"auto, (max-width: 480px) 150px\" src=\"https:\/\/3ds-solutions.eu\/wp-content\/uploads\/2023\/06\/identifying-materials.jpg\" alt=\"Identifying materials\" class=\"uag-image-871\" width=\"400\" height=\"400\" title=\"\" loading=\"lazy\"\/><\/figure><\/div><\/div><\/div><\/div><div class=\"wp-block-uagb-container uagb-block-a02bd37d alignfull uagb-is-root-container\"><div class=\"uagb-container-inner-blocks-wrap\"><div class=\"wp-block-uagb-container uagb-block-2f402038\"><figure class=\"wp-block-embed is-type-video is-provider-youtube wp-block-embed-youtube wp-embed-aspect-16-9 wp-has-aspect-ratio\"><div class=\"wp-block-embed__wrapper\">\n<div class=\"ast-oembed-container\" style=\"height: 100%;\"><iframe loading=\"lazy\" title=\"CMM inspection of a Turbine blade\" width=\"500\" height=\"281\" src=\"https:\/\/www.youtube.com\/embed\/mZyhszUMfiA?feature=oembed\" frameborder=\"0\" allow=\"accelerometer; autoplay; clipboard-write; encrypted-media; gyroscope; picture-in-picture; web-share\" referrerpolicy=\"strict-origin-when-cross-origin\" allowfullscreen><\/iframe><\/div>\n<\/div><\/figure><\/div>\n\n<div class=\"wp-block-uagb-container uagb-block-3196c9cd\"><div class=\"wp-block-uagb-info-box uagb-block-f4b001ad uagb-infobox__content-wrap  uagb-infobox-icon-above-title uagb-infobox-image-valign-top\"><div class=\"uagb-ifb-content\"><div class=\"uagb-ifb-title-wrap\"><h3 class=\"uagb-ifb-title\">Natan\u010dne meritve<\/h3><\/div><p class=\"uagb-ifb-desc\">Z najsodobnej\u0161o opremo zagotovimo natan\u010dne meritve za \u0161irok spekter aplikacij. Z na\u0161o zavezanostjo k natan\u010dnosti in pozornosti do detajlov strankam zagotavljamo zanesljive podatke in natan\u010dne meritve do 0,001 mm, kar jim omogo\u010da, da sprejemajo odlo\u010ditve na podlagi informacij in dosegajo optimalne rezultate pri svojih projektih.<\/p><\/div><\/div><\/div><\/div><\/div><div class=\"wp-block-uagb-container uagb-block-3672a746 alignfull uagb-is-root-container\"><div class=\"uagb-container-inner-blocks-wrap\"><div class=\"wp-block-uagb-container uagb-block-016e6cfb\"><div class=\"wp-block-uagb-info-box uagb-block-35d3214d uagb-infobox__content-wrap  uagb-infobox-icon-above-title uagb-infobox-image-valign-top\"><div class=\"uagb-ifb-content\"><div class=\"uagb-ifb-title-wrap\"><h3 class=\"uagb-ifb-title\">Vzvratno in\u017eenirstvo<\/h3><\/div><p class=\"uagb-ifb-desc\">Ponujamo celovite storitve povratnega in\u017eeniringa z uporabo naprednih tehnologij in usposobljenih strokovnjakov za u\u010dinkovito in natan\u010dno poustvarjanje 3D modelov in CAD modelov iz obstoje\u010dih fizi\u010dnih predmetov. Model ustvarimo z 3D skenom in natan\u010dnimi meritvami, ki ga nato pretvorimo v CAD skico in nadaljujemo z razvojem potrebne tehni\u010dne dokumentacije.<br>Strankam pomagamo pri razumevanju sestavnih delov izdelkov, izbolj\u0161anju iteracij oblikovanja ter omogo\u010danju razvoja in inovacij novih izdelkov.<\/p><\/div><\/div><\/div>\n\n<div class=\"wp-block-uagb-container uagb-block-cddc9994\"><div class=\"wp-block-uagb-image alignright uagb-block-4ab949fa wp-block-uagb-image--layout-default wp-block-uagb-image--effect-static wp-block-uagb-image--align-right\"><figure class=\"wp-block-uagb-image__figure\"><img decoding=\"async\" srcset=\"https:\/\/3ds-solutions.eu\/wp-content\/uploads\/2023\/07\/reverseengineering.png 830w, https:\/\/3ds-solutions.eu\/wp-content\/uploads\/2023\/07\/reverseengineering-600x415.png 600w, https:\/\/3ds-solutions.eu\/wp-content\/uploads\/2023\/07\/reverseengineering-300x207.png 300w, https:\/\/3ds-solutions.eu\/wp-content\/uploads\/2023\/07\/reverseengineering-768x531.png 768w, https:\/\/3ds-solutions.eu\/wp-content\/uploads\/2023\/07\/reverseengineering-18x12.png 18w\" sizes=\"auto, (max-width: 480px) 150px\" src=\"https:\/\/3ds-solutions.eu\/wp-content\/uploads\/2023\/07\/reverseengineering.png\" alt=\"\" class=\"uag-image-1034\" width=\"830\" height=\"574\" title=\"\" loading=\"lazy\"\/><\/figure><\/div><\/div><\/div><\/div><div class=\"wp-block-uagb-container uagb-block-ecf00e17 alignfull uagb-is-root-container\"><div class=\"uagb-container-inner-blocks-wrap\"><div class=\"wp-block-uagb-container uagb-block-ca86b7b2\"><div class=\"wp-block-uagb-image uagb-block-18343e9d wp-block-uagb-image--layout-default wp-block-uagb-image--effect-static wp-block-uagb-image--align-none\"><figure class=\"wp-block-uagb-image__figure\"><img decoding=\"async\" srcset=\"\" sizes=\"auto, (max-width: 480px) 150px\" src=\"https:\/\/3ds-solutions.eu\/wp-content\/uploads\/2023\/07\/young-colleagues-working-together-cafe-1024x1024.jpg\" alt=\"\" class=\"uag-image-927\" width=\"400\" height=\"400\" title=\"\" loading=\"lazy\" data-srcset=\"\"\/><\/figure><\/div><\/div>\n\n<div class=\"wp-block-uagb-container uagb-block-4eed53cd\"><div class=\"wp-block-uagb-info-box uagb-block-65ee786c uagb-infobox__content-wrap  uagb-infobox-icon-above-title uagb-infobox-image-valign-top\"><div class=\"uagb-ifb-content\"><div class=\"uagb-ifb-title-wrap\"><h3 class=\"uagb-ifb-title\">Usposabljanja<\/h3><\/div><p class=\"uagb-ifb-desc\">Na\u0161i programi usposabljanja so zasnovani tako, da zaposlene opremijo z znanjem in ve\u0161\u010dinami, potrebnimi za odli\u010dnost v svojih vlogah. Z delavnicami, ki jih vodijo strokovnjaki, in prakti\u010dnimi usposabljanji zagotavljamo poglobljeno razumevanje najnovej\u0161ih tehnologij in najbolj\u0161ih praks v industriji.<\/p><\/div><\/div><\/div><\/div><\/div><div class=\"wp-block-uagb-container uagb-block-599c45d7 alignfull uagb-is-root-container\"><div class=\"uagb-container-inner-blocks-wrap\"><div class=\"wp-block-uagb-container uagb-block-f0a73057\"><div class=\"wp-block-uagb-info-box uagb-block-d1b36131 uagb-infobox__content-wrap  uagb-infobox-icon-above-title uagb-infobox-image-valign-top\"><div class=\"uagb-ifb-content\"><div class=\"uagb-ifb-title-wrap\"><h3 class=\"uagb-ifb-title\">Pomo\u010d pri proizvodnji<\/h3><\/div><p class=\"uagb-ifb-desc\">Strankamm nudimo pomo\u010d pri celotnem procesu in jih vodimo do kon\u010dnega izdelka. V sodelovanju s \u0161tevilnimi priznanimi proizvodnimi podjetji o\u017eivimo \u017eeljene izdelke naro\u010dnikov. Na\u0161a predana ekipa optimizira proizvodne procese, poenostavi delovne tokove in daje prednost nadzoru kakovosti za doseganje strogih standardov. Z na\u0161o podporo od za\u010detka do konca se lahko stranke zanesejo na nas, da bomo zagotavljali izjemne rezultate.<\/p><\/div><\/div><\/div>\n\n<div class=\"wp-block-uagb-container uagb-block-27543a15\"><div class=\"wp-block-uagb-image alignright uagb-block-c7e28776 wp-block-uagb-image--layout-default wp-block-uagb-image--effect-static wp-block-uagb-image--align-right\"><figure class=\"wp-block-uagb-image__figure\"><img decoding=\"async\" srcset=\"\" sizes=\"(max-width: 480px) 150px\" src=\"https:\/\/3ds-solutions.eu\/wp-content\/uploads\/2023\/07\/AssistingProduction-1024x684.jpg\" alt=\"\" class=\"uag-image-1076\" title=\"\" loading=\"lazy\" data-srcset=\"\"\/><\/figure><\/div><\/div><\/div><\/div><div class=\"wp-block-uagb-container uagb-block-2949a2f6 alignfull uagb-is-root-container\"><div class=\"uagb-container-inner-blocks-wrap\"><div class=\"wp-block-uagb-call-to-action uagb-block-2a87da8f wp-block-button\"><div class=\"uagb-cta__wrap\"><h2 class=\"uagb-cta__title\">KONTAKTIRAJTE NAS<\/h2><p class=\"uagb-cta__desc\">Imate vpra\u0161anja? Tukaj smo, da vam pomagamo.<\/p><\/div><div class=\"uagb-cta__buttons\"><a href=\"https:\/\/3ds-solutions.eu\/si\/contact\/\" class=\"uagb-cta__button-link-wrapper wp-block-button__link\" target=\"_self\" rel=\"noopener noreferrer\">STOPITE V STIK<\/a><\/div><\/div><\/div><\/div>","protected":false},"excerpt":{"rendered":"<p>STORITVE<\/p>","protected":false},"author":1,"featured_media":0,"parent":0,"menu_order":0,"comment_status":"closed","ping_status":"closed","template":"","meta":{"_uag_custom_page_level_css":"","site-sidebar-layout":"default","site-content-layout":"","ast-site-content-layout":"","site-content-style":"default","site-sidebar-style":"default","ast-global-header-display":"","ast-banner-title-visibility":"","ast-main-header-display":"","ast-hfb-above-header-display":"","ast-hfb-below-header-display":"","ast-hfb-mobile-header-display":"","site-post-title":"disabled","ast-breadcrumbs-content":"","ast-featured-img":"","footer-sml-layout":"","theme-transparent-header-meta":"enabled","adv-header-id-meta":"","stick-header-meta":"","header-above-stick-meta":"","header-main-stick-meta":"","header-below-stick-meta":"","astra-migrate-meta-layouts":"default","ast-page-background-enabled":"default","ast-page-background-meta":{"desktop":{"background-color":"var(--ast-global-color-4)","background-image":"","background-repeat":"repeat","background-position":"center center","background-size":"auto","background-attachment":"scroll","background-type":"","background-media":"","overlay-type":"","overlay-color":"","overlay-gradient":""},"tablet":{"background-color":"","background-image":"","background-repeat":"repeat","background-position":"center center","background-size":"auto","background-attachment":"scroll","background-type":"","background-media":"","overlay-type":"","overlay-color":"","overlay-gradient":""},"mobile":{"background-color":"","background-image":"","background-repeat":"repeat","background-position":"center center","background-size":"auto","background-attachment":"scroll","background-type":"","background-media":"","overlay-type":"","overlay-color":"","overlay-gradient":""}},"ast-content-background-meta":{"desktop":{"background-color":"var(--ast-global-color-5)","background-image":"","background-repeat":"repeat","background-position":"center center","background-size":"auto","background-attachment":"scroll","background-type":"","background-media":"","overlay-type":"","overlay-color":"","overlay-gradient":""},"tablet":{"background-color":"var(--ast-global-color-5)","background-image":"","background-repeat":"repeat","background-position":"center center","background-size":"auto","background-attachment":"scroll","background-type":"","background-media":"","overlay-type":"","overlay-color":"","overlay-gradient":""},"mobile":{"background-color":"var(--ast-global-color-5)","background-image":"","background-repeat":"repeat","background-position":"center center","background-size":"auto","background-attachment":"scroll","background-type":"","background-media":"","overlay-type":"","overlay-color":"","overlay-gradient":""}},"footnotes":""},"class_list":["post-77","page","type-page","status-publish","hentry"],"uagb_featured_image_src":{"full":false,"thumbnail":false,"medium":false,"medium_large":false,"large":false,"1536x1536":false,"2048x2048":false,"trp-custom-language-flag":false,"woocommerce_thumbnail":false,"woocommerce_single":false,"woocommerce_gallery_thumbnail":false},"uagb_author_info":{"display_name":"3D Solutions","author_link":"https:\/\/3ds-solutions.eu\/si\/author\/3dsol\/"},"uagb_comment_info":0,"uagb_excerpt":"SERVICES","_links":{"self":[{"href":"https:\/\/3ds-solutions.eu\/si\/wp-json\/wp\/v2\/pages\/77","targetHints":{"allow":["GET"]}}],"collection":[{"href":"https:\/\/3ds-solutions.eu\/si\/wp-json\/wp\/v2\/pages"}],"about":[{"href":"https:\/\/3ds-solutions.eu\/si\/wp-json\/wp\/v2\/types\/page"}],"author":[{"embeddable":true,"href":"https:\/\/3ds-solutions.eu\/si\/wp-json\/wp\/v2\/users\/1"}],"replies":[{"embeddable":true,"href":"https:\/\/3ds-solutions.eu\/si\/wp-json\/wp\/v2\/comments?post=77"}],"version-history":[{"count":21,"href":"https:\/\/3ds-solutions.eu\/si\/wp-json\/wp\/v2\/pages\/77\/revisions"}],"predecessor-version":[{"id":1231,"href":"https:\/\/3ds-solutions.eu\/si\/wp-json\/wp\/v2\/pages\/77\/revisions\/1231"}],"wp:attachment":[{"href":"https:\/\/3ds-solutions.eu\/si\/wp-json\/wp\/v2\/media?parent=77"}],"curies":[{"name":"wp","href":"https:\/\/api.w.org\/{rel}","templated":true}]}}