{"id":107,"date":"2022-10-17T07:27:30","date_gmt":"2022-10-17T07:27:30","guid":{"rendered":"http:\/\/3ds-solutions.eu\/about\/"},"modified":"2023-07-10T09:00:28","modified_gmt":"2023-07-10T09:00:28","slug":"about","status":"publish","type":"page","link":"https:\/\/3ds-solutions.eu\/si\/about\/","title":{"rendered":"O nas"},"content":{"rendered":"<div class=\"wp-block-uagb-container uagb-block-64285ce9 alignfull uagb-is-root-container\"><div class=\"uagb-container-inner-blocks-wrap\"><div class=\"wp-block-uagb-advanced-heading uagb-block-0baf65a1\"><h1 class=\"uagb-heading-text\">KDO SMO?<\/h1><\/div><\/div><\/div><div class=\"wp-block-uagb-container uagb-block-435998cc alignfull uagb-is-root-container\"><div class=\"uagb-container-inner-blocks-wrap\"><div class=\"wp-block-uagb-container uagb-block-d887b811\"><div class=\"wp-block-uagb-image uagb-block-dfa5712e wp-block-uagb-image--layout-default wp-block-uagb-image--effect-static wp-block-uagb-image--align-none\"><figure class=\"wp-block-uagb-image__figure\"><img decoding=\"async\" srcset=\"https:\/\/3ds-solutions.eu\/wp-content\/uploads\/2023\/07\/TehnoloskiParkMS.jpg 960w, https:\/\/3ds-solutions.eu\/wp-content\/uploads\/2023\/07\/TehnoloskiParkMS-600x338.jpg 600w, https:\/\/3ds-solutions.eu\/wp-content\/uploads\/2023\/07\/TehnoloskiParkMS-300x169.jpg 300w, https:\/\/3ds-solutions.eu\/wp-content\/uploads\/2023\/07\/TehnoloskiParkMS-768x432.jpg 768w, https:\/\/3ds-solutions.eu\/wp-content\/uploads\/2023\/07\/TehnoloskiParkMS-18x10.jpg 18w\" sizes=\"auto, (max-width: 480px) 150px\" src=\"https:\/\/3ds-solutions.eu\/wp-content\/uploads\/2023\/07\/TehnoloskiParkMS.jpg\" alt=\"\" class=\"uag-image-1026\" width=\"960\" height=\"540\" title=\"\" loading=\"lazy\"\/><\/figure><\/div>\n\n<div style=\"height:33px\" aria-hidden=\"true\" class=\"wp-block-spacer\"><\/div>\n\n<div \n\t\t\tclass=\"wp-block-uagb-google-map uagb-google-map__wrap uagb-block-25f791f2\"\n\t\t\tstyle=\"\" >\n\t\t\t\t<embed\n\t\t\t\t\tclass=\"uagb-google-map__iframe\"\n\t\t\t\t\ttitle=\"Google Map for \"\n\t\t\t\t\tsrc=\"https:\/\/maps.google.com\/maps?q=Pomurski%20tehnolo%C5%A1ki%20park&#038;z=9&#038;hl=en&#038;t=m&#038;output=embed&#038;iwloc=near\"\n\t\t\t\t\twidth=\"640\"\n\t\t\t\t\theight=\"300\"\n\t\t\t\t\tloading=\"lazy\"\n\t\t\t\t><\/embed>\n\t\t\t<\/div><\/div>\n\n<div class=\"wp-block-uagb-container uagb-block-6618cb72\"><p>3DS smo mlado in dinami\u010dno podjetje, ki so ga ustanovili trije biv\u0161i sodelavci s Fakultete za strojni\u0161tvo Univerze v Mariboru. S strastjo do inovacij in skupno vizijo smo se zbrali, da bi odgovorili na razvijajo\u010de se potrebe industrije, zlasti na podro\u010dju 3D-tiskanja, 3D-skeniranja in vzvratnega in\u017eeniringa.<\/p>\n\n<div style=\"height:45px\" aria-hidden=\"true\" class=\"wp-block-spacer\"><\/div>\n\n<p>Na\u0161e pisarne se nahajajo v 1. nadstropju Pomurskega tehnolo\u0161kega parka, natan\u010dneje v inkubatorju \u0161tevilka 10, med \u0161tevilnimi podobnimi mladimi visokotehnolo\u0161kimi podjetji.<\/p>\n\n<div style=\"height:40px\" aria-hidden=\"true\" class=\"wp-block-spacer\"><\/div>\n\n<p>Kot poznavalci industrije prepoznavamo vse ve\u010djo osredoto\u010denost na tehnologijo 3D tiskanja in njen ogromen potencial za razvoj razli\u010dnih sektorjev. Mo\u010dno verjamemo, da bo ta trend \u0161e naprej pridobival momentum in vplival na panoge dale\u010d naokoli. Ob zavedanju tega smo ugotovili klju\u010dno pomankljivost na trgu \u2013 odsotnost celovite re\u0161itve za vzvratno in\u017eenirstvo.<\/p><\/div><\/div><\/div><div class=\"wp-block-uagb-container uagb-block-f4172725 alignfull uagb-is-root-container\"><div class=\"uagb-container-inner-blocks-wrap\"><div class=\"wp-block-uagb-container uagb-block-d0468bc5\"><p>Z na\u0161im celostnim pristopom nudimo celoten nabor storitev in orodij, prilagojenih raznolikim potrebam na\u0161ih strank.<\/p>\n\n<div style=\"height:24px\" aria-hidden=\"true\" class=\"wp-block-spacer\"><\/div>\n\n<p>Na\u0161 proces se za\u010dne s 3D skeniranjem, ki mu sledijo natan\u010dne meritve za zagotovitev natan\u010dnosti. Skrbno ocenimo 3D sken, nato prepoznamo pomankljivosti in neskladja, da dose\u017eemo popoln in brezhiben model. V naslednjem koraku identificiramo uporabljene materiale in pripravimo podrobno tehni\u010dno dokumentacijo, ki omogo\u010da izdelavo \u017eelenega izdelka. To postane \u0161e posebej nepogre\u0161ljivo, ko imamo opravka s starej\u0161imi izdelki, ki niso ve\u010d v proizvodnji in zahtevajo ponovno izdelavo od za\u010detka.<\/p>\n\n<div style=\"height:24px\" aria-hidden=\"true\" class=\"wp-block-spacer\"><\/div>\n\n<p>Prav tako smo prepoznali nara\u0161\u010dajo\u010de povpra\u0161evanje \n po 3D tiskanju kovin in prepoznali njegov potencial.<\/p>\n\n<div style=\"height:24px\" aria-hidden=\"true\" class=\"wp-block-spacer\"><\/div>\n\n<p>Poleg na\u0161ih ponujenih storitev pa smo specializirani tudi za prodajo tehni\u010dne opreme. Svojim strankam nudimo strokovno svetovanje in predprodajno svetovanje, saj se zavedamo pomena izobra\u017eevanja in usposabljanja zaposlenih na tem podro\u010dju. Izvajamo prilagojene izobra\u017eevalne programe za zagotavljanje znanja upravljanja in dela s temi napravami. Za na\u0161e stranke smo tudi pripravljeni prevzeti celoten proces oblikovanja in izdelave izdelkov.<\/p><\/div>\n\n<div class=\"wp-block-uagb-container uagb-block-c17bf373\"><div class=\"wp-block-uagb-image uagb-block-82260c49 wp-block-uagb-image--layout-default wp-block-uagb-image--effect-static wp-block-uagb-image--align-none\"><figure class=\"wp-block-uagb-image__figure\"><img decoding=\"async\" srcset=\"\" sizes=\"auto, (max-width: 480px) 150px\" src=\"https:\/\/3ds-solutions.eu\/wp-content\/uploads\/2023\/07\/technical-drawing-g190be0cfb_1280-1024x682.jpg\" alt=\"\" class=\"uag-image-1015\" width=\"1024\" height=\"682\" title=\"\" loading=\"lazy\" data-srcset=\"\"\/><\/figure><\/div><\/div><\/div><\/div><div class=\"wp-block-uagb-separator uagb-block-060ed18a\"><div class=\"wp-block-uagb-separator__inner\" style=\"--my-background-image:\"><\/div><\/div><div class=\"wp-block-uagb-info-box uagb-block-e6e92750 uagb-infobox__content-wrap  uagb-infobox-icon-above-title uagb-infobox-image-valign-top\"><div class=\"uagb-ifb-content\"><div class=\"uagb-ifb-icon-wrap\"><svg xmlns=\"https:\/\/www.w3.org\/2000\/svg\" viewbox=\"0 0 512 512\"><path d=\"M0 256C0 114.6 114.6 0 256 0C397.4 0 512 114.6 512 256C512 397.4 397.4 512 256 512C114.6 512 0 397.4 0 256zM371.8 211.8C382.7 200.9 382.7 183.1 371.8 172.2C360.9 161.3 343.1 161.3 332.2 172.2L224 280.4L179.8 236.2C168.9 225.3 151.1 225.3 140.2 236.2C129.3 247.1 129.3 264.9 140.2 275.8L204.2 339.8C215.1 350.7 232.9 350.7 243.8 339.8L371.8 211.8z\"><\/path><\/svg><\/div><div class=\"uagb-ifb-title-wrap\"><h3 class=\"uagb-ifb-title\">3DS d.o.o.<\/h3><\/div><p class=\"uagb-ifb-desc\">Plese 9A<br>9000 Murska Sobota<br>Slovenija<br><br>Mail: info@3ds-solutions.eu<br><br>Registrirano pri Okro\u017enem sodi\u0161\u010du v Murski Soboti<br>Dav\u010dna \u0161tevilka: 78330157<br>Mati\u010dna \u0161tevilka: 9417559000<\/p><\/div><\/div><div class=\"wp-block-uagb-container uagb-block-e4a76904 alignfull uagb-is-root-container\"><div class=\"uagb-container-inner-blocks-wrap\"><div class=\"wp-block-uagb-call-to-action uagb-block-a4598f3e wp-block-button\"><div class=\"uagb-cta__wrap\"><h2 class=\"uagb-cta__title\">KONTAKTIRAJTE NAS<\/h2><p class=\"uagb-cta__desc\">Imate vpra\u0161anja? Tukaj smo, da vam pomagamo.<\/p><\/div><div class=\"uagb-cta__buttons\"><a href=\"https:\/\/3ds-solutions.eu\/si\/contact\/\" class=\"uagb-cta__button-link-wrapper wp-block-button__link\" target=\"_self\" rel=\"noopener noreferrer\">STOPITE V STIK<\/a><\/div><\/div><\/div><\/div>","protected":false},"excerpt":{"rendered":"<p>WHO ARE WE? At 3DS, we are a young and dynamic company founded by three ex-coworkers from the Faculty of Mechanical Engineering at the University of Maribor. With a passion for innovation and a shared vision, we have come together to address the evolving needs of the industry, particularly in the realm of 3D printing, [&hellip;]<\/p>","protected":false},"author":1,"featured_media":0,"parent":0,"menu_order":0,"comment_status":"closed","ping_status":"closed","template":"","meta":{"_uag_custom_page_level_css":"","site-sidebar-layout":"default","site-content-layout":"","ast-site-content-layout":"","site-content-style":"default","site-sidebar-style":"default","ast-global-header-display":"","ast-banner-title-visibility":"","ast-main-header-display":"","ast-hfb-above-header-display":"","ast-hfb-below-header-display":"","ast-hfb-mobile-header-display":"","site-post-title":"disabled","ast-breadcrumbs-content":"","ast-featured-img":"","footer-sml-layout":"","theme-transparent-header-meta":"enabled","adv-header-id-meta":"","stick-header-meta":"","header-above-stick-meta":"","header-main-stick-meta":"","header-below-stick-meta":"","astra-migrate-meta-layouts":"default","ast-page-background-enabled":"default","ast-page-background-meta":{"desktop":{"background-color":"var(--ast-global-color-4)","background-image":"","background-repeat":"repeat","background-position":"center center","background-size":"auto","background-attachment":"scroll","background-type":"","background-media":"","overlay-type":"","overlay-color":"","overlay-gradient":""},"tablet":{"background-color":"","background-image":"","background-repeat":"repeat","background-position":"center center","background-size":"auto","background-attachment":"scroll","background-type":"","background-media":"","overlay-type":"","overlay-color":"","overlay-gradient":""},"mobile":{"background-color":"","background-image":"","background-repeat":"repeat","background-position":"center center","background-size":"auto","background-attachment":"scroll","background-type":"","background-media":"","overlay-type":"","overlay-color":"","overlay-gradient":""}},"ast-content-background-meta":{"desktop":{"background-color":"var(--ast-global-color-5)","background-image":"","background-repeat":"repeat","background-position":"center center","background-size":"auto","background-attachment":"scroll","background-type":"","background-media":"","overlay-type":"","overlay-color":"","overlay-gradient":""},"tablet":{"background-color":"var(--ast-global-color-5)","background-image":"","background-repeat":"repeat","background-position":"center center","background-size":"auto","background-attachment":"scroll","background-type":"","background-media":"","overlay-type":"","overlay-color":"","overlay-gradient":""},"mobile":{"background-color":"var(--ast-global-color-5)","background-image":"","background-repeat":"repeat","background-position":"center center","background-size":"auto","background-attachment":"scroll","background-type":"","background-media":"","overlay-type":"","overlay-color":"","overlay-gradient":""}},"footnotes":""},"class_list":["post-107","page","type-page","status-publish","hentry"],"uagb_featured_image_src":{"full":false,"thumbnail":false,"medium":false,"medium_large":false,"large":false,"1536x1536":false,"2048x2048":false,"trp-custom-language-flag":false,"woocommerce_thumbnail":false,"woocommerce_single":false,"woocommerce_gallery_thumbnail":false},"uagb_author_info":{"display_name":"3D Solutions","author_link":"https:\/\/3ds-solutions.eu\/si\/author\/3dsol\/"},"uagb_comment_info":0,"uagb_excerpt":"WHO ARE WE? At 3DS, we are a young and dynamic company founded by three ex-coworkers from the Faculty of Mechanical Engineering at the University of Maribor. With a passion for innovation and a shared vision, we have come together to address the evolving needs of the industry, particularly in the realm of 3D printing,&hellip;","_links":{"self":[{"href":"https:\/\/3ds-solutions.eu\/si\/wp-json\/wp\/v2\/pages\/107","targetHints":{"allow":["GET"]}}],"collection":[{"href":"https:\/\/3ds-solutions.eu\/si\/wp-json\/wp\/v2\/pages"}],"about":[{"href":"https:\/\/3ds-solutions.eu\/si\/wp-json\/wp\/v2\/types\/page"}],"author":[{"embeddable":true,"href":"https:\/\/3ds-solutions.eu\/si\/wp-json\/wp\/v2\/users\/1"}],"replies":[{"embeddable":true,"href":"https:\/\/3ds-solutions.eu\/si\/wp-json\/wp\/v2\/comments?post=107"}],"version-history":[{"count":23,"href":"https:\/\/3ds-solutions.eu\/si\/wp-json\/wp\/v2\/pages\/107\/revisions"}],"predecessor-version":[{"id":1074,"href":"https:\/\/3ds-solutions.eu\/si\/wp-json\/wp\/v2\/pages\/107\/revisions\/1074"}],"wp:attachment":[{"href":"https:\/\/3ds-solutions.eu\/si\/wp-json\/wp\/v2\/media?parent=107"}],"curies":[{"name":"wp","href":"https:\/\/api.w.org\/{rel}","templated":true}]}}